{"id":213662,"date":"2021-05-13T16:16:07","date_gmt":"2021-05-13T15:16:07","guid":{"rendered":"https:\/\/ionscience.com\/detecteurs-de-gaz-et-de-fuites\/detecteurs-de-gaz-portatifs\/"},"modified":"2021-08-09T14:11:48","modified_gmt":"2021-08-09T13:11:48","slug":"detecteurs-de-gaz-portatifs","status":"publish","type":"page","link":"https:\/\/ionscience.com\/fr\/detecteurs-de-gaz-et-de-fuites\/detecteurs-de-gaz-portatifs\/","title":{"rendered":"D\u00e9tecteurs de gaz portatifs"},"content":{"rendered":"[vc_row type=&#8221;in_container&#8221; full_screen_row_position=&#8221;middle&#8221; column_margin=&#8221;default&#8221; column_direction=&#8221;default&#8221; column_direction_tablet=&#8221;default&#8221; column_direction_phone=&#8221;default&#8221; scene_position=&#8221;center&#8221; top_padding=&#8221;3%&#8221; text_color=&#8221;dark&#8221; text_align=&#8221;left&#8221; row_border_radius=&#8221;none&#8221; row_border_radius_applies=&#8221;bg&#8221; overlay_strength=&#8221;0.3&#8243; gradient_direction=&#8221;left_to_right&#8221; shape_divider_position=&#8221;bottom&#8221; bg_image_animation=&#8221;none&#8221; shape_type=&#8221;&#8221;][vc_column column_padding=&#8221;no-extra-padding&#8221; column_padding_tablet=&#8221;inherit&#8221; column_padding_phone=&#8221;inherit&#8221; column_padding_position=&#8221;all&#8221; background_color_opacity=&#8221;1&#8243; background_hover_color_opacity=&#8221;1&#8243; column_shadow=&#8221;none&#8221; column_border_radius=&#8221;none&#8221; column_link_target=&#8221;_self&#8221; gradient_direction=&#8221;left_to_right&#8221; overlay_strength=&#8221;0.3&#8243; width=&#8221;2\/3&#8243; tablet_width_inherit=&#8221;default&#8221; tablet_text_alignment=&#8221;default&#8221; phone_text_alignment=&#8221;default&#8221; column_border_width=&#8221;none&#8221; column_border_style=&#8221;solid&#8221; bg_image_animation=&#8221;none&#8221;][vc_column_text]\n<h1>D\u00e9tecteurs de gaz portatifs<\/h1>\n<p>Les d\u00e9tecteurs de gaz personnels prot\u00e8gent les travailleurs des dangers atmosph\u00e9riques en surveillant en permanence la zone de respiration de l&#8217;utilisateur. Notre gamme de d\u00e9tecteurs et de moniteurs de gaz personnels vous permettra de travailler dans les environnements les plus difficiles, notamment des zones dangereuses et des espaces confin\u00e9s.[\/vc_column_text][\/vc_column][vc_column column_padding=&#8221;no-extra-padding&#8221; column_padding_tablet=&#8221;inherit&#8221; column_padding_phone=&#8221;inherit&#8221; column_padding_position=&#8221;all&#8221; background_color_opacity=&#8221;1&#8243; background_hover_color_opacity=&#8221;1&#8243; column_shadow=&#8221;none&#8221; column_border_radius=&#8221;none&#8221; column_link_target=&#8221;_self&#8221; gradient_direction=&#8221;left_to_right&#8221; overlay_strength=&#8221;0.3&#8243; width=&#8221;1\/3&#8243; tablet_width_inherit=&#8221;default&#8221; tablet_text_alignment=&#8221;default&#8221; phone_text_alignment=&#8221;default&#8221; column_border_width=&#8221;none&#8221; column_border_style=&#8221;solid&#8221; bg_image_animation=&#8221;none&#8221;][\/vc_column][\/vc_row][vc_row type=&#8221;in_container&#8221; full_screen_row_position=&#8221;middle&#8221; column_margin=&#8221;default&#8221; column_direction=&#8221;default&#8221; column_direction_tablet=&#8221;column_reverse&#8221; column_direction_phone=&#8221;column_reverse&#8221; scene_position=&#8221;center&#8221; bottom_padding=&#8221;3%&#8221; text_color=&#8221;dark&#8221; text_align=&#8221;left&#8221; row_border_radius=&#8221;none&#8221; row_border_radius_applies=&#8221;bg&#8221; overlay_strength=&#8221;0.3&#8243; gradient_direction=&#8221;left_to_right&#8221; shape_divider_position=&#8221;bottom&#8221; bg_image_animation=&#8221;none&#8221; shape_type=&#8221;&#8221;][vc_column column_padding=&#8221;no-extra-padding&#8221; column_padding_tablet=&#8221;inherit&#8221; column_padding_phone=&#8221;inherit&#8221; column_padding_position=&#8221;all&#8221; background_color_opacity=&#8221;1&#8243; background_hover_color_opacity=&#8221;1&#8243; column_shadow=&#8221;none&#8221; column_border_radius=&#8221;none&#8221; column_link_target=&#8221;_self&#8221; gradient_direction=&#8221;left_to_right&#8221; overlay_strength=&#8221;0.3&#8243; width=&#8221;1\/4&#8243; tablet_width_inherit=&#8221;default&#8221; tablet_text_alignment=&#8221;default&#8221; phone_text_alignment=&#8221;default&#8221; column_border_width=&#8221;none&#8221; column_border_style=&#8221;solid&#8221; bg_image_animation=&#8221;none&#8221;][vc_wp_custommenu nav_menu=&#8221;199&#8243;][\/vc_column][vc_column column_padding=&#8221;no-extra-padding&#8221; column_padding_tablet=&#8221;inherit&#8221; column_padding_phone=&#8221;inherit&#8221; column_padding_position=&#8221;all&#8221; bottom_margin=&#8221;20&#8243; background_color_opacity=&#8221;1&#8243; background_hover_color_opacity=&#8221;1&#8243; column_shadow=&#8221;none&#8221; column_border_radius=&#8221;none&#8221; column_link_target=&#8221;_self&#8221; gradient_direction=&#8221;left_to_right&#8221; overlay_strength=&#8221;0.3&#8243; width=&#8221;3\/4&#8243; tablet_width_inherit=&#8221;default&#8221; tablet_text_alignment=&#8221;default&#8221; phone_text_alignment=&#8221;default&#8221; column_border_width=&#8221;none&#8221; column_border_style=&#8221;solid&#8221; bg_image_animation=&#8221;none&#8221;][vc_row_inner column_margin=&#8221;default&#8221; column_direction=&#8221;default&#8221; column_direction_tablet=&#8221;default&#8221; column_direction_phone=&#8221;default&#8221; text_align=&#8221;left&#8221;][vc_column_inner column_padding=&#8221;no-extra-padding&#8221; column_padding_tablet=&#8221;inherit&#8221; column_padding_phone=&#8221;inherit&#8221; column_padding_position=&#8221;all&#8221; background_color_opacity=&#8221;1&#8243; background_hover_color_opacity=&#8221;1&#8243; column_shadow=&#8221;none&#8221; column_border_radius=&#8221;none&#8221; column_link_target=&#8221;_self&#8221; gradient_direction=&#8221;left_to_right&#8221; overlay_strength=&#8221;0.3&#8243; width=&#8221;1\/1&#8243; tablet_width_inherit=&#8221;default&#8221; column_border_width=&#8221;none&#8221; column_border_style=&#8221;solid&#8221; bg_image_animation=&#8221;none&#8221;]\n\n<div class=\"wrapper widget-wrapper\">\n\n\t\n\n\t\n\t\n\t\n\t\t\t<div class=\"custom-grid-3-2-1\">\n\t\t\t\n\t\t\t\t\t<div class=\"item\">\n\t\t\t\t\t\t\t<div class=\"featured-image-wrap\">\n\t\t\t\t\t\t\t\t\t\t\t\t\t\t\t\t\t<a href=\"https:\/\/ionscience.com\/fr\/produits\/detecteur-multigaz-ara-x4\/\" title=\"D\u00e9tecteur multigaz ARA-X4\"><img decoding=\"async\" class=\"featured-image\" src=\"https:\/\/e7552ege7qf.exactdn.com\/wp-content\/uploads\/2025\/04\/ARA-X4-Worker.png?strip=all\" \/><\/a>\n\t\t\t\t\t\t\t\t\t\t\t\t\t\t\t<\/div><!-- \/.featured-image-wrap -->\n\n\t\t\t\t\t\t\t<div class=\"item-content-wrapper\">\n\t\t\t\t\t\t\t\t<h5>\t<a href=\"https:\/\/ionscience.com\/fr\/produits\/detecteur-multigaz-ara-x4\/\" title=\"D\u00e9tecteur multigaz ARA-X4\">D\u00e9tecteur multigaz ARA-X4<\/a><\/h5>\n\n\t\t\t\t\t\t\t\t<div class=\"item-content\">\n\t\t\t\t\t\t\t\t\t\t\t\t\t\t\t\t\t\t\t<p>Un d\u00e9tecteur multigaz robuste, offrant une protection in\u00e9gal\u00e9e et une s\u00e9curit\u00e9 accrue des travailleurs dans de nombreux environnements.<\/p>\n\t\t\t\t\t\t\t\t\t\t\t\t\t\t\t\t\t<\/div>\n\n                <a class=\"nectar-button large see-through accent-color\" style=\"visibility: visible; color: rgb(0, 0, 0); border-color: rgba(0, 0, 0, 0.75);\" href=\"https:\/\/ionscience.com\/fr\/produits\/detecteur-multigaz-ara-x4\/\" data-color-override=\"false\" data-hover-color-override=\"false\" data-hover-text-color-override=\"#fff\"><span>Product Details<\/span><\/a>\n\n\t\t\t\t\t\t\t<\/div><!-- \/.item-content -->\n\n\t\t\t\t\t<\/div><!-- \/.item -->\n\n\t\t\t\n\t\t\t\t\t<div class=\"item\">\n\t\t\t\t\t\t\t<div class=\"featured-image-wrap\">\n\t\t\t\t\t\t\t\t\t\t\t\t\t\t\t\t\t<a href=\"https:\/\/ionscience.com\/fr\/produits\/detecteur-personnel-de-gaz-benzene-cub-tac-100-ev\/\" title=\"D\u00e9tecteur de gaz personnel Cub TAC 10.0 eV\"><img decoding=\"async\" class=\"featured-image\" src=\"https:\/\/e7552ege7qf.exactdn.com\/wp-content\/uploads\/2021\/06\/Cub-TAC-feature-image-400x300.jpg?strip=all\" \/><\/a>\n\t\t\t\t\t\t\t\t\t\t\t\t\t\t\t<\/div><!-- \/.featured-image-wrap -->\n\n\t\t\t\t\t\t\t<div class=\"item-content-wrapper\">\n\t\t\t\t\t\t\t\t<h5>\t<a href=\"https:\/\/ionscience.com\/fr\/produits\/detecteur-personnel-de-gaz-benzene-cub-tac-100-ev\/\" title=\"D\u00e9tecteur de gaz personnel Cub TAC 10.0 eV\">D\u00e9tecteur de gaz personnel Cub TAC 10.0 eV<\/a><\/h5>\n\n\t\t\t\t\t\t\t\t<div class=\"item-content\">\n\t\t\t\t\t\t\t\t\t\t\t\t\t\t\t\t\t\t\t<p>Moniteur personnel de gaz compos\u00e9s aromatiques totaux Cub TAC 10,0 eV pour une d\u00e9tection rapide et pr\u00e9cise des compos\u00e9s aromatiques totaux, garantissant votre s\u00e9curit\u00e9 au travail.<\/p>\n\t\t\t\t\t\t\t\t\t\t\t\t\t\t\t\t\t<\/div>\n\n                <a class=\"nectar-button large see-through accent-color\" style=\"visibility: visible; color: rgb(0, 0, 0); border-color: rgba(0, 0, 0, 0.75);\" href=\"https:\/\/ionscience.com\/fr\/produits\/detecteur-personnel-de-gaz-benzene-cub-tac-100-ev\/\" data-color-override=\"false\" data-hover-color-override=\"false\" data-hover-text-color-override=\"#fff\"><span>Product Details<\/span><\/a>\n\n\t\t\t\t\t\t\t<\/div><!-- \/.item-content -->\n\n\t\t\t\t\t<\/div><!-- \/.item -->\n\n\t\t\t\n\t\t\t\t\t<div class=\"item\">\n\t\t\t\t\t\t\t<div class=\"featured-image-wrap\">\n\t\t\t\t\t\t\t\t\t\t\t\t\t\t\t\t\t<a href=\"https:\/\/ionscience.com\/fr\/produits\/moniteur-personnel-de-gaz-cov-cub-117-ev\/\" title=\"Moniteur personnel de gaz COV Cub 11,7 eV\"><img decoding=\"async\" class=\"featured-image\" src=\"https:\/\/e7552ege7qf.exactdn.com\/wp-content\/uploads\/2021\/06\/cub_11.7_personal_voc_gas_monitor_feature_image-1-400x300.jpg?strip=all\" \/><\/a>\n\t\t\t\t\t\t\t\t\t\t\t\t\t\t\t<\/div><!-- \/.featured-image-wrap -->\n\n\t\t\t\t\t\t\t<div class=\"item-content-wrapper\">\n\t\t\t\t\t\t\t\t<h5>\t<a href=\"https:\/\/ionscience.com\/fr\/produits\/moniteur-personnel-de-gaz-cov-cub-117-ev\/\" title=\"Moniteur personnel de gaz COV Cub 11,7 eV\">Moniteur personnel de gaz COV Cub 11,7 eV<\/a><\/h5>\n\n\t\t\t\t\t\t\t\t<div class=\"item-content\">\n\t\t\t\t\t\t\t\t\t\t\t\t\t\t\t\t\t\t\t<p>Le moniteur de gaz COV personnel Cub 11,7 eV est port\u00e9 dans la zone de respiration pour d\u00e9tecter les gaz qui n\u00e9cessitent une production d'\u00e9nergie plus \u00e9lev\u00e9e.<\/p>\n\t\t\t\t\t\t\t\t\t\t\t\t\t\t\t\t\t<\/div>\n\n                <a class=\"nectar-button large see-through accent-color\" style=\"visibility: visible; color: rgb(0, 0, 0); border-color: rgba(0, 0, 0, 0.75);\" href=\"https:\/\/ionscience.com\/fr\/produits\/moniteur-personnel-de-gaz-cov-cub-117-ev\/\" data-color-override=\"false\" data-hover-color-override=\"false\" data-hover-text-color-override=\"#fff\"><span>Product Details<\/span><\/a>\n\n\t\t\t\t\t\t\t<\/div><!-- \/.item-content -->\n\n\t\t\t\t\t<\/div><!-- \/.item -->\n\n\t\t\t\n\t\t\t\t\t<div class=\"item\">\n\t\t\t\t\t\t\t<div class=\"featured-image-wrap\">\n\t\t\t\t\t\t\t\t\t\t\t\t\t\t\t\t\t<a href=\"https:\/\/ionscience.com\/fr\/produits\/detecteur-personnel-de-gaz-cov-cub-106-ev\/\" title=\"D\u00e9tecteur personnel de gaz COV Cub 10,6 eV\"><img decoding=\"async\" class=\"featured-image\" src=\"https:\/\/e7552ege7qf.exactdn.com\/wp-content\/uploads\/2021\/06\/cub_voc_detector-1-400x300.jpg?strip=all\" \/><\/a>\n\t\t\t\t\t\t\t\t\t\t\t\t\t\t\t<\/div><!-- \/.featured-image-wrap -->\n\n\t\t\t\t\t\t\t<div class=\"item-content-wrapper\">\n\t\t\t\t\t\t\t\t<h5>\t<a href=\"https:\/\/ionscience.com\/fr\/produits\/detecteur-personnel-de-gaz-cov-cub-106-ev\/\" title=\"D\u00e9tecteur personnel de gaz COV Cub 10,6 eV\">D\u00e9tecteur personnel de gaz COV Cub 10,6 eV<\/a><\/h5>\n\n\t\t\t\t\t\t\t\t<div class=\"item-content\">\n\t\t\t\t\t\t\t\t\t\t\t\t\t\t\t\t\t\t\t<p>Le d\u00e9tecteur de gaz COV personnel Cub 10.6 eV est port\u00e9 dans la zone de respiration pour d\u00e9tecter les compos\u00e9s organiques volatils, vous assurant ainsi votre s\u00e9curit\u00e9 dans votre environnement de travail.<\/p>\n\t\t\t\t\t\t\t\t\t\t\t\t\t\t\t\t\t<\/div>\n\n                <a class=\"nectar-button large see-through accent-color\" style=\"visibility: visible; color: rgb(0, 0, 0); border-color: rgba(0, 0, 0, 0.75);\" href=\"https:\/\/ionscience.com\/fr\/produits\/detecteur-personnel-de-gaz-cov-cub-106-ev\/\" data-color-override=\"false\" data-hover-color-override=\"false\" data-hover-text-color-override=\"#fff\"><span>Product Details<\/span><\/a>\n\n\t\t\t\t\t\t\t<\/div><!-- \/.item-content -->\n\n\t\t\t\t\t<\/div><!-- \/.item -->\n\n\t\t\t\n\t\t\t\t\t<div class=\"item\">\n\t\t\t\t\t\t\t<div class=\"featured-image-wrap\">\n\t\t\t\t\t\t\t\t\t\t\t\t\t\t\t\t\t<a href=\"https:\/\/ionscience.com\/fr\/produits\/detecteur-monogaz-ara-o2\/\" title=\"D\u00e9tecteur monogaz ARA O2\"><img decoding=\"async\" class=\"featured-image\" src=\"https:\/\/e7552ege7qf.exactdn.com\/wp-content\/uploads\/2021\/06\/o2_gas_detector-1-400x300.jpg?strip=all\" \/><\/a>\n\t\t\t\t\t\t\t\t\t\t\t\t\t\t\t<\/div><!-- \/.featured-image-wrap -->\n\n\t\t\t\t\t\t\t<div class=\"item-content-wrapper\">\n\t\t\t\t\t\t\t\t<h5>\t<a href=\"https:\/\/ionscience.com\/fr\/produits\/detecteur-monogaz-ara-o2\/\" title=\"D\u00e9tecteur monogaz ARA O2\">D\u00e9tecteur monogaz ARA O2<\/a><\/h5>\n\n\t\t\t\t\t\t\t\t<div class=\"item-content\">\n\t\t\t\t\t\t\t\t\t\t\t\t\t\t\t\t\t\t\t<p>ARA O2 est un d\u00e9tecteur de gaz unique portable et jetable qui fournit des alarmes instantan\u00e9es pour les sc\u00e9narios de s\u00e9curit\u00e9 critiques pour la vie.<\/p>\n\t\t\t\t\t\t\t\t\t\t\t\t\t\t\t\t\t<\/div>\n\n                <a class=\"nectar-button large see-through accent-color\" style=\"visibility: visible; color: rgb(0, 0, 0); border-color: rgba(0, 0, 0, 0.75);\" href=\"https:\/\/ionscience.com\/fr\/produits\/detecteur-monogaz-ara-o2\/\" data-color-override=\"false\" data-hover-color-override=\"false\" data-hover-text-color-override=\"#fff\"><span>Product Details<\/span><\/a>\n\n\t\t\t\t\t\t\t<\/div><!-- \/.item-content -->\n\n\t\t\t\t\t<\/div><!-- \/.item -->\n\n\t\t\t\n\t\t\t\t\t<div class=\"item\">\n\t\t\t\t\t\t\t<div class=\"featured-image-wrap\">\n\t\t\t\t\t\t\t\t\t\t\t\t\t\t\t\t\t<a href=\"https:\/\/ionscience.com\/fr\/produits\/detecteur-monogaz-ara-so2\/\" title=\"D\u00e9tecteur monogaz ARA SO2\"><img decoding=\"async\" class=\"featured-image\" src=\"https:\/\/e7552ege7qf.exactdn.com\/wp-content\/uploads\/2020\/07\/ara_so2_detector-400x300-1.png?strip=all\" \/><\/a>\n\t\t\t\t\t\t\t\t\t\t\t\t\t\t\t<\/div><!-- \/.featured-image-wrap -->\n\n\t\t\t\t\t\t\t<div class=\"item-content-wrapper\">\n\t\t\t\t\t\t\t\t<h5>\t<a href=\"https:\/\/ionscience.com\/fr\/produits\/detecteur-monogaz-ara-so2\/\" title=\"D\u00e9tecteur monogaz ARA SO2\">D\u00e9tecteur monogaz ARA SO2<\/a><\/h5>\n\n\t\t\t\t\t\t\t\t<div class=\"item-content\">\n\t\t\t\t\t\t\t\t\t\t\t\t\t\t\t\t\t\t\t<p>ARA SO2 est un d\u00e9tecteur de gaz unique portable et jetable qui fournit des alarmes instantan\u00e9es pour les sc\u00e9narios de s\u00e9curit\u00e9 critiques pour la vie.<\/p>\n\t\t\t\t\t\t\t\t\t\t\t\t\t\t\t\t\t<\/div>\n\n                <a class=\"nectar-button large see-through accent-color\" style=\"visibility: visible; color: rgb(0, 0, 0); border-color: rgba(0, 0, 0, 0.75);\" href=\"https:\/\/ionscience.com\/fr\/produits\/detecteur-monogaz-ara-so2\/\" data-color-override=\"false\" data-hover-color-override=\"false\" data-hover-text-color-override=\"#fff\"><span>Product Details<\/span><\/a>\n\n\t\t\t\t\t\t\t<\/div><!-- \/.item-content -->\n\n\t\t\t\t\t<\/div><!-- \/.item -->\n\n\t\t\t\n\t\t\t\t\t<div class=\"item\">\n\t\t\t\t\t\t\t<div class=\"featured-image-wrap\">\n\t\t\t\t\t\t\t\t\t\t\t\t\t\t\t\t\t<a href=\"https:\/\/ionscience.com\/fr\/produits\/detecteur-monogaz-h2s\/\" title=\"D\u00e9tecteur monogaz H2S\"><img decoding=\"async\" class=\"featured-image\" src=\"https:\/\/e7552ege7qf.exactdn.com\/wp-content\/uploads\/2020\/07\/ara_h2s_detector-400x300-1.png?strip=all\" \/><\/a>\n\t\t\t\t\t\t\t\t\t\t\t\t\t\t\t<\/div><!-- \/.featured-image-wrap -->\n\n\t\t\t\t\t\t\t<div class=\"item-content-wrapper\">\n\t\t\t\t\t\t\t\t<h5>\t<a href=\"https:\/\/ionscience.com\/fr\/produits\/detecteur-monogaz-h2s\/\" title=\"D\u00e9tecteur monogaz H2S\">D\u00e9tecteur monogaz H2S<\/a><\/h5>\n\n\t\t\t\t\t\t\t\t<div class=\"item-content\">\n\t\t\t\t\t\t\t\t\t\t\t\t\t\t\t\t\t\t\t<p>ARA H2S est un d\u00e9tecteur de gaz unique portable et jetable qui fournit des alarmes instantan\u00e9es pour les sc\u00e9narios de s\u00e9curit\u00e9 critiques pour la vie.<\/p>\n\t\t\t\t\t\t\t\t\t\t\t\t\t\t\t\t\t<\/div>\n\n                <a class=\"nectar-button large see-through accent-color\" style=\"visibility: visible; color: rgb(0, 0, 0); border-color: rgba(0, 0, 0, 0.75);\" href=\"https:\/\/ionscience.com\/fr\/produits\/detecteur-monogaz-h2s\/\" data-color-override=\"false\" data-hover-color-override=\"false\" data-hover-text-color-override=\"#fff\"><span>Product Details<\/span><\/a>\n\n\t\t\t\t\t\t\t<\/div><!-- \/.item-content -->\n\n\t\t\t\t\t<\/div><!-- \/.item -->\n\n\t\t\t\n\t\t\t\t\t<div class=\"item\">\n\t\t\t\t\t\t\t<div class=\"featured-image-wrap\">\n\t\t\t\t\t\t\t\t\t\t\t\t\t\t\t\t\t<a href=\"https:\/\/ionscience.com\/fr\/produits\/detecteur-monogaz-ara-co\/\" title=\"D\u00e9tecteur monogaz ARA CO\"><img decoding=\"async\" class=\"featured-image\" src=\"https:\/\/e7552ege7qf.exactdn.com\/wp-content\/uploads\/2021\/06\/c0_gas_detector-400x300.png?strip=all\" \/><\/a>\n\t\t\t\t\t\t\t\t\t\t\t\t\t\t\t<\/div><!-- \/.featured-image-wrap -->\n\n\t\t\t\t\t\t\t<div class=\"item-content-wrapper\">\n\t\t\t\t\t\t\t\t<h5>\t<a href=\"https:\/\/ionscience.com\/fr\/produits\/detecteur-monogaz-ara-co\/\" title=\"D\u00e9tecteur monogaz ARA CO\">D\u00e9tecteur monogaz ARA CO<\/a><\/h5>\n\n\t\t\t\t\t\t\t\t<div class=\"item-content\">\n\t\t\t\t\t\t\t\t\t\t\t\t\t\t\t\t\t\t\t<p>Ara CO est un d\u00e9tecteur de gaz unique portable et jetable qui fournit des alarmes instantan\u00e9es pour les sc\u00e9narios de s\u00e9curit\u00e9 critiques pour la vie.<\/p>\n\t\t\t\t\t\t\t\t\t\t\t\t\t\t\t\t\t<\/div>\n\n                <a class=\"nectar-button large see-through accent-color\" style=\"visibility: visible; color: rgb(0, 0, 0); border-color: rgba(0, 0, 0, 0.75);\" href=\"https:\/\/ionscience.com\/fr\/produits\/detecteur-monogaz-ara-co\/\" data-color-override=\"false\" data-hover-color-override=\"false\" data-hover-text-color-override=\"#fff\"><span>Product Details<\/span><\/a>\n\n\t\t\t\t\t\t\t<\/div><!-- \/.item-content -->\n\n\t\t\t\t\t<\/div><!-- \/.item -->\n\n\t\t\t\t\t<\/div><!-- \/.custom-grid -->\n\n<\/div><!-- \/.wrapper -->\n[\/vc_column_inner][\/vc_row_inner][\/vc_column][\/vc_row]\n","protected":false},"excerpt":{"rendered":"<p>Les d\u00e9tecteurs de gaz personnels prot\u00e8gent les travailleurs contre les dangers atmosph\u00e9riques en surveillant en permanence la zone de respiration de l&#8217;utilisateur, ce qui vous permet de travailler dans les environnements industriels les plus difficiles.<\/p>\n","protected":false},"author":6,"featured_media":0,"parent":213649,"menu_order":11,"comment_status":"closed","ping_status":"open","template":"","meta":{"_acf_changed":false,"footnotes":""},"class_list":["post-213662","page","type-page","status-publish"],"acf":[],"yoast_head":"<!-- This site is optimized with the Yoast SEO plugin v27.2 - https:\/\/yoast.com\/product\/yoast-seo-wordpress\/ -->\n<title>D\u00e9tecteurs de gaz portatifs - Ion Science UK<\/title>\n<meta name=\"robots\" content=\"index, follow, max-snippet:-1, max-image-preview:large, max-video-preview:-1\" \/>\n<link rel=\"canonical\" href=\"https:\/\/ionscience.com\/fr\/detecteurs-de-gaz-et-de-fuites\/detecteurs-de-gaz-portatifs\/\" \/>\n<meta property=\"og:locale\" content=\"fr_FR\" \/>\n<meta property=\"og:type\" content=\"article\" \/>\n<meta property=\"og:title\" content=\"D\u00e9tecteurs de gaz portatifs - Ion Science UK\" \/>\n<meta property=\"og:description\" content=\"Les d\u00e9tecteurs de gaz personnels prot\u00e8gent les travailleurs contre les dangers atmosph\u00e9riques en surveillant en permanence la zone de respiration de l&#039;utilisateur, ce qui vous permet de travailler dans les environnements industriels les plus difficiles.\" \/>\n<meta property=\"og:url\" content=\"https:\/\/ionscience.com\/fr\/detecteurs-de-gaz-et-de-fuites\/detecteurs-de-gaz-portatifs\/\" \/>\n<meta property=\"og:site_name\" content=\"Ion Science UK\" \/>\n<meta property=\"article:modified_time\" content=\"2021-08-09T13:11:48+00:00\" \/>\n<meta name=\"twitter:card\" content=\"summary_large_image\" \/>\n<meta name=\"twitter:label1\" content=\"Est. reading time\" \/>\n\t<meta name=\"twitter:data1\" content=\"3 minutes\" \/>\n<script type=\"application\/ld+json\" class=\"yoast-schema-graph\">{\"@context\":\"https:\/\/schema.org\",\"@graph\":[{\"@type\":\"WebPage\",\"@id\":\"https:\/\/ionscience.com\/fr\/detecteurs-de-gaz-et-de-fuites\/detecteurs-de-gaz-portatifs\/\",\"url\":\"https:\/\/ionscience.com\/fr\/detecteurs-de-gaz-et-de-fuites\/detecteurs-de-gaz-portatifs\/\",\"name\":\"D\u00e9tecteurs de gaz portatifs - Ion Science UK\",\"isPartOf\":{\"@id\":\"https:\/\/ionscience.com\/en\/#website\"},\"datePublished\":\"2021-05-13T15:16:07+00:00\",\"dateModified\":\"2021-08-09T13:11:48+00:00\",\"breadcrumb\":{\"@id\":\"https:\/\/ionscience.com\/fr\/detecteurs-de-gaz-et-de-fuites\/detecteurs-de-gaz-portatifs\/#breadcrumb\"},\"inLanguage\":\"fr-FR\",\"potentialAction\":[{\"@type\":\"ReadAction\",\"target\":[\"https:\/\/ionscience.com\/fr\/detecteurs-de-gaz-et-de-fuites\/detecteurs-de-gaz-portatifs\/\"]}]},{\"@type\":\"BreadcrumbList\",\"@id\":\"https:\/\/ionscience.com\/fr\/detecteurs-de-gaz-et-de-fuites\/detecteurs-de-gaz-portatifs\/#breadcrumb\",\"itemListElement\":[{\"@type\":\"ListItem\",\"position\":1,\"name\":\"Home\",\"item\":\"https:\/\/ionscience.com\/fr\/\"},{\"@type\":\"ListItem\",\"position\":2,\"name\":\"D\u00e9tecteurs de gaz et de fuites\",\"item\":\"https:\/\/ionscience.com\/fr\/detecteurs-de-gaz-et-de-fuites\/\"},{\"@type\":\"ListItem\",\"position\":3,\"name\":\"D\u00e9tecteurs de gaz portatifs\"}]},{\"@type\":\"WebSite\",\"@id\":\"https:\/\/ionscience.com\/en\/#website\",\"url\":\"https:\/\/ionscience.com\/en\/\",\"name\":\"Ion Science UK\",\"description\":\"Advanced gas detectors, PID\/VOC detectors, SF6 leak detectors, corrosion monitors, mercury vapour detectors\",\"potentialAction\":[{\"@type\":\"SearchAction\",\"target\":{\"@type\":\"EntryPoint\",\"urlTemplate\":\"https:\/\/ionscience.com\/en\/?s={search_term_string}\"},\"query-input\":{\"@type\":\"PropertyValueSpecification\",\"valueRequired\":true,\"valueName\":\"search_term_string\"}}],\"inLanguage\":\"fr-FR\"}]}<\/script>\n<!-- \/ Yoast SEO plugin. -->","yoast_head_json":{"title":"D\u00e9tecteurs de gaz portatifs - Ion Science UK","robots":{"index":"index","follow":"follow","max-snippet":"max-snippet:-1","max-image-preview":"max-image-preview:large","max-video-preview":"max-video-preview:-1"},"canonical":"https:\/\/ionscience.com\/fr\/detecteurs-de-gaz-et-de-fuites\/detecteurs-de-gaz-portatifs\/","og_locale":"fr_FR","og_type":"article","og_title":"D\u00e9tecteurs de gaz portatifs - Ion Science UK","og_description":"Les d\u00e9tecteurs de gaz personnels prot\u00e8gent les travailleurs contre les dangers atmosph\u00e9riques en surveillant en permanence la zone de respiration de l'utilisateur, ce qui vous permet de travailler dans les environnements industriels les plus difficiles.","og_url":"https:\/\/ionscience.com\/fr\/detecteurs-de-gaz-et-de-fuites\/detecteurs-de-gaz-portatifs\/","og_site_name":"Ion Science UK","article_modified_time":"2021-08-09T13:11:48+00:00","twitter_card":"summary_large_image","twitter_misc":{"Est. reading time":"3 minutes"},"schema":{"@context":"https:\/\/schema.org","@graph":[{"@type":"WebPage","@id":"https:\/\/ionscience.com\/fr\/detecteurs-de-gaz-et-de-fuites\/detecteurs-de-gaz-portatifs\/","url":"https:\/\/ionscience.com\/fr\/detecteurs-de-gaz-et-de-fuites\/detecteurs-de-gaz-portatifs\/","name":"D\u00e9tecteurs de gaz portatifs - Ion Science UK","isPartOf":{"@id":"https:\/\/ionscience.com\/en\/#website"},"datePublished":"2021-05-13T15:16:07+00:00","dateModified":"2021-08-09T13:11:48+00:00","breadcrumb":{"@id":"https:\/\/ionscience.com\/fr\/detecteurs-de-gaz-et-de-fuites\/detecteurs-de-gaz-portatifs\/#breadcrumb"},"inLanguage":"fr-FR","potentialAction":[{"@type":"ReadAction","target":["https:\/\/ionscience.com\/fr\/detecteurs-de-gaz-et-de-fuites\/detecteurs-de-gaz-portatifs\/"]}]},{"@type":"BreadcrumbList","@id":"https:\/\/ionscience.com\/fr\/detecteurs-de-gaz-et-de-fuites\/detecteurs-de-gaz-portatifs\/#breadcrumb","itemListElement":[{"@type":"ListItem","position":1,"name":"Home","item":"https:\/\/ionscience.com\/fr\/"},{"@type":"ListItem","position":2,"name":"D\u00e9tecteurs de gaz et de fuites","item":"https:\/\/ionscience.com\/fr\/detecteurs-de-gaz-et-de-fuites\/"},{"@type":"ListItem","position":3,"name":"D\u00e9tecteurs de gaz portatifs"}]},{"@type":"WebSite","@id":"https:\/\/ionscience.com\/en\/#website","url":"https:\/\/ionscience.com\/en\/","name":"Ion Science UK","description":"Advanced gas detectors, PID\/VOC detectors, SF6 leak detectors, corrosion monitors, mercury vapour detectors","potentialAction":[{"@type":"SearchAction","target":{"@type":"EntryPoint","urlTemplate":"https:\/\/ionscience.com\/en\/?s={search_term_string}"},"query-input":{"@type":"PropertyValueSpecification","valueRequired":true,"valueName":"search_term_string"}}],"inLanguage":"fr-FR"}]}},"_links":{"self":[{"href":"https:\/\/ionscience.com\/fr\/wp-json\/wp\/v2\/pages\/213662","targetHints":{"allow":["GET"]}}],"collection":[{"href":"https:\/\/ionscience.com\/fr\/wp-json\/wp\/v2\/pages"}],"about":[{"href":"https:\/\/ionscience.com\/fr\/wp-json\/wp\/v2\/types\/page"}],"author":[{"embeddable":true,"href":"https:\/\/ionscience.com\/fr\/wp-json\/wp\/v2\/users\/6"}],"replies":[{"embeddable":true,"href":"https:\/\/ionscience.com\/fr\/wp-json\/wp\/v2\/comments?post=213662"}],"version-history":[{"count":0,"href":"https:\/\/ionscience.com\/fr\/wp-json\/wp\/v2\/pages\/213662\/revisions"}],"up":[{"embeddable":true,"href":"https:\/\/ionscience.com\/fr\/wp-json\/wp\/v2\/pages\/213649"}],"wp:attachment":[{"href":"https:\/\/ionscience.com\/fr\/wp-json\/wp\/v2\/media?parent=213662"}],"curies":[{"name":"wp","href":"https:\/\/api.w.org\/{rel}","templated":true}]}}