{"id":213663,"date":"2021-05-13T16:16:08","date_gmt":"2021-05-13T15:16:08","guid":{"rendered":"https:\/\/ionscience.com\/detecteurs-de-gaz-et-de-fuites\/detecteurs-de-gaz-fixes\/"},"modified":"2021-07-14T16:50:04","modified_gmt":"2021-07-14T15:50:04","slug":"detecteurs-de-gaz-fixes","status":"publish","type":"page","link":"https:\/\/ionscience.com\/fr\/detecteurs-de-gaz-et-de-fuites\/detecteurs-de-gaz-fixes\/","title":{"rendered":"D\u00e9tecteurs de gaz fixes"},"content":{"rendered":"[vc_row type=\u00a0\u00bbin_container\u00a0\u00bb full_screen_row_position=\u00a0\u00bbmiddle\u00a0\u00bb column_margin=\u00a0\u00bbdefault\u00a0\u00bb column_direction=\u00a0\u00bbdefault\u00a0\u00bb column_direction_tablet=\u00a0\u00bbdefault\u00a0\u00bb column_direction_phone=\u00a0\u00bbdefault\u00a0\u00bb scene_position=\u00a0\u00bbcenter\u00a0\u00bb top_padding=\u00a0\u00bb3%\u00a0\u00bb text_color=\u00a0\u00bbdark\u00a0\u00bb text_align=\u00a0\u00bbleft\u00a0\u00bb row_border_radius=\u00a0\u00bbnone\u00a0\u00bb row_border_radius_applies=\u00a0\u00bbbg\u00a0\u00bb overlay_strength=\u00a0\u00bb0.3&Prime; gradient_direction=\u00a0\u00bbleft_to_right\u00a0\u00bb shape_divider_position=\u00a0\u00bbbottom\u00a0\u00bb bg_image_animation=\u00a0\u00bbnone\u00a0\u00bb shape_type=\u00a0\u00bb\u00a0\u00bb][vc_column column_padding=\u00a0\u00bbno-extra-padding\u00a0\u00bb column_padding_tablet=\u00a0\u00bbinherit\u00a0\u00bb column_padding_phone=\u00a0\u00bbinherit\u00a0\u00bb column_padding_position=\u00a0\u00bball\u00a0\u00bb background_color_opacity=\u00a0\u00bb1&Prime; background_hover_color_opacity=\u00a0\u00bb1&Prime; column_shadow=\u00a0\u00bbnone\u00a0\u00bb column_border_radius=\u00a0\u00bbnone\u00a0\u00bb column_link_target=\u00a0\u00bb_self\u00a0\u00bb gradient_direction=\u00a0\u00bbleft_to_right\u00a0\u00bb overlay_strength=\u00a0\u00bb0.3&Prime; width=\u00a0\u00bb2\/3&Prime; tablet_width_inherit=\u00a0\u00bbdefault\u00a0\u00bb tablet_text_alignment=\u00a0\u00bbdefault\u00a0\u00bb phone_text_alignment=\u00a0\u00bbdefault\u00a0\u00bb column_border_width=\u00a0\u00bbnone\u00a0\u00bb column_border_style=\u00a0\u00bbsolid\u00a0\u00bb bg_image_animation=\u00a0\u00bbnone\u00a0\u00bb][vc_column_text]\n<h1>D\u00e9tecteurs fixes de gaz et de fuites<\/h1>\n<p>Les d\u00e9tecteurs de gaz fixes sont install\u00e9s pour fournir une protection continue de la zone et du personnel 24 heures sur 24. Le syst\u00e8me de d\u00e9tection est con\u00e7u pour alerter les travailleurs du risque potentiel d&#8217;empoisonnement par une exposition toxique au gaz. Les d\u00e9tecteurs fixes pour la detection de gaz sont g\u00e9n\u00e9ralement install\u00e9s dans de grandes installations et sont utilis\u00e9s aussi bien pour d\u00e9tecter les fuites majeures ou pour une alerte pr\u00e9coce en cas de fuite de gaz d&rsquo;un syst\u00e8me particulier.[\/vc_column_text][\/vc_column][vc_column column_padding=\u00a0\u00bbno-extra-padding\u00a0\u00bb column_padding_tablet=\u00a0\u00bbinherit\u00a0\u00bb column_padding_phone=\u00a0\u00bbinherit\u00a0\u00bb column_padding_position=\u00a0\u00bball\u00a0\u00bb background_color_opacity=\u00a0\u00bb1&Prime; background_hover_color_opacity=\u00a0\u00bb1&Prime; column_shadow=\u00a0\u00bbnone\u00a0\u00bb column_border_radius=\u00a0\u00bbnone\u00a0\u00bb column_link_target=\u00a0\u00bb_self\u00a0\u00bb gradient_direction=\u00a0\u00bbleft_to_right\u00a0\u00bb overlay_strength=\u00a0\u00bb0.3&Prime; width=\u00a0\u00bb1\/3&Prime; tablet_width_inherit=\u00a0\u00bbdefault\u00a0\u00bb tablet_text_alignment=\u00a0\u00bbdefault\u00a0\u00bb phone_text_alignment=\u00a0\u00bbdefault\u00a0\u00bb column_border_width=\u00a0\u00bbnone\u00a0\u00bb column_border_style=\u00a0\u00bbsolid\u00a0\u00bb bg_image_animation=\u00a0\u00bbnone\u00a0\u00bb][\/vc_column][\/vc_row][vc_row type=\u00a0\u00bbin_container\u00a0\u00bb full_screen_row_position=\u00a0\u00bbmiddle\u00a0\u00bb column_margin=\u00a0\u00bbdefault\u00a0\u00bb column_direction=\u00a0\u00bbdefault\u00a0\u00bb column_direction_tablet=\u00a0\u00bbcolumn_reverse\u00a0\u00bb column_direction_phone=\u00a0\u00bbcolumn_reverse\u00a0\u00bb scene_position=\u00a0\u00bbcenter\u00a0\u00bb bottom_padding=\u00a0\u00bb3%\u00a0\u00bb text_color=\u00a0\u00bbdark\u00a0\u00bb text_align=\u00a0\u00bbleft\u00a0\u00bb row_border_radius=\u00a0\u00bbnone\u00a0\u00bb row_border_radius_applies=\u00a0\u00bbbg\u00a0\u00bb overlay_strength=\u00a0\u00bb0.3&Prime; gradient_direction=\u00a0\u00bbleft_to_right\u00a0\u00bb shape_divider_position=\u00a0\u00bbbottom\u00a0\u00bb bg_image_animation=\u00a0\u00bbnone\u00a0\u00bb shape_type=\u00a0\u00bb\u00a0\u00bb][vc_column column_padding=\u00a0\u00bbno-extra-padding\u00a0\u00bb column_padding_tablet=\u00a0\u00bbinherit\u00a0\u00bb column_padding_phone=\u00a0\u00bbinherit\u00a0\u00bb column_padding_position=\u00a0\u00bball\u00a0\u00bb background_color_opacity=\u00a0\u00bb1&Prime; background_hover_color_opacity=\u00a0\u00bb1&Prime; column_shadow=\u00a0\u00bbnone\u00a0\u00bb column_border_radius=\u00a0\u00bbnone\u00a0\u00bb column_link_target=\u00a0\u00bb_self\u00a0\u00bb gradient_direction=\u00a0\u00bbleft_to_right\u00a0\u00bb overlay_strength=\u00a0\u00bb0.3&Prime; width=\u00a0\u00bb1\/4&Prime; tablet_width_inherit=\u00a0\u00bbdefault\u00a0\u00bb tablet_text_alignment=\u00a0\u00bbdefault\u00a0\u00bb phone_text_alignment=\u00a0\u00bbdefault\u00a0\u00bb column_border_width=\u00a0\u00bbnone\u00a0\u00bb column_border_style=\u00a0\u00bbsolid\u00a0\u00bb bg_image_animation=\u00a0\u00bbnone\u00a0\u00bb][vc_wp_custommenu nav_menu=\u00a0\u00bb199&Prime;][\/vc_column][vc_column column_padding=\u00a0\u00bbno-extra-padding\u00a0\u00bb column_padding_tablet=\u00a0\u00bbinherit\u00a0\u00bb column_padding_phone=\u00a0\u00bbinherit\u00a0\u00bb column_padding_position=\u00a0\u00bball\u00a0\u00bb bottom_margin=\u00a0\u00bb20&Prime; background_color_opacity=\u00a0\u00bb1&Prime; background_hover_color_opacity=\u00a0\u00bb1&Prime; column_shadow=\u00a0\u00bbnone\u00a0\u00bb column_border_radius=\u00a0\u00bbnone\u00a0\u00bb column_link_target=\u00a0\u00bb_self\u00a0\u00bb gradient_direction=\u00a0\u00bbleft_to_right\u00a0\u00bb overlay_strength=\u00a0\u00bb0.3&Prime; width=\u00a0\u00bb3\/4&Prime; tablet_width_inherit=\u00a0\u00bbdefault\u00a0\u00bb tablet_text_alignment=\u00a0\u00bbdefault\u00a0\u00bb phone_text_alignment=\u00a0\u00bbdefault\u00a0\u00bb column_border_width=\u00a0\u00bbnone\u00a0\u00bb column_border_style=\u00a0\u00bbsolid\u00a0\u00bb bg_image_animation=\u00a0\u00bbnone\u00a0\u00bb][vc_row_inner column_margin=\u00a0\u00bbdefault\u00a0\u00bb column_direction=\u00a0\u00bbdefault\u00a0\u00bb column_direction_tablet=\u00a0\u00bbdefault\u00a0\u00bb column_direction_phone=\u00a0\u00bbdefault\u00a0\u00bb text_align=\u00a0\u00bbleft\u00a0\u00bb][vc_column_inner column_padding=\u00a0\u00bbno-extra-padding\u00a0\u00bb column_padding_tablet=\u00a0\u00bbinherit\u00a0\u00bb column_padding_phone=\u00a0\u00bbinherit\u00a0\u00bb column_padding_position=\u00a0\u00bball\u00a0\u00bb background_color_opacity=\u00a0\u00bb1&Prime; background_hover_color_opacity=\u00a0\u00bb1&Prime; column_shadow=\u00a0\u00bbnone\u00a0\u00bb column_border_radius=\u00a0\u00bbnone\u00a0\u00bb column_link_target=\u00a0\u00bb_self\u00a0\u00bb gradient_direction=\u00a0\u00bbleft_to_right\u00a0\u00bb overlay_strength=\u00a0\u00bb0.3&Prime; width=\u00a0\u00bb1\/1&Prime; tablet_width_inherit=\u00a0\u00bbdefault\u00a0\u00bb column_border_width=\u00a0\u00bbnone\u00a0\u00bb column_border_style=\u00a0\u00bbsolid\u00a0\u00bb bg_image_animation=\u00a0\u00bbnone\u00a0\u00bb]\n\n<div class=\"wrapper widget-wrapper\">\n\n\t\n\n\t\n\t\t<div class=\"products-dropdown\">\n\n\t\t\t\n\t\t\t<form name=\"\" action=\"\" method=\"post\">\n\t\t\t\t<select name=\"product\" onchange=\"this.form.submit()\">\n          <option selected hidden value=\"0\">Tous les types de d\u00e9tecteurs<\/option>\n\t\t\t\t\t\t<option value=\"D\u00e9tecteurs de fuites\" >D\u00e9tecteurs de fuites<\/option><option value=\"D\u00e9tecteurs de gaz\" >D\u00e9tecteurs de gaz<\/option>\t\t\t\t<\/select>\n\t\t\t<\/form>\n\t\t<\/div><!-- \/.products-dropdown -->\n\t\n\t\n\t\n\t\t\t<div class=\"custom-grid-3-2-1\">\n\t\t\t\n\t\t\t\t\t<div class=\"item\">\n\t\t\t\t\t\t\t<div class=\"featured-image-wrap\">\n\t\t\t\t\t\t\t\t\t\t\t\t\t\t\t\t\t<a href=\"https:\/\/ionscience.com\/fr\/produits\/moniteur-de-gaz-benzene-titan-2\/\" title=\"Moniteur de gaz benz\u00e8ne Titan 2\"><img decoding=\"async\" class=\"featured-image\" src=\"https:\/\/e7552ege7qf.exactdn.com\/wp-content\/uploads\/2023\/07\/titan_2_overview.png?strip=all\" \/><\/a>\n\t\t\t\t\t\t\t\t\t\t\t\t\t\t\t<\/div><!-- \/.featured-image-wrap -->\n\n\t\t\t\t\t\t\t<div class=\"item-content-wrapper\">\n\t\t\t\t\t\t\t\t<h5>\t<a href=\"https:\/\/ionscience.com\/fr\/produits\/moniteur-de-gaz-benzene-titan-2\/\" title=\"Moniteur de gaz benz\u00e8ne Titan 2\">Moniteur de gaz benz\u00e8ne Titan 2<\/a><\/h5>\n\n\t\t\t\t\t\t\t\t<div class=\"item-content\">\n\t\t\t\t\t\t\t\t\t\t\t\t\t\t\t\t\t\t\t<p>Titan 2 a une mesure continue en temps r\u00e9el permettant de surveiller les tendances dans le temps et de les communiquer via 4-20 mA ou RS485.<\/p>\n\t\t\t\t\t\t\t\t\t\t\t\t\t\t\t\t\t<\/div>\n\n                <a class=\"nectar-button large see-through accent-color\" style=\"visibility: visible; color: rgb(0, 0, 0); border-color: rgba(0, 0, 0, 0.75);\" href=\"https:\/\/ionscience.com\/fr\/produits\/moniteur-de-gaz-benzene-titan-2\/\" data-color-override=\"false\" data-hover-color-override=\"false\" data-hover-text-color-override=\"#fff\"><span>D\u00e9tails du produit<\/span><\/a>\n\n\t\t\t\t\t\t\t<\/div><!-- \/.item-content -->\n\n\t\t\t\t\t<\/div><!-- \/.item -->\n\n\t\t\t\n\t\t\t\t\t<div class=\"item\">\n\t\t\t\t\t\t\t<div class=\"featured-image-wrap\">\n\t\t\t\t\t\t\t\t\t\t\t\t\t\t\t\t\t<a href=\"https:\/\/ionscience.com\/fr\/produits\/falco-fixed-voc-gas-detector\/\" title=\"D\u00e9tecteur de gaz COV fixe Falco 2\"><img decoding=\"async\" class=\"featured-image\" src=\"https:\/\/e7552ege7qf.exactdn.com\/wp-content\/uploads\/2022\/06\/Untitled-design-10-400x300.jpg?strip=all\" \/><\/a>\n\t\t\t\t\t\t\t\t\t\t\t\t\t\t\t<\/div><!-- \/.featured-image-wrap -->\n\n\t\t\t\t\t\t\t<div class=\"item-content-wrapper\">\n\t\t\t\t\t\t\t\t<h5>\t<a href=\"https:\/\/ionscience.com\/fr\/produits\/falco-fixed-voc-gas-detector\/\" title=\"D\u00e9tecteur de gaz COV fixe Falco 2\">D\u00e9tecteur de gaz COV fixe Falco 2<\/a><\/h5>\n\n\t\t\t\t\t\t\t\t<div class=\"item-content\">\n\t\t\t\t\t\t\t\t\t\t\t\t\t\t\t\t\t\t\t<p>Falco fixed VOC detector continuously detects a wide range of volatile organic compounds (VOCs) & Total Aromatic Compounds (TACs) using patented photoionisation detection (PID) technology. It delivers excellent, accurate detection even in challenging environments such as high humidity or extreme weather conditions.<\/p>\n\t\t\t\t\t\t\t\t\t\t\t\t\t\t\t\t\t<\/div>\n\n                <a class=\"nectar-button large see-through accent-color\" style=\"visibility: visible; color: rgb(0, 0, 0); border-color: rgba(0, 0, 0, 0.75);\" href=\"https:\/\/ionscience.com\/fr\/produits\/falco-fixed-voc-gas-detector\/\" data-color-override=\"false\" data-hover-color-override=\"false\" data-hover-text-color-override=\"#fff\"><span>D\u00e9tails du produit<\/span><\/a>\n\n\t\t\t\t\t\t\t<\/div><!-- \/.item-content -->\n\n\t\t\t\t\t<\/div><!-- \/.item -->\n\n\t\t\t\n\t\t\t\t\t<div class=\"item\">\n\t\t\t\t\t\t\t<div class=\"featured-image-wrap\">\n\t\t\t\t\t\t\t\t\t\t\t\t\t\t\t\t\t<a href=\"https:\/\/ionscience.com\/fr\/produits\/falco-2-11-7-ev\/\" title=\"FALCO 2 11.7 eV\"><img decoding=\"async\" class=\"featured-image\" src=\"https:\/\/e7552ege7qf.exactdn.com\/wp-content\/uploads\/2025\/02\/FALCO-2-11.7-eV-Fixed-VOC-monitor-400x300.jpg?strip=all\" \/><\/a>\n\t\t\t\t\t\t\t\t\t\t\t\t\t\t\t<\/div><!-- \/.featured-image-wrap -->\n\n\t\t\t\t\t\t\t<div class=\"item-content-wrapper\">\n\t\t\t\t\t\t\t\t<h5>\t<a href=\"https:\/\/ionscience.com\/fr\/produits\/falco-2-11-7-ev\/\" title=\"FALCO 2 11.7 eV\">FALCO 2 11.7 eV<\/a><\/h5>\n\n\t\t\t\t\t\t\t\t<div class=\"item-content\">\n\t\t\t\t\t\t\t\t\t\t\t\t\t\t\t\t\t\t\t<p>FALCO 2 11.7 is ION Science\u2019s latest innovation in fixed Volatile Organic Compound (VOC) monitoring. Capable of detecting high ionisation energy compounds such as formaldehyde, chloroform, and dichloromethane, FALCO 2 11.7 is an imperative tool for protecting lives and preserving the environment.<\/p>\n\t\t\t\t\t\t\t\t\t\t\t\t\t\t\t\t\t<\/div>\n\n                <a class=\"nectar-button large see-through accent-color\" style=\"visibility: visible; color: rgb(0, 0, 0); border-color: rgba(0, 0, 0, 0.75);\" href=\"https:\/\/ionscience.com\/fr\/produits\/falco-2-11-7-ev\/\" data-color-override=\"false\" data-hover-color-override=\"false\" data-hover-text-color-override=\"#fff\"><span>D\u00e9tails du produit<\/span><\/a>\n\n\t\t\t\t\t\t\t<\/div><!-- \/.item-content -->\n\n\t\t\t\t\t<\/div><!-- \/.item -->\n\n\t\t\t\n\t\t\t\t\t<div class=\"item\">\n\t\t\t\t\t\t\t<div class=\"featured-image-wrap\">\n\t\t\t\t\t\t\t\t\t\t\t\t\t\t\t\t\t<a href=\"https:\/\/ionscience.com\/fr\/produits\/detecteur-de-gaz-cov-continu-tvoc-2\/\" title=\"D\u00e9tecteur de gaz COV continu TVOC 2\"><img decoding=\"async\" class=\"featured-image\" src=\"https:\/\/e7552ege7qf.exactdn.com\/wp-content\/uploads\/2021\/06\/tvoc_2_fixed_gas_detector-400x300.jpg?strip=all\" \/><\/a>\n\t\t\t\t\t\t\t\t\t\t\t\t\t\t\t<\/div><!-- \/.featured-image-wrap -->\n\n\t\t\t\t\t\t\t<div class=\"item-content-wrapper\">\n\t\t\t\t\t\t\t\t<h5>\t<a href=\"https:\/\/ionscience.com\/fr\/produits\/detecteur-de-gaz-cov-continu-tvoc-2\/\" title=\"D\u00e9tecteur de gaz COV continu TVOC 2\">D\u00e9tecteur de gaz COV continu TVOC 2<\/a><\/h5>\n\n\t\t\t\t\t\t\t\t<div class=\"item-content\">\n\t\t\t\t\t\t\t\t\t\t\t\t\t\t\t\t\t\t\t<p>TVOC 2 est un d\u00e9tecteur de gaz COV fixe et continu qui d\u00e9tecte et mesure avec pr\u00e9cision les compos\u00e9s organiques volatils totaux dans les environnements de travail industriels.<\/p>\n\t\t\t\t\t\t\t\t\t\t\t\t\t\t\t\t\t<\/div>\n\n                <a class=\"nectar-button large see-through accent-color\" style=\"visibility: visible; color: rgb(0, 0, 0); border-color: rgba(0, 0, 0, 0.75);\" href=\"https:\/\/ionscience.com\/fr\/produits\/detecteur-de-gaz-cov-continu-tvoc-2\/\" data-color-override=\"false\" data-hover-color-override=\"false\" data-hover-text-color-override=\"#fff\"><span>D\u00e9tails du produit<\/span><\/a>\n\n\t\t\t\t\t\t\t<\/div><!-- \/.item-content -->\n\n\t\t\t\t\t<\/div><!-- \/.item -->\n\n\t\t\t\n\t\t\t\t\t<div class=\"item\">\n\t\t\t\t\t\t\t<div class=\"featured-image-wrap\">\n\t\t\t\t\t\t\t\t\t\t\t\t\t\t\t\t\t<a href=\"https:\/\/ionscience.com\/fr\/produits\/sf6-areacheck-p2-detecteur-de-gaz-fixe\/\" title=\"SF6 AreaCheck P2 &#8211; D\u00e9tecteur de gaz fixe\"><img decoding=\"async\" class=\"featured-image\" src=\"https:\/\/e7552ege7qf.exactdn.com\/wp-content\/uploads\/2021\/06\/sf6_areacheck_p2_overview-400x300.jpg?strip=all\" \/><\/a>\n\t\t\t\t\t\t\t\t\t\t\t\t\t\t\t<\/div><!-- \/.featured-image-wrap -->\n\n\t\t\t\t\t\t\t<div class=\"item-content-wrapper\">\n\t\t\t\t\t\t\t\t<h5>\t<a href=\"https:\/\/ionscience.com\/fr\/produits\/sf6-areacheck-p2-detecteur-de-gaz-fixe\/\" title=\"SF6 AreaCheck P2 &#8211; D\u00e9tecteur de gaz fixe\">SF6 AreaCheck P2 &#8211; D\u00e9tecteur de gaz fixe<\/a><\/h5>\n\n\t\t\t\t\t\t\t\t<div class=\"item-content\">\n\t\t\t\t\t\t\t\t\t\t\t\t\t\t\t\t\t\t\t<p>Le d\u00e9tecteur de gaz SF6 fixe utilise la technologie prim\u00e9e de capture d'ions n\u00e9gatifs (NIC) et est con\u00e7u pour surveiller en continu le SF6.<\/p>\n\t\t\t\t\t\t\t\t\t\t\t\t\t\t\t\t\t<\/div>\n\n                <a class=\"nectar-button large see-through accent-color\" style=\"visibility: visible; color: rgb(0, 0, 0); border-color: rgba(0, 0, 0, 0.75);\" href=\"https:\/\/ionscience.com\/fr\/produits\/sf6-areacheck-p2-detecteur-de-gaz-fixe\/\" data-color-override=\"false\" data-hover-color-override=\"false\" data-hover-text-color-override=\"#fff\"><span>D\u00e9tails du produit<\/span><\/a>\n\n\t\t\t\t\t\t\t<\/div><!-- \/.item-content -->\n\n\t\t\t\t\t<\/div><!-- \/.item -->\n\n\t\t\t\t\t<\/div><!-- \/.custom-grid -->\n\n<\/div><!-- \/.wrapper -->\n[\/vc_column_inner][\/vc_row_inner][\/vc_column][\/vc_row]\n","protected":false},"excerpt":{"rendered":"<p>Les d\u00e9tecteurs de gaz fixes assurent une protection continue de la zone et du personnel 24 heures sur 24, ils alertent les travailleurs du danger potentiel d&rsquo;exposition \u00e0 des gaz toxiques.<\/p>\n","protected":false},"author":6,"featured_media":0,"parent":213649,"menu_order":72,"comment_status":"closed","ping_status":"open","template":"","meta":{"_acf_changed":false,"footnotes":""},"class_list":["post-213663","page","type-page","status-publish"],"acf":[],"yoast_head":"<!-- This site is optimized with the Yoast SEO plugin v27.2 - https:\/\/yoast.com\/product\/yoast-seo-wordpress\/ -->\n<title>D\u00e9tecteurs de gaz fixes - Ion Science UK<\/title>\n<meta name=\"robots\" content=\"index, follow, max-snippet:-1, max-image-preview:large, max-video-preview:-1\" \/>\n<link rel=\"canonical\" href=\"https:\/\/ionscience.com\/fr\/detecteurs-de-gaz-et-de-fuites\/detecteurs-de-gaz-fixes\/\" \/>\n<meta property=\"og:locale\" content=\"fr_FR\" \/>\n<meta property=\"og:type\" content=\"article\" \/>\n<meta property=\"og:title\" content=\"D\u00e9tecteurs de gaz fixes - Ion Science UK\" \/>\n<meta property=\"og:description\" content=\"Les d\u00e9tecteurs de gaz fixes assurent une protection continue de la zone et du personnel 24 heures sur 24, ils alertent les travailleurs du danger potentiel d&#039;exposition \u00e0 des gaz toxiques.\" \/>\n<meta property=\"og:url\" content=\"https:\/\/ionscience.com\/fr\/detecteurs-de-gaz-et-de-fuites\/detecteurs-de-gaz-fixes\/\" \/>\n<meta property=\"og:site_name\" content=\"Ion Science UK\" \/>\n<meta property=\"article:modified_time\" content=\"2021-07-14T15:50:04+00:00\" \/>\n<meta name=\"twitter:card\" content=\"summary_large_image\" \/>\n<meta name=\"twitter:label1\" content=\"Est. reading time\" \/>\n\t<meta name=\"twitter:data1\" content=\"3 minutes\" \/>\n<script type=\"application\/ld+json\" class=\"yoast-schema-graph\">{\"@context\":\"https:\/\/schema.org\",\"@graph\":[{\"@type\":\"WebPage\",\"@id\":\"https:\/\/ionscience.com\/fr\/detecteurs-de-gaz-et-de-fuites\/detecteurs-de-gaz-fixes\/\",\"url\":\"https:\/\/ionscience.com\/fr\/detecteurs-de-gaz-et-de-fuites\/detecteurs-de-gaz-fixes\/\",\"name\":\"D\u00e9tecteurs de gaz fixes - Ion Science UK\",\"isPartOf\":{\"@id\":\"https:\/\/ionscience.com\/en\/#website\"},\"datePublished\":\"2021-05-13T15:16:08+00:00\",\"dateModified\":\"2021-07-14T15:50:04+00:00\",\"breadcrumb\":{\"@id\":\"https:\/\/ionscience.com\/fr\/detecteurs-de-gaz-et-de-fuites\/detecteurs-de-gaz-fixes\/#breadcrumb\"},\"inLanguage\":\"fr-FR\",\"potentialAction\":[{\"@type\":\"ReadAction\",\"target\":[\"https:\/\/ionscience.com\/fr\/detecteurs-de-gaz-et-de-fuites\/detecteurs-de-gaz-fixes\/\"]}]},{\"@type\":\"BreadcrumbList\",\"@id\":\"https:\/\/ionscience.com\/fr\/detecteurs-de-gaz-et-de-fuites\/detecteurs-de-gaz-fixes\/#breadcrumb\",\"itemListElement\":[{\"@type\":\"ListItem\",\"position\":1,\"name\":\"Accueil\",\"item\":\"https:\/\/ionscience.com\/fr\/\"},{\"@type\":\"ListItem\",\"position\":2,\"name\":\"D\u00e9tecteurs de gaz et de fuites\",\"item\":\"https:\/\/ionscience.com\/fr\/detecteurs-de-gaz-et-de-fuites\/\"},{\"@type\":\"ListItem\",\"position\":3,\"name\":\"D\u00e9tecteurs de gaz fixes\"}]},{\"@type\":\"WebSite\",\"@id\":\"https:\/\/ionscience.com\/en\/#website\",\"url\":\"https:\/\/ionscience.com\/en\/\",\"name\":\"Ion Science UK\",\"description\":\"Advanced gas detectors, PID\/VOC detectors, SF6 leak detectors, corrosion monitors, mercury vapour detectors\",\"potentialAction\":[{\"@type\":\"SearchAction\",\"target\":{\"@type\":\"EntryPoint\",\"urlTemplate\":\"https:\/\/ionscience.com\/en\/?s={search_term_string}\"},\"query-input\":{\"@type\":\"PropertyValueSpecification\",\"valueRequired\":true,\"valueName\":\"search_term_string\"}}],\"inLanguage\":\"fr-FR\"}]}<\/script>\n<!-- \/ Yoast SEO plugin. -->","yoast_head_json":{"title":"D\u00e9tecteurs de gaz fixes - Ion Science UK","robots":{"index":"index","follow":"follow","max-snippet":"max-snippet:-1","max-image-preview":"max-image-preview:large","max-video-preview":"max-video-preview:-1"},"canonical":"https:\/\/ionscience.com\/fr\/detecteurs-de-gaz-et-de-fuites\/detecteurs-de-gaz-fixes\/","og_locale":"fr_FR","og_type":"article","og_title":"D\u00e9tecteurs de gaz fixes - Ion Science UK","og_description":"Les d\u00e9tecteurs de gaz fixes assurent une protection continue de la zone et du personnel 24 heures sur 24, ils alertent les travailleurs du danger potentiel d'exposition \u00e0 des gaz toxiques.","og_url":"https:\/\/ionscience.com\/fr\/detecteurs-de-gaz-et-de-fuites\/detecteurs-de-gaz-fixes\/","og_site_name":"Ion Science UK","article_modified_time":"2021-07-14T15:50:04+00:00","twitter_card":"summary_large_image","twitter_misc":{"Est. reading time":"3 minutes"},"schema":{"@context":"https:\/\/schema.org","@graph":[{"@type":"WebPage","@id":"https:\/\/ionscience.com\/fr\/detecteurs-de-gaz-et-de-fuites\/detecteurs-de-gaz-fixes\/","url":"https:\/\/ionscience.com\/fr\/detecteurs-de-gaz-et-de-fuites\/detecteurs-de-gaz-fixes\/","name":"D\u00e9tecteurs de gaz fixes - Ion Science UK","isPartOf":{"@id":"https:\/\/ionscience.com\/en\/#website"},"datePublished":"2021-05-13T15:16:08+00:00","dateModified":"2021-07-14T15:50:04+00:00","breadcrumb":{"@id":"https:\/\/ionscience.com\/fr\/detecteurs-de-gaz-et-de-fuites\/detecteurs-de-gaz-fixes\/#breadcrumb"},"inLanguage":"fr-FR","potentialAction":[{"@type":"ReadAction","target":["https:\/\/ionscience.com\/fr\/detecteurs-de-gaz-et-de-fuites\/detecteurs-de-gaz-fixes\/"]}]},{"@type":"BreadcrumbList","@id":"https:\/\/ionscience.com\/fr\/detecteurs-de-gaz-et-de-fuites\/detecteurs-de-gaz-fixes\/#breadcrumb","itemListElement":[{"@type":"ListItem","position":1,"name":"Accueil","item":"https:\/\/ionscience.com\/fr\/"},{"@type":"ListItem","position":2,"name":"D\u00e9tecteurs de gaz et de fuites","item":"https:\/\/ionscience.com\/fr\/detecteurs-de-gaz-et-de-fuites\/"},{"@type":"ListItem","position":3,"name":"D\u00e9tecteurs de gaz fixes"}]},{"@type":"WebSite","@id":"https:\/\/ionscience.com\/en\/#website","url":"https:\/\/ionscience.com\/en\/","name":"Ion Science UK","description":"Advanced gas detectors, PID\/VOC detectors, SF6 leak detectors, corrosion monitors, mercury vapour detectors","potentialAction":[{"@type":"SearchAction","target":{"@type":"EntryPoint","urlTemplate":"https:\/\/ionscience.com\/en\/?s={search_term_string}"},"query-input":{"@type":"PropertyValueSpecification","valueRequired":true,"valueName":"search_term_string"}}],"inLanguage":"fr-FR"}]}},"_links":{"self":[{"href":"https:\/\/ionscience.com\/fr\/wp-json\/wp\/v2\/pages\/213663","targetHints":{"allow":["GET"]}}],"collection":[{"href":"https:\/\/ionscience.com\/fr\/wp-json\/wp\/v2\/pages"}],"about":[{"href":"https:\/\/ionscience.com\/fr\/wp-json\/wp\/v2\/types\/page"}],"author":[{"embeddable":true,"href":"https:\/\/ionscience.com\/fr\/wp-json\/wp\/v2\/users\/6"}],"replies":[{"embeddable":true,"href":"https:\/\/ionscience.com\/fr\/wp-json\/wp\/v2\/comments?post=213663"}],"version-history":[{"count":0,"href":"https:\/\/ionscience.com\/fr\/wp-json\/wp\/v2\/pages\/213663\/revisions"}],"up":[{"embeddable":true,"href":"https:\/\/ionscience.com\/fr\/wp-json\/wp\/v2\/pages\/213649"}],"wp:attachment":[{"href":"https:\/\/ionscience.com\/fr\/wp-json\/wp\/v2\/media?parent=213663"}],"curies":[{"name":"wp","href":"https:\/\/api.w.org\/{rel}","templated":true}]}}