{"id":213675,"date":"2021-05-13T16:16:30","date_gmt":"2021-05-13T15:16:30","guid":{"rendered":"https:\/\/ionscience.com\/detecteurs-de-gaz-et-de-fuites\/service-client\/accessoires\/"},"modified":"2021-08-25T11:35:35","modified_gmt":"2021-08-25T10:35:35","slug":"accessoires","status":"publish","type":"page","link":"https:\/\/ionscience.com\/fr\/detecteurs-de-gaz-et-de-fuites\/service-client\/accessoires\/","title":{"rendered":"Accessoires"},"content":{"rendered":"[vc_row type=\u00a0\u00bbin_container\u00a0\u00bb full_screen_row_position=\u00a0\u00bbmiddle\u00a0\u00bb column_margin=\u00a0\u00bbdefault\u00a0\u00bb column_direction=\u00a0\u00bbdefault\u00a0\u00bb column_direction_tablet=\u00a0\u00bbdefault\u00a0\u00bb column_direction_phone=\u00a0\u00bbdefault\u00a0\u00bb scene_position=\u00a0\u00bbcenter\u00a0\u00bb top_padding=\u00a0\u00bb3%\u00a0\u00bb text_color=\u00a0\u00bbdark\u00a0\u00bb text_align=\u00a0\u00bbleft\u00a0\u00bb row_border_radius=\u00a0\u00bbnone\u00a0\u00bb row_border_radius_applies=\u00a0\u00bbbg\u00a0\u00bb overlay_strength=\u00a0\u00bb0.3&Prime; gradient_direction=\u00a0\u00bbleft_to_right\u00a0\u00bb shape_divider_position=\u00a0\u00bbbottom\u00a0\u00bb bg_image_animation=\u00a0\u00bbnone\u00a0\u00bb shape_type=\u00a0\u00bb\u00a0\u00bb][vc_column column_padding=\u00a0\u00bbno-extra-padding\u00a0\u00bb column_padding_tablet=\u00a0\u00bbinherit\u00a0\u00bb column_padding_phone=\u00a0\u00bbinherit\u00a0\u00bb column_padding_position=\u00a0\u00bball\u00a0\u00bb background_color_opacity=\u00a0\u00bb1&Prime; background_hover_color_opacity=\u00a0\u00bb1&Prime; column_shadow=\u00a0\u00bbnone\u00a0\u00bb column_border_radius=\u00a0\u00bbnone\u00a0\u00bb column_link_target=\u00a0\u00bb_self\u00a0\u00bb gradient_direction=\u00a0\u00bbleft_to_right\u00a0\u00bb overlay_strength=\u00a0\u00bb0.3&Prime; width=\u00a0\u00bb2\/3&Prime; tablet_width_inherit=\u00a0\u00bbdefault\u00a0\u00bb tablet_text_alignment=\u00a0\u00bbdefault\u00a0\u00bb phone_text_alignment=\u00a0\u00bbdefault\u00a0\u00bb column_border_width=\u00a0\u00bbnone\u00a0\u00bb column_border_style=\u00a0\u00bbsolid\u00a0\u00bb bg_image_animation=\u00a0\u00bbnone\u00a0\u00bb][vc_column_text]\n<h1>Accessoires de capteurs<\/h1>\n<p>Veuillez s\u00e9lectionner votre capteur ou composant de gaz ION Science dans le menu d\u00e9roulant pour afficher tous les accessoires disponibles pour votre produit.[\/vc_column_text][\/vc_column][vc_column column_padding=\u00a0\u00bbno-extra-padding\u00a0\u00bb column_padding_tablet=\u00a0\u00bbinherit\u00a0\u00bb column_padding_phone=\u00a0\u00bbinherit\u00a0\u00bb column_padding_position=\u00a0\u00bball\u00a0\u00bb background_color_opacity=\u00a0\u00bb1&Prime; background_hover_color_opacity=\u00a0\u00bb1&Prime; column_shadow=\u00a0\u00bbnone\u00a0\u00bb column_border_radius=\u00a0\u00bbnone\u00a0\u00bb column_link_target=\u00a0\u00bb_self\u00a0\u00bb gradient_direction=\u00a0\u00bbleft_to_right\u00a0\u00bb overlay_strength=\u00a0\u00bb0.3&Prime; width=\u00a0\u00bb1\/3&Prime; tablet_width_inherit=\u00a0\u00bbdefault\u00a0\u00bb tablet_text_alignment=\u00a0\u00bbdefault\u00a0\u00bb phone_text_alignment=\u00a0\u00bbdefault\u00a0\u00bb column_border_width=\u00a0\u00bbnone\u00a0\u00bb column_border_style=\u00a0\u00bbsolid\u00a0\u00bb bg_image_animation=\u00a0\u00bbnone\u00a0\u00bb][\/vc_column][\/vc_row][vc_row type=\u00a0\u00bbin_container\u00a0\u00bb full_screen_row_position=\u00a0\u00bbmiddle\u00a0\u00bb column_margin=\u00a0\u00bbdefault\u00a0\u00bb column_direction=\u00a0\u00bbdefault\u00a0\u00bb column_direction_tablet=\u00a0\u00bbcolumn_reverse\u00a0\u00bb column_direction_phone=\u00a0\u00bbcolumn_reverse\u00a0\u00bb scene_position=\u00a0\u00bbcenter\u00a0\u00bb bottom_padding=\u00a0\u00bb3%\u00a0\u00bb text_color=\u00a0\u00bbdark\u00a0\u00bb text_align=\u00a0\u00bbleft\u00a0\u00bb row_border_radius=\u00a0\u00bbnone\u00a0\u00bb row_border_radius_applies=\u00a0\u00bbbg\u00a0\u00bb overlay_strength=\u00a0\u00bb0.3&Prime; gradient_direction=\u00a0\u00bbleft_to_right\u00a0\u00bb shape_divider_position=\u00a0\u00bbbottom\u00a0\u00bb bg_image_animation=\u00a0\u00bbnone\u00a0\u00bb shape_type=\u00a0\u00bb\u00a0\u00bb][vc_column column_padding=\u00a0\u00bbno-extra-padding\u00a0\u00bb column_padding_tablet=\u00a0\u00bbinherit\u00a0\u00bb column_padding_phone=\u00a0\u00bbinherit\u00a0\u00bb column_padding_position=\u00a0\u00bball\u00a0\u00bb background_color_opacity=\u00a0\u00bb1&Prime; background_hover_color_opacity=\u00a0\u00bb1&Prime; column_shadow=\u00a0\u00bbnone\u00a0\u00bb column_border_radius=\u00a0\u00bbnone\u00a0\u00bb column_link_target=\u00a0\u00bb_self\u00a0\u00bb gradient_direction=\u00a0\u00bbleft_to_right\u00a0\u00bb overlay_strength=\u00a0\u00bb0.3&Prime; width=\u00a0\u00bb1\/4&Prime; tablet_width_inherit=\u00a0\u00bbdefault\u00a0\u00bb tablet_text_alignment=\u00a0\u00bbdefault\u00a0\u00bb phone_text_alignment=\u00a0\u00bbdefault\u00a0\u00bb column_border_width=\u00a0\u00bbnone\u00a0\u00bb column_border_style=\u00a0\u00bbsolid\u00a0\u00bb bg_image_animation=\u00a0\u00bbnone\u00a0\u00bb][vc_wp_custommenu nav_menu=\u00a0\u00bb200&Prime;][\/vc_column][vc_column column_padding=\u00a0\u00bbno-extra-padding\u00a0\u00bb column_padding_tablet=\u00a0\u00bbinherit\u00a0\u00bb column_padding_phone=\u00a0\u00bbinherit\u00a0\u00bb column_padding_position=\u00a0\u00bball\u00a0\u00bb background_color_opacity=\u00a0\u00bb1&Prime; background_hover_color_opacity=\u00a0\u00bb1&Prime; column_shadow=\u00a0\u00bbnone\u00a0\u00bb column_border_radius=\u00a0\u00bbnone\u00a0\u00bb column_link_target=\u00a0\u00bb_self\u00a0\u00bb gradient_direction=\u00a0\u00bbleft_to_right\u00a0\u00bb overlay_strength=\u00a0\u00bb0.3&Prime; width=\u00a0\u00bb3\/4&Prime; tablet_width_inherit=\u00a0\u00bbdefault\u00a0\u00bb tablet_text_alignment=\u00a0\u00bbdefault\u00a0\u00bb phone_text_alignment=\u00a0\u00bbdefault\u00a0\u00bb column_border_width=\u00a0\u00bbnone\u00a0\u00bb column_border_style=\u00a0\u00bbsolid\u00a0\u00bb bg_image_animation=\u00a0\u00bbnone\u00a0\u00bb][vc_row_inner column_margin=\u00a0\u00bbdefault\u00a0\u00bb column_direction=\u00a0\u00bbdefault\u00a0\u00bb column_direction_tablet=\u00a0\u00bbdefault\u00a0\u00bb column_direction_phone=\u00a0\u00bbdefault\u00a0\u00bb text_align=\u00a0\u00bbleft\u00a0\u00bb][vc_column_inner column_padding=\u00a0\u00bbno-extra-padding\u00a0\u00bb column_padding_tablet=\u00a0\u00bbinherit\u00a0\u00bb column_padding_phone=\u00a0\u00bbinherit\u00a0\u00bb column_padding_position=\u00a0\u00bball\u00a0\u00bb background_color_opacity=\u00a0\u00bb1&Prime; background_hover_color_opacity=\u00a0\u00bb1&Prime; column_shadow=\u00a0\u00bbnone\u00a0\u00bb column_border_radius=\u00a0\u00bbnone\u00a0\u00bb column_link_target=\u00a0\u00bb_self\u00a0\u00bb gradient_direction=\u00a0\u00bbleft_to_right\u00a0\u00bb overlay_strength=\u00a0\u00bb0.3&Prime; width=\u00a0\u00bb1\/1&Prime; tablet_width_inherit=\u00a0\u00bbdefault\u00a0\u00bb column_border_width=\u00a0\u00bbnone\u00a0\u00bb column_border_style=\u00a0\u00bbsolid\u00a0\u00bb bg_image_animation=\u00a0\u00bbnone\u00a0\u00bb]\n\n<div class=\"widget-wrapper\">\n  \n  \n  <div class=\"products-dropdown\">\n\n        \n    <form name=\"\" action=\"\" method=\"get\">\n      <select name=\"product\" onchange=\"this.form.submit()\">\n        <option selected hidden value=\"0\">Veuillez s\u00e9lectionner le produit<\/option>\n        <optgroup label=\"Portable\"><option value=\"detecteur-de-fuite-sf6-leakcheck-p1p-xtl\" >D\u00e9tecteur de fuite SF6 LeakCheck P1p XTL<\/option><option value=\"detecteur-de-fuite-de-gaz-panther-pro\" >D\u00e9tecteur de fuite de gaz Panther PRO<\/option><option value=\"detecteur-de-gaz-benzene-portable-tiger-select\" >D\u00e9tecteur de gaz Tiger XT Select Benz\u00e8ne PID<\/option><option value=\"kit-denquete-incendie\" >Tiger XT Kit denquete incendie<\/option><option value=\"detecteur-de-gaz-cov-portable-tiger-lt\" >D\u00e9tecteur de COV portatif Tiger XTL<\/option><option value=\"detecteur-de-gaz-cov-portable-tiger\" >D\u00e9tecteur de COV portatif Tiger XT<\/option><option value=\"sf6-leakmate-moniteur-de-fuites-sf6-portable\" >SF6 Leakmate &#8211; Moniteur de fuites SF6 portable<\/option><option value=\"mvi-indicateur-portable-des-vapeurs-de-mercure\" >(MVI) Indicateur portable des vapeurs de mercure<\/option><\/optgroup><optgroup label=\"Personnel\"><option value=\"detecteur-multigaz-ara-x4\" >D\u00e9tecteur multigaz ARA-X4<\/option><option value=\"detecteur-monogaz-ara-so2\" >D\u00e9tecteur monogaz ARA SO2<\/option><option value=\"detecteur-monogaz-ara-o2\" >D\u00e9tecteur monogaz ARA O2<\/option><option value=\"detecteur-monogaz-h2s\" >D\u00e9tecteur monogaz H2S<\/option><option value=\"detecteur-personnel-de-gaz-benzene-cub-tac-100-ev\" >D\u00e9tecteur de gaz personnel Cub TAC 10.0 eV<\/option><option value=\"detecteur-personnel-de-gaz-cov-cub-106-ev\" >D\u00e9tecteur personnel de gaz COV Cub 10,6 eV<\/option><option value=\"moniteur-personnel-de-gaz-cov-cub-117-ev\" >Moniteur personnel de gaz COV Cub 11,7 eV<\/option><option value=\"detecteur-monogaz-ara-co\" >D\u00e9tecteur monogaz ARA CO<\/option><\/optgroup><optgroup label=\"Fixe\"><option value=\"falco-2-11-7-ev\" >FALCO 2 11.7 eV<\/option><option value=\"moniteur-de-gaz-benzene-titan-2\" >Moniteur de gaz benz\u00e8ne Titan 2<\/option><option value=\"falco-fixed-voc-gas-detector\" >D\u00e9tecteur de gaz COV fixe Falco 2<\/option><option value=\"sf6-areacheck-p2-detecteur-de-gaz-fixe\" >SF6 AreaCheck P2 &#8211; D\u00e9tecteur de gaz fixe<\/option><option value=\"detecteur-de-gaz-cov-continu-tvoc-2\" >D\u00e9tecteur de gaz COV continu TVOC 2<\/option><\/optgroup><optgroup label=\"Semi-Portable\"><option value=\"detecteur-de-gaz-continu-au-sol-gasclam-2\" >D\u00e9tecteur de gaz continu au sol GasClam 2<\/option><\/optgroup><optgroup label=\"\u00c9talonnage\"><option value=\"kit-detalonnage\" >kit d&rsquo;\u00e9talonnage<\/option><option value=\"fuites-etalonnees\" >Fuites \u00e9talonn\u00e9es<\/option><\/optgroup>      <\/select>\n    <\/form>\n  <\/div><!-- \/.products-dropdown -->\n    <p>Veuillez s\u00e9lectionner un produit dans la liste ci-dessus pour afficher le document et les informations pertinents.<\/p>\n    \n  <\/div><!-- \/.wrapper -->\n[\/vc_column_inner][\/vc_row_inner][\/vc_column][\/vc_row]\n","protected":false},"excerpt":{"rendered":"kit d'\u00e9talonnage Pourquoi \u00e9talonner votre d\u00e9tecteur de gaz COV? Nos kits sont un excellent moyen d'\u00e9talonner votre Ion d\u00e9tecteur de gaz Ion Science pour vous assurer s\u00e9curit\u00e9, fonctionnalit\u00e9 et pour...","protected":false},"author":6,"featured_media":0,"parent":213657,"menu_order":213,"comment_status":"closed","ping_status":"open","template":"","meta":{"_acf_changed":false,"footnotes":""},"class_list":["post-213675","page","type-page","status-publish"],"acf":[],"yoast_head":"<!-- This site is optimized with the Yoast SEO plugin v27.2 - https:\/\/yoast.com\/product\/yoast-seo-wordpress\/ -->\n<title>Accessoires - Ion Science UK<\/title>\n<meta name=\"robots\" content=\"index, follow, max-snippet:-1, max-image-preview:large, max-video-preview:-1\" \/>\n<link rel=\"canonical\" href=\"https:\/\/ionscience.com\/fr\/detecteurs-de-gaz-et-de-fuites\/service-client\/accessoires\/\" \/>\n<meta property=\"og:locale\" content=\"fr_FR\" \/>\n<meta property=\"og:type\" content=\"article\" \/>\n<meta property=\"og:title\" content=\"Accessoires - Ion Science UK\" \/>\n<meta property=\"og:url\" content=\"https:\/\/ionscience.com\/fr\/detecteurs-de-gaz-et-de-fuites\/service-client\/accessoires\/\" \/>\n<meta property=\"og:site_name\" content=\"Ion Science UK\" \/>\n<meta property=\"article:modified_time\" content=\"2021-08-25T10:35:35+00:00\" \/>\n<meta name=\"twitter:card\" content=\"summary_large_image\" \/>\n<meta name=\"twitter:label1\" content=\"Est. reading time\" \/>\n\t<meta name=\"twitter:data1\" content=\"3 minutes\" \/>\n<script type=\"application\/ld+json\" class=\"yoast-schema-graph\">{\"@context\":\"https:\/\/schema.org\",\"@graph\":[{\"@type\":\"WebPage\",\"@id\":\"https:\/\/ionscience.com\/fr\/detecteurs-de-gaz-et-de-fuites\/service-client\/accessoires\/\",\"url\":\"https:\/\/ionscience.com\/fr\/detecteurs-de-gaz-et-de-fuites\/service-client\/accessoires\/\",\"name\":\"Accessoires - Ion Science UK\",\"isPartOf\":{\"@id\":\"https:\/\/ionscience.com\/en\/#website\"},\"datePublished\":\"2021-05-13T15:16:30+00:00\",\"dateModified\":\"2021-08-25T10:35:35+00:00\",\"breadcrumb\":{\"@id\":\"https:\/\/ionscience.com\/fr\/detecteurs-de-gaz-et-de-fuites\/service-client\/accessoires\/#breadcrumb\"},\"inLanguage\":\"fr-FR\",\"potentialAction\":[{\"@type\":\"ReadAction\",\"target\":[\"https:\/\/ionscience.com\/fr\/detecteurs-de-gaz-et-de-fuites\/service-client\/accessoires\/\"]}]},{\"@type\":\"BreadcrumbList\",\"@id\":\"https:\/\/ionscience.com\/fr\/detecteurs-de-gaz-et-de-fuites\/service-client\/accessoires\/#breadcrumb\",\"itemListElement\":[{\"@type\":\"ListItem\",\"position\":1,\"name\":\"Accueil\",\"item\":\"https:\/\/ionscience.com\/fr\/\"},{\"@type\":\"ListItem\",\"position\":2,\"name\":\"D\u00e9tecteurs de gaz et de fuites\",\"item\":\"https:\/\/ionscience.com\/fr\/detecteurs-de-gaz-et-de-fuites\/\"},{\"@type\":\"ListItem\",\"position\":3,\"name\":\"Service client\",\"item\":\"https:\/\/ionscience.com\/fr\/detecteurs-de-gaz-et-de-fuites\/service-client\/\"},{\"@type\":\"ListItem\",\"position\":4,\"name\":\"Accessoires\"}]},{\"@type\":\"WebSite\",\"@id\":\"https:\/\/ionscience.com\/en\/#website\",\"url\":\"https:\/\/ionscience.com\/en\/\",\"name\":\"Ion Science UK\",\"description\":\"Advanced gas detectors, PID\/VOC detectors, SF6 leak detectors, corrosion monitors, mercury vapour detectors\",\"potentialAction\":[{\"@type\":\"SearchAction\",\"target\":{\"@type\":\"EntryPoint\",\"urlTemplate\":\"https:\/\/ionscience.com\/en\/?s={search_term_string}\"},\"query-input\":{\"@type\":\"PropertyValueSpecification\",\"valueRequired\":true,\"valueName\":\"search_term_string\"}}],\"inLanguage\":\"fr-FR\"}]}<\/script>\n<!-- \/ Yoast SEO plugin. -->","yoast_head_json":{"title":"Accessoires - Ion Science UK","robots":{"index":"index","follow":"follow","max-snippet":"max-snippet:-1","max-image-preview":"max-image-preview:large","max-video-preview":"max-video-preview:-1"},"canonical":"https:\/\/ionscience.com\/fr\/detecteurs-de-gaz-et-de-fuites\/service-client\/accessoires\/","og_locale":"fr_FR","og_type":"article","og_title":"Accessoires - Ion Science UK","og_url":"https:\/\/ionscience.com\/fr\/detecteurs-de-gaz-et-de-fuites\/service-client\/accessoires\/","og_site_name":"Ion Science UK","article_modified_time":"2021-08-25T10:35:35+00:00","twitter_card":"summary_large_image","twitter_misc":{"Est. reading time":"3 minutes"},"schema":{"@context":"https:\/\/schema.org","@graph":[{"@type":"WebPage","@id":"https:\/\/ionscience.com\/fr\/detecteurs-de-gaz-et-de-fuites\/service-client\/accessoires\/","url":"https:\/\/ionscience.com\/fr\/detecteurs-de-gaz-et-de-fuites\/service-client\/accessoires\/","name":"Accessoires - Ion Science UK","isPartOf":{"@id":"https:\/\/ionscience.com\/en\/#website"},"datePublished":"2021-05-13T15:16:30+00:00","dateModified":"2021-08-25T10:35:35+00:00","breadcrumb":{"@id":"https:\/\/ionscience.com\/fr\/detecteurs-de-gaz-et-de-fuites\/service-client\/accessoires\/#breadcrumb"},"inLanguage":"fr-FR","potentialAction":[{"@type":"ReadAction","target":["https:\/\/ionscience.com\/fr\/detecteurs-de-gaz-et-de-fuites\/service-client\/accessoires\/"]}]},{"@type":"BreadcrumbList","@id":"https:\/\/ionscience.com\/fr\/detecteurs-de-gaz-et-de-fuites\/service-client\/accessoires\/#breadcrumb","itemListElement":[{"@type":"ListItem","position":1,"name":"Accueil","item":"https:\/\/ionscience.com\/fr\/"},{"@type":"ListItem","position":2,"name":"D\u00e9tecteurs de gaz et de fuites","item":"https:\/\/ionscience.com\/fr\/detecteurs-de-gaz-et-de-fuites\/"},{"@type":"ListItem","position":3,"name":"Service client","item":"https:\/\/ionscience.com\/fr\/detecteurs-de-gaz-et-de-fuites\/service-client\/"},{"@type":"ListItem","position":4,"name":"Accessoires"}]},{"@type":"WebSite","@id":"https:\/\/ionscience.com\/en\/#website","url":"https:\/\/ionscience.com\/en\/","name":"Ion Science UK","description":"Advanced gas detectors, PID\/VOC detectors, SF6 leak detectors, corrosion monitors, mercury vapour detectors","potentialAction":[{"@type":"SearchAction","target":{"@type":"EntryPoint","urlTemplate":"https:\/\/ionscience.com\/en\/?s={search_term_string}"},"query-input":{"@type":"PropertyValueSpecification","valueRequired":true,"valueName":"search_term_string"}}],"inLanguage":"fr-FR"}]}},"_links":{"self":[{"href":"https:\/\/ionscience.com\/fr\/wp-json\/wp\/v2\/pages\/213675","targetHints":{"allow":["GET"]}}],"collection":[{"href":"https:\/\/ionscience.com\/fr\/wp-json\/wp\/v2\/pages"}],"about":[{"href":"https:\/\/ionscience.com\/fr\/wp-json\/wp\/v2\/types\/page"}],"author":[{"embeddable":true,"href":"https:\/\/ionscience.com\/fr\/wp-json\/wp\/v2\/users\/6"}],"replies":[{"embeddable":true,"href":"https:\/\/ionscience.com\/fr\/wp-json\/wp\/v2\/comments?post=213675"}],"version-history":[{"count":0,"href":"https:\/\/ionscience.com\/fr\/wp-json\/wp\/v2\/pages\/213675\/revisions"}],"up":[{"embeddable":true,"href":"https:\/\/ionscience.com\/fr\/wp-json\/wp\/v2\/pages\/213657"}],"wp:attachment":[{"href":"https:\/\/ionscience.com\/fr\/wp-json\/wp\/v2\/media?parent=213675"}],"curies":[{"name":"wp","href":"https:\/\/api.w.org\/{rel}","templated":true}]}}