{"id":213683,"date":"2021-05-13T16:16:45","date_gmt":"2021-05-13T15:16:45","guid":{"rendered":"https:\/\/ionscience.com\/detecteurs-de-gaz-et-de-fuites\/service-client\/logiciel-de-linstrument\/"},"modified":"2021-07-15T14:51:10","modified_gmt":"2021-07-15T13:51:10","slug":"logiciel-de-linstrument","status":"publish","type":"page","link":"https:\/\/ionscience.com\/fr\/detecteurs-de-gaz-et-de-fuites\/service-client\/logiciel-de-linstrument\/","title":{"rendered":"Logiciel de l&rsquo;instrument"},"content":{"rendered":"[vc_row type=\u00a0\u00bbin_container\u00a0\u00bb full_screen_row_position=\u00a0\u00bbmiddle\u00a0\u00bb column_margin=\u00a0\u00bbdefault\u00a0\u00bb column_direction=\u00a0\u00bbdefault\u00a0\u00bb column_direction_tablet=\u00a0\u00bbdefault\u00a0\u00bb column_direction_phone=\u00a0\u00bbdefault\u00a0\u00bb scene_position=\u00a0\u00bbcenter\u00a0\u00bb top_padding=\u00a0\u00bb3%\u00a0\u00bb text_color=\u00a0\u00bbdark\u00a0\u00bb text_align=\u00a0\u00bbleft\u00a0\u00bb row_border_radius=\u00a0\u00bbnone\u00a0\u00bb row_border_radius_applies=\u00a0\u00bbbg\u00a0\u00bb overlay_strength=\u00a0\u00bb0.3&Prime; gradient_direction=\u00a0\u00bbleft_to_right\u00a0\u00bb shape_divider_position=\u00a0\u00bbbottom\u00a0\u00bb bg_image_animation=\u00a0\u00bbnone\u00a0\u00bb shape_type=\u00a0\u00bb\u00a0\u00bb][vc_column column_padding=\u00a0\u00bbno-extra-padding\u00a0\u00bb column_padding_tablet=\u00a0\u00bbinherit\u00a0\u00bb column_padding_phone=\u00a0\u00bbinherit\u00a0\u00bb column_padding_position=\u00a0\u00bball\u00a0\u00bb background_color_opacity=\u00a0\u00bb1&Prime; background_hover_color_opacity=\u00a0\u00bb1&Prime; column_shadow=\u00a0\u00bbnone\u00a0\u00bb column_border_radius=\u00a0\u00bbnone\u00a0\u00bb column_link_target=\u00a0\u00bb_self\u00a0\u00bb gradient_direction=\u00a0\u00bbleft_to_right\u00a0\u00bb overlay_strength=\u00a0\u00bb0.3&Prime; width=\u00a0\u00bb2\/3&Prime; tablet_width_inherit=\u00a0\u00bbdefault\u00a0\u00bb tablet_text_alignment=\u00a0\u00bbdefault\u00a0\u00bb phone_text_alignment=\u00a0\u00bbdefault\u00a0\u00bb column_border_width=\u00a0\u00bbnone\u00a0\u00bb column_border_style=\u00a0\u00bbsolid\u00a0\u00bb bg_image_animation=\u00a0\u00bbnone\u00a0\u00bb][vc_column_text]\n<h1>Service client<\/h1>\n<h2>Logiciel de l&rsquo;instrument<\/h2>\n<p>Veuillez installer la derni\u00e8re version de votre logiciel d&rsquo;instrument pour vous assurer que vous \u00eates \u00e0 jour&nbsp;:[\/vc_column_text][\/vc_column][vc_column column_padding=\u00a0\u00bbno-extra-padding\u00a0\u00bb column_padding_tablet=\u00a0\u00bbinherit\u00a0\u00bb column_padding_phone=\u00a0\u00bbinherit\u00a0\u00bb column_padding_position=\u00a0\u00bball\u00a0\u00bb background_color_opacity=\u00a0\u00bb1&Prime; background_hover_color_opacity=\u00a0\u00bb1&Prime; column_shadow=\u00a0\u00bbnone\u00a0\u00bb column_border_radius=\u00a0\u00bbnone\u00a0\u00bb column_link_target=\u00a0\u00bb_self\u00a0\u00bb gradient_direction=\u00a0\u00bbleft_to_right\u00a0\u00bb overlay_strength=\u00a0\u00bb0.3&Prime; width=\u00a0\u00bb1\/3&Prime; tablet_width_inherit=\u00a0\u00bbdefault\u00a0\u00bb tablet_text_alignment=\u00a0\u00bbdefault\u00a0\u00bb phone_text_alignment=\u00a0\u00bbdefault\u00a0\u00bb column_border_width=\u00a0\u00bbnone\u00a0\u00bb column_border_style=\u00a0\u00bbsolid\u00a0\u00bb bg_image_animation=\u00a0\u00bbnone\u00a0\u00bb][\/vc_column][\/vc_row][vc_row type=\u00a0\u00bbin_container\u00a0\u00bb full_screen_row_position=\u00a0\u00bbmiddle\u00a0\u00bb column_margin=\u00a0\u00bbdefault\u00a0\u00bb column_direction=\u00a0\u00bbdefault\u00a0\u00bb column_direction_tablet=\u00a0\u00bbcolumn_reverse\u00a0\u00bb column_direction_phone=\u00a0\u00bbcolumn_reverse\u00a0\u00bb scene_position=\u00a0\u00bbcenter\u00a0\u00bb bottom_padding=\u00a0\u00bb3%\u00a0\u00bb text_color=\u00a0\u00bbdark\u00a0\u00bb text_align=\u00a0\u00bbleft\u00a0\u00bb row_border_radius=\u00a0\u00bbnone\u00a0\u00bb row_border_radius_applies=\u00a0\u00bbbg\u00a0\u00bb overlay_strength=\u00a0\u00bb0.3&Prime; gradient_direction=\u00a0\u00bbleft_to_right\u00a0\u00bb shape_divider_position=\u00a0\u00bbbottom\u00a0\u00bb bg_image_animation=\u00a0\u00bbnone\u00a0\u00bb shape_type=\u00a0\u00bb\u00a0\u00bb][vc_column column_padding=\u00a0\u00bbno-extra-padding\u00a0\u00bb column_padding_tablet=\u00a0\u00bbinherit\u00a0\u00bb column_padding_phone=\u00a0\u00bbinherit\u00a0\u00bb column_padding_position=\u00a0\u00bball\u00a0\u00bb background_color_opacity=\u00a0\u00bb1&Prime; background_hover_color_opacity=\u00a0\u00bb1&Prime; column_shadow=\u00a0\u00bbnone\u00a0\u00bb column_border_radius=\u00a0\u00bbnone\u00a0\u00bb column_link_target=\u00a0\u00bb_self\u00a0\u00bb gradient_direction=\u00a0\u00bbleft_to_right\u00a0\u00bb overlay_strength=\u00a0\u00bb0.3&Prime; width=\u00a0\u00bb1\/4&Prime; tablet_width_inherit=\u00a0\u00bbdefault\u00a0\u00bb tablet_text_alignment=\u00a0\u00bbdefault\u00a0\u00bb phone_text_alignment=\u00a0\u00bbdefault\u00a0\u00bb column_border_width=\u00a0\u00bbnone\u00a0\u00bb column_border_style=\u00a0\u00bbsolid\u00a0\u00bb bg_image_animation=\u00a0\u00bbnone\u00a0\u00bb][vc_wp_custommenu nav_menu=\u00a0\u00bb200&Prime;][\/vc_column][vc_column column_padding=\u00a0\u00bbno-extra-padding\u00a0\u00bb column_padding_tablet=\u00a0\u00bbinherit\u00a0\u00bb column_padding_phone=\u00a0\u00bbinherit\u00a0\u00bb column_padding_position=\u00a0\u00bball\u00a0\u00bb background_color_opacity=\u00a0\u00bb1&Prime; background_hover_color_opacity=\u00a0\u00bb1&Prime; column_shadow=\u00a0\u00bbnone\u00a0\u00bb column_border_radius=\u00a0\u00bbnone\u00a0\u00bb column_link_target=\u00a0\u00bb_self\u00a0\u00bb gradient_direction=\u00a0\u00bbleft_to_right\u00a0\u00bb overlay_strength=\u00a0\u00bb0.3&Prime; width=\u00a0\u00bb3\/4&Prime; tablet_width_inherit=\u00a0\u00bbdefault\u00a0\u00bb tablet_text_alignment=\u00a0\u00bbdefault\u00a0\u00bb phone_text_alignment=\u00a0\u00bbdefault\u00a0\u00bb column_border_width=\u00a0\u00bbnone\u00a0\u00bb column_border_style=\u00a0\u00bbsolid\u00a0\u00bb bg_image_animation=\u00a0\u00bbnone\u00a0\u00bb][vc_row_inner column_margin=\u00a0\u00bbdefault\u00a0\u00bb column_direction=\u00a0\u00bbdefault\u00a0\u00bb column_direction_tablet=\u00a0\u00bbdefault\u00a0\u00bb column_direction_phone=\u00a0\u00bbdefault\u00a0\u00bb text_align=\u00a0\u00bbleft\u00a0\u00bb][vc_column_inner column_padding=\u00a0\u00bbno-extra-padding\u00a0\u00bb column_padding_tablet=\u00a0\u00bbinherit\u00a0\u00bb column_padding_phone=\u00a0\u00bbinherit\u00a0\u00bb column_padding_position=\u00a0\u00bball\u00a0\u00bb background_color_opacity=\u00a0\u00bb1&Prime; background_hover_color_opacity=\u00a0\u00bb1&Prime; column_shadow=\u00a0\u00bbnone\u00a0\u00bb column_border_radius=\u00a0\u00bbnone\u00a0\u00bb column_link_target=\u00a0\u00bb_self\u00a0\u00bb gradient_direction=\u00a0\u00bbleft_to_right\u00a0\u00bb overlay_strength=\u00a0\u00bb0.3&Prime; width=\u00a0\u00bb1\/1&Prime; tablet_width_inherit=\u00a0\u00bbdefault\u00a0\u00bb column_border_width=\u00a0\u00bbnone\u00a0\u00bb column_border_style=\u00a0\u00bbsolid\u00a0\u00bb bg_image_animation=\u00a0\u00bbnone\u00a0\u00bb]\n\n<div class=\"widget-wrapper\">\n\n\t<h3>Logiciel<\/h3>\n\n\t<div class=\"single-file\">\n\t\t<a href=\"#\" download\n\t\t\ttitle=\"ION PC Software\" target=\"_blank\" class=\"0ebbc9ec-fd7d-4c13-b467-fa8599774617\">\n\t\t\t<span class=\"file-icon\"><img decoding=\"async\" src=\"https:\/\/e7552ege7qf.exactdn.com\/wp-content\/themes\/salient-child\/img\/icons\/zip-icon.jpg?strip=all&w=1080\" alt=\"\"><\/span>\n\t\t\t<span class=\"file-name\">ION PC Software<\/span>\n\t\t<\/a>\n\t<\/div>\n\n\t\t<div id=\"0ebbc9ec-fd7d-4c13-b467-fa8599774617\" class=\"email-popup-wrap\">\n\t\t<div id=\"close-popup\"><\/div>\n\t\t<div class=\"email-popup-inner\">\n\t\t\t<script>\n\t\t\t\tjQuery(\".0ebbc9ec-fd7d-4c13-b467-fa8599774617\").one(\"click\", function() {\n\t\t\t\t\thbspt.forms.create({\n\t\t\t\t\t\tportalId: \"3375710\",\n\t\t\t\t\t\tformId: \"0ebbc9ec-fd7d-4c13-b467-fa8599774617\",\n\t\t\t\t\t\t\/\/css: \"\",\n\t\t\t\t\t\t\/\/onFormSubmit: function($form) {\n\t\t\t\t\t\t\/\/\tsetTimeout(function(){window.location.reload();},800);\n\t\t\t\t\t\t\/\/}\n\t\t\t\t\t});\n\t\t\t\t});\n\t\t\t<\/script>\n\t\t\t<div id=\"close\"><a href=\"#\"><span class=\"icon-salient-x\" aria-hidden=\"true\"><\/span><\/a><\/div>\n\t\t<\/div><!-- \/.email-popup-inner -->\n\t<\/div><!-- \/#email-popup-wrap -->\n\t\n\t\n\n\t<div class=\"single-file\">\n\t\t<a href=\"#\" download\n\t\t\ttitle=\"Logiciel ARA DOCK4\" target=\"_blank\" class=\"7a1a2c03-45b1-459c-bce2-670db71b6657\">\n\t\t\t<span class=\"file-icon\"><img decoding=\"async\" src=\"https:\/\/e7552ege7qf.exactdn.com\/wp-content\/themes\/salient-child\/img\/icons\/zip-icon.jpg?strip=all&w=1080\" alt=\"\"><\/span>\n\t\t\t<span class=\"file-name\">Logiciel ARA DOCK4<\/span>\n\t\t<\/a>\n\t<\/div>\n\n\t\t<div id=\"7a1a2c03-45b1-459c-bce2-670db71b6657\" class=\"email-popup-wrap\">\n\t\t<div id=\"close-popup\"><\/div>\n\t\t<div class=\"email-popup-inner\">\n\t\t\t<script>\n\t\t\t\tjQuery(\".7a1a2c03-45b1-459c-bce2-670db71b6657\").one(\"click\", function() {\n\t\t\t\t\thbspt.forms.create({\n\t\t\t\t\t\tportalId: \"3375710\",\n\t\t\t\t\t\tformId: \"7a1a2c03-45b1-459c-bce2-670db71b6657\",\n\t\t\t\t\t\t\/\/css: \"\",\n\t\t\t\t\t\t\/\/onFormSubmit: function($form) {\n\t\t\t\t\t\t\/\/\tsetTimeout(function(){window.location.reload();},800);\n\t\t\t\t\t\t\/\/}\n\t\t\t\t\t});\n\t\t\t\t});\n\t\t\t<\/script>\n\t\t\t<div id=\"close\"><a href=\"#\"><span class=\"icon-salient-x\" aria-hidden=\"true\"><\/span><\/a><\/div>\n\t\t<\/div><!-- \/.email-popup-inner -->\n\t<\/div><!-- \/#email-popup-wrap -->\n\t\n\t\n\n\t<div class=\"single-file\">\n\t\t<a href=\"#\" download\n\t\t\ttitle=\"Logiciel Titan (FR)\" target=\"_blank\" class=\"4051d2fd-7f8a-4ec6-9018-d233435a4005\">\n\t\t\t<span class=\"file-icon\"><img decoding=\"async\" src=\"https:\/\/e7552ege7qf.exactdn.com\/wp-content\/themes\/salient-child\/img\/icons\/zip-icon.jpg?strip=all&w=1080\" alt=\"\"><\/span>\n\t\t\t<span class=\"file-name\">Logiciel Titan (FR)<\/span>\n\t\t<\/a>\n\t<\/div>\n\n\t\t<div id=\"4051d2fd-7f8a-4ec6-9018-d233435a4005\" class=\"email-popup-wrap\">\n\t\t<div id=\"close-popup\"><\/div>\n\t\t<div class=\"email-popup-inner\">\n\t\t\t<script>\n\t\t\t\tjQuery(\".4051d2fd-7f8a-4ec6-9018-d233435a4005\").one(\"click\", function() {\n\t\t\t\t\thbspt.forms.create({\n\t\t\t\t\t\tportalId: \"3375710\",\n\t\t\t\t\t\tformId: \"4051d2fd-7f8a-4ec6-9018-d233435a4005\",\n\t\t\t\t\t\t\/\/css: \"\",\n\t\t\t\t\t\t\/\/onFormSubmit: function($form) {\n\t\t\t\t\t\t\/\/\tsetTimeout(function(){window.location.reload();},800);\n\t\t\t\t\t\t\/\/}\n\t\t\t\t\t});\n\t\t\t\t});\n\t\t\t<\/script>\n\t\t\t<div id=\"close\"><a href=\"#\"><span class=\"icon-salient-x\" aria-hidden=\"true\"><\/span><\/a><\/div>\n\t\t<\/div><!-- \/.email-popup-inner -->\n\t<\/div><!-- \/#email-popup-wrap -->\n\t\n\t\n\n\t<div class=\"single-file\">\n\t\t<a href=\"#\" download\n\t\t\ttitle=\"Logiciel ARA PC (FR)\" target=\"_blank\" class=\"90606ed4-4154-44e9-8fad-00ebd021b8d6\">\n\t\t\t<span class=\"file-icon\"><img decoding=\"async\" src=\"https:\/\/e7552ege7qf.exactdn.com\/wp-content\/themes\/salient-child\/img\/icons\/zip-icon.jpg?strip=all&w=1080\" alt=\"\"><\/span>\n\t\t\t<span class=\"file-name\">Logiciel ARA PC (FR)<\/span>\n\t\t<\/a>\n\t<\/div>\n\n\t\t<div id=\"90606ed4-4154-44e9-8fad-00ebd021b8d6\" class=\"email-popup-wrap\">\n\t\t<div id=\"close-popup\"><\/div>\n\t\t<div class=\"email-popup-inner\">\n\t\t\t<script>\n\t\t\t\tjQuery(\".90606ed4-4154-44e9-8fad-00ebd021b8d6\").one(\"click\", function() {\n\t\t\t\t\thbspt.forms.create({\n\t\t\t\t\t\tportalId: \"3375710\",\n\t\t\t\t\t\tformId: \"90606ed4-4154-44e9-8fad-00ebd021b8d6\",\n\t\t\t\t\t\t\/\/css: \"\",\n\t\t\t\t\t\t\/\/onFormSubmit: function($form) {\n\t\t\t\t\t\t\/\/\tsetTimeout(function(){window.location.reload();},800);\n\t\t\t\t\t\t\/\/}\n\t\t\t\t\t});\n\t\t\t\t});\n\t\t\t<\/script>\n\t\t\t<div id=\"close\"><a href=\"#\"><span class=\"icon-salient-x\" aria-hidden=\"true\"><\/span><\/a><\/div>\n\t\t<\/div><!-- \/.email-popup-inner -->\n\t<\/div><!-- \/#email-popup-wrap -->\n\t\n\t\n\n\t<div class=\"single-file\">\n\t\t<a href=\"#\" download\n\t\t\ttitle=\"Logiciel GasClam 2 (FR)\" target=\"_blank\" class=\"4f17d088-ff65-45b9-8c28-1c77681eb8fe\">\n\t\t\t<span class=\"file-icon\"><img decoding=\"async\" src=\"https:\/\/e7552ege7qf.exactdn.com\/wp-content\/themes\/salient-child\/img\/icons\/zip-icon.jpg?strip=all&w=1080\" alt=\"\"><\/span>\n\t\t\t<span class=\"file-name\">Logiciel GasClam 2 (FR)<\/span>\n\t\t<\/a>\n\t<\/div>\n\n\t\t<div id=\"4f17d088-ff65-45b9-8c28-1c77681eb8fe\" class=\"email-popup-wrap\">\n\t\t<div id=\"close-popup\"><\/div>\n\t\t<div class=\"email-popup-inner\">\n\t\t\t<script>\n\t\t\t\tjQuery(\".4f17d088-ff65-45b9-8c28-1c77681eb8fe\").one(\"click\", function() {\n\t\t\t\t\thbspt.forms.create({\n\t\t\t\t\t\tportalId: \"3375710\",\n\t\t\t\t\t\tformId: \"4f17d088-ff65-45b9-8c28-1c77681eb8fe\",\n\t\t\t\t\t\t\/\/css: \"\",\n\t\t\t\t\t\t\/\/onFormSubmit: function($form) {\n\t\t\t\t\t\t\/\/\tsetTimeout(function(){window.location.reload();},800);\n\t\t\t\t\t\t\/\/}\n\t\t\t\t\t});\n\t\t\t\t});\n\t\t\t<\/script>\n\t\t\t<div id=\"close\"><a href=\"#\"><span class=\"icon-salient-x\" aria-hidden=\"true\"><\/span><\/a><\/div>\n\t\t<\/div><!-- \/.email-popup-inner -->\n\t<\/div><!-- \/#email-popup-wrap -->\n\t\n\t\n\n\t<div class=\"single-file\">\n\t\t<a href=\"#\" download\n\t\t\ttitle=\"Logiciel Tiger PC (FR) (Tiger, Tiger XT, Tiger Select, Tiger XT Select)\" target=\"_blank\" class=\"3d7f921a-4a59-476a-ac61-5d2717547ef4\">\n\t\t\t<span class=\"file-icon\"><img decoding=\"async\" src=\"https:\/\/e7552ege7qf.exactdn.com\/wp-content\/themes\/salient-child\/img\/icons\/zip-icon.jpg?strip=all&w=1080\" alt=\"\"><\/span>\n\t\t\t<span class=\"file-name\">Logiciel Tiger PC (FR) (Tiger, Tiger XT, Tiger Select, Tiger XT Select)<\/span>\n\t\t<\/a>\n\t<\/div>\n\n\t\t<div id=\"3d7f921a-4a59-476a-ac61-5d2717547ef4\" class=\"email-popup-wrap\">\n\t\t<div id=\"close-popup\"><\/div>\n\t\t<div class=\"email-popup-inner\">\n\t\t\t<script>\n\t\t\t\tjQuery(\".3d7f921a-4a59-476a-ac61-5d2717547ef4\").one(\"click\", function() {\n\t\t\t\t\thbspt.forms.create({\n\t\t\t\t\t\tportalId: \"3375710\",\n\t\t\t\t\t\tformId: \"3d7f921a-4a59-476a-ac61-5d2717547ef4\",\n\t\t\t\t\t\t\/\/css: \"\",\n\t\t\t\t\t\t\/\/onFormSubmit: function($form) {\n\t\t\t\t\t\t\/\/\tsetTimeout(function(){window.location.reload();},800);\n\t\t\t\t\t\t\/\/}\n\t\t\t\t\t});\n\t\t\t\t});\n\t\t\t<\/script>\n\t\t\t<div id=\"close\"><a href=\"#\"><span class=\"icon-salient-x\" aria-hidden=\"true\"><\/span><\/a><\/div>\n\t\t<\/div><!-- \/.email-popup-inner -->\n\t<\/div><!-- \/#email-popup-wrap -->\n\t\n\t\n\n\t<div class=\"single-file\">\n\t\t<a href=\"#\" download\n\t\t\ttitle=\"Logiciel Tiger LT PC (FR) (Tiger LT, Tiger XTL)\" target=\"_blank\" class=\"4baf248a-aa6e-4bd9-ae58-cd4fc05e1064\">\n\t\t\t<span class=\"file-icon\"><img decoding=\"async\" src=\"https:\/\/e7552ege7qf.exactdn.com\/wp-content\/themes\/salient-child\/img\/icons\/zip-icon.jpg?strip=all&w=1080\" alt=\"\"><\/span>\n\t\t\t<span class=\"file-name\">Logiciel Tiger LT PC (FR) (Tiger LT, Tiger XTL)<\/span>\n\t\t<\/a>\n\t<\/div>\n\n\t\t<div id=\"4baf248a-aa6e-4bd9-ae58-cd4fc05e1064\" class=\"email-popup-wrap\">\n\t\t<div id=\"close-popup\"><\/div>\n\t\t<div class=\"email-popup-inner\">\n\t\t\t<script>\n\t\t\t\tjQuery(\".4baf248a-aa6e-4bd9-ae58-cd4fc05e1064\").one(\"click\", function() {\n\t\t\t\t\thbspt.forms.create({\n\t\t\t\t\t\tportalId: \"3375710\",\n\t\t\t\t\t\tformId: \"4baf248a-aa6e-4bd9-ae58-cd4fc05e1064\",\n\t\t\t\t\t\t\/\/css: \"\",\n\t\t\t\t\t\t\/\/onFormSubmit: function($form) {\n\t\t\t\t\t\t\/\/\tsetTimeout(function(){window.location.reload();},800);\n\t\t\t\t\t\t\/\/}\n\t\t\t\t\t});\n\t\t\t\t});\n\t\t\t<\/script>\n\t\t\t<div id=\"close\"><a href=\"#\"><span class=\"icon-salient-x\" aria-hidden=\"true\"><\/span><\/a><\/div>\n\t\t<\/div><!-- \/.email-popup-inner -->\n\t<\/div><!-- \/#email-popup-wrap -->\n\t\n\t\n\n\t<div class=\"single-file\">\n\t\t<a href=\"#\" download\n\t\t\ttitle=\"Logiciel Cub (FR)\" target=\"_blank\" class=\"01bf8fa8-cab2-40fd-be68-08e2de7894f4\">\n\t\t\t<span class=\"file-icon\"><img decoding=\"async\" src=\"https:\/\/e7552ege7qf.exactdn.com\/wp-content\/themes\/salient-child\/img\/icons\/zip-icon.jpg?strip=all&w=1080\" alt=\"\"><\/span>\n\t\t\t<span class=\"file-name\">Logiciel Cub (FR)<\/span>\n\t\t<\/a>\n\t<\/div>\n\n\t\t<div id=\"01bf8fa8-cab2-40fd-be68-08e2de7894f4\" class=\"email-popup-wrap\">\n\t\t<div id=\"close-popup\"><\/div>\n\t\t<div class=\"email-popup-inner\">\n\t\t\t<script>\n\t\t\t\tjQuery(\".01bf8fa8-cab2-40fd-be68-08e2de7894f4\").one(\"click\", function() {\n\t\t\t\t\thbspt.forms.create({\n\t\t\t\t\t\tportalId: \"3375710\",\n\t\t\t\t\t\tformId: \"01bf8fa8-cab2-40fd-be68-08e2de7894f4\",\n\t\t\t\t\t\t\/\/css: \"\",\n\t\t\t\t\t\t\/\/onFormSubmit: function($form) {\n\t\t\t\t\t\t\/\/\tsetTimeout(function(){window.location.reload();},800);\n\t\t\t\t\t\t\/\/}\n\t\t\t\t\t});\n\t\t\t\t});\n\t\t\t<\/script>\n\t\t\t<div id=\"close\"><a href=\"#\"><span class=\"icon-salient-x\" aria-hidden=\"true\"><\/span><\/a><\/div>\n\t\t<\/div><!-- \/.email-popup-inner -->\n\t<\/div><!-- \/#email-popup-wrap -->\n\t\n\t\n<\/div><!-- \/.widget-wrapper -->\n[\/vc_column_inner][\/vc_row_inner][\/vc_column][\/vc_row]\n","protected":false},"excerpt":{"rendered":"","protected":false},"author":6,"featured_media":0,"parent":213657,"menu_order":242,"comment_status":"closed","ping_status":"open","template":"","meta":{"_acf_changed":false,"footnotes":""},"class_list":["post-213683","page","type-page","status-publish"],"acf":[],"yoast_head":"<!-- This site is optimized with the Yoast SEO plugin v27.2 - https:\/\/yoast.com\/product\/yoast-seo-wordpress\/ -->\n<title>Logiciel de l&#039;instrument - Ion Science UK<\/title>\n<meta name=\"robots\" content=\"index, follow, max-snippet:-1, max-image-preview:large, max-video-preview:-1\" \/>\n<link rel=\"canonical\" href=\"https:\/\/ionscience.com\/fr\/detecteurs-de-gaz-et-de-fuites\/service-client\/logiciel-de-linstrument\/\" \/>\n<meta property=\"og:locale\" content=\"fr_FR\" \/>\n<meta property=\"og:type\" content=\"article\" \/>\n<meta property=\"og:title\" content=\"Logiciel de l&#039;instrument - Ion Science UK\" \/>\n<meta property=\"og:url\" content=\"https:\/\/ionscience.com\/fr\/detecteurs-de-gaz-et-de-fuites\/service-client\/logiciel-de-linstrument\/\" \/>\n<meta property=\"og:site_name\" content=\"Ion Science UK\" \/>\n<meta property=\"article:modified_time\" content=\"2021-07-15T13:51:10+00:00\" \/>\n<meta name=\"twitter:card\" content=\"summary_large_image\" \/>\n<meta name=\"twitter:label1\" content=\"Est. reading time\" \/>\n\t<meta name=\"twitter:data1\" content=\"3 minutes\" \/>\n<script type=\"application\/ld+json\" class=\"yoast-schema-graph\">{\"@context\":\"https:\/\/schema.org\",\"@graph\":[{\"@type\":\"WebPage\",\"@id\":\"https:\/\/ionscience.com\/fr\/detecteurs-de-gaz-et-de-fuites\/service-client\/logiciel-de-linstrument\/\",\"url\":\"https:\/\/ionscience.com\/fr\/detecteurs-de-gaz-et-de-fuites\/service-client\/logiciel-de-linstrument\/\",\"name\":\"Logiciel de l'instrument - Ion Science UK\",\"isPartOf\":{\"@id\":\"https:\/\/ionscience.com\/en\/#website\"},\"datePublished\":\"2021-05-13T15:16:45+00:00\",\"dateModified\":\"2021-07-15T13:51:10+00:00\",\"breadcrumb\":{\"@id\":\"https:\/\/ionscience.com\/fr\/detecteurs-de-gaz-et-de-fuites\/service-client\/logiciel-de-linstrument\/#breadcrumb\"},\"inLanguage\":\"fr-FR\",\"potentialAction\":[{\"@type\":\"ReadAction\",\"target\":[\"https:\/\/ionscience.com\/fr\/detecteurs-de-gaz-et-de-fuites\/service-client\/logiciel-de-linstrument\/\"]}]},{\"@type\":\"BreadcrumbList\",\"@id\":\"https:\/\/ionscience.com\/fr\/detecteurs-de-gaz-et-de-fuites\/service-client\/logiciel-de-linstrument\/#breadcrumb\",\"itemListElement\":[{\"@type\":\"ListItem\",\"position\":1,\"name\":\"Accueil\",\"item\":\"https:\/\/ionscience.com\/fr\/\"},{\"@type\":\"ListItem\",\"position\":2,\"name\":\"D\u00e9tecteurs de gaz et de fuites\",\"item\":\"https:\/\/ionscience.com\/fr\/detecteurs-de-gaz-et-de-fuites\/\"},{\"@type\":\"ListItem\",\"position\":3,\"name\":\"Service client\",\"item\":\"https:\/\/ionscience.com\/fr\/detecteurs-de-gaz-et-de-fuites\/service-client\/\"},{\"@type\":\"ListItem\",\"position\":4,\"name\":\"Logiciel de l&rsquo;instrument\"}]},{\"@type\":\"WebSite\",\"@id\":\"https:\/\/ionscience.com\/en\/#website\",\"url\":\"https:\/\/ionscience.com\/en\/\",\"name\":\"Ion Science UK\",\"description\":\"Advanced gas detectors, PID\/VOC detectors, SF6 leak detectors, corrosion monitors, mercury vapour detectors\",\"potentialAction\":[{\"@type\":\"SearchAction\",\"target\":{\"@type\":\"EntryPoint\",\"urlTemplate\":\"https:\/\/ionscience.com\/en\/?s={search_term_string}\"},\"query-input\":{\"@type\":\"PropertyValueSpecification\",\"valueRequired\":true,\"valueName\":\"search_term_string\"}}],\"inLanguage\":\"fr-FR\"}]}<\/script>\n<!-- \/ Yoast SEO plugin. -->","yoast_head_json":{"title":"Logiciel de l'instrument - Ion Science UK","robots":{"index":"index","follow":"follow","max-snippet":"max-snippet:-1","max-image-preview":"max-image-preview:large","max-video-preview":"max-video-preview:-1"},"canonical":"https:\/\/ionscience.com\/fr\/detecteurs-de-gaz-et-de-fuites\/service-client\/logiciel-de-linstrument\/","og_locale":"fr_FR","og_type":"article","og_title":"Logiciel de l'instrument - Ion Science UK","og_url":"https:\/\/ionscience.com\/fr\/detecteurs-de-gaz-et-de-fuites\/service-client\/logiciel-de-linstrument\/","og_site_name":"Ion Science UK","article_modified_time":"2021-07-15T13:51:10+00:00","twitter_card":"summary_large_image","twitter_misc":{"Est. reading time":"3 minutes"},"schema":{"@context":"https:\/\/schema.org","@graph":[{"@type":"WebPage","@id":"https:\/\/ionscience.com\/fr\/detecteurs-de-gaz-et-de-fuites\/service-client\/logiciel-de-linstrument\/","url":"https:\/\/ionscience.com\/fr\/detecteurs-de-gaz-et-de-fuites\/service-client\/logiciel-de-linstrument\/","name":"Logiciel de l'instrument - Ion Science UK","isPartOf":{"@id":"https:\/\/ionscience.com\/en\/#website"},"datePublished":"2021-05-13T15:16:45+00:00","dateModified":"2021-07-15T13:51:10+00:00","breadcrumb":{"@id":"https:\/\/ionscience.com\/fr\/detecteurs-de-gaz-et-de-fuites\/service-client\/logiciel-de-linstrument\/#breadcrumb"},"inLanguage":"fr-FR","potentialAction":[{"@type":"ReadAction","target":["https:\/\/ionscience.com\/fr\/detecteurs-de-gaz-et-de-fuites\/service-client\/logiciel-de-linstrument\/"]}]},{"@type":"BreadcrumbList","@id":"https:\/\/ionscience.com\/fr\/detecteurs-de-gaz-et-de-fuites\/service-client\/logiciel-de-linstrument\/#breadcrumb","itemListElement":[{"@type":"ListItem","position":1,"name":"Accueil","item":"https:\/\/ionscience.com\/fr\/"},{"@type":"ListItem","position":2,"name":"D\u00e9tecteurs de gaz et de fuites","item":"https:\/\/ionscience.com\/fr\/detecteurs-de-gaz-et-de-fuites\/"},{"@type":"ListItem","position":3,"name":"Service client","item":"https:\/\/ionscience.com\/fr\/detecteurs-de-gaz-et-de-fuites\/service-client\/"},{"@type":"ListItem","position":4,"name":"Logiciel de l&rsquo;instrument"}]},{"@type":"WebSite","@id":"https:\/\/ionscience.com\/en\/#website","url":"https:\/\/ionscience.com\/en\/","name":"Ion Science UK","description":"Advanced gas detectors, PID\/VOC detectors, SF6 leak detectors, corrosion monitors, mercury vapour detectors","potentialAction":[{"@type":"SearchAction","target":{"@type":"EntryPoint","urlTemplate":"https:\/\/ionscience.com\/en\/?s={search_term_string}"},"query-input":{"@type":"PropertyValueSpecification","valueRequired":true,"valueName":"search_term_string"}}],"inLanguage":"fr-FR"}]}},"_links":{"self":[{"href":"https:\/\/ionscience.com\/fr\/wp-json\/wp\/v2\/pages\/213683","targetHints":{"allow":["GET"]}}],"collection":[{"href":"https:\/\/ionscience.com\/fr\/wp-json\/wp\/v2\/pages"}],"about":[{"href":"https:\/\/ionscience.com\/fr\/wp-json\/wp\/v2\/types\/page"}],"author":[{"embeddable":true,"href":"https:\/\/ionscience.com\/fr\/wp-json\/wp\/v2\/users\/6"}],"replies":[{"embeddable":true,"href":"https:\/\/ionscience.com\/fr\/wp-json\/wp\/v2\/comments?post=213683"}],"version-history":[{"count":0,"href":"https:\/\/ionscience.com\/fr\/wp-json\/wp\/v2\/pages\/213683\/revisions"}],"up":[{"embeddable":true,"href":"https:\/\/ionscience.com\/fr\/wp-json\/wp\/v2\/pages\/213657"}],"wp:attachment":[{"href":"https:\/\/ionscience.com\/fr\/wp-json\/wp\/v2\/media?parent=213683"}],"curies":[{"name":"wp","href":"https:\/\/api.w.org\/{rel}","templated":true}]}}