{"id":214091,"date":"2021-05-21T18:19:11","date_gmt":"2021-05-21T17:19:11","guid":{"rendered":"https:\/\/ionscience.com\/detecteurs-de-gaz-et-de-fuites\/etalonnage\/"},"modified":"2021-07-07T17:07:39","modified_gmt":"2021-07-07T16:07:39","slug":"etalonnage","status":"publish","type":"page","link":"https:\/\/ionscience.com\/fr\/detecteurs-de-gaz-et-de-fuites\/etalonnage\/","title":{"rendered":"\u00c9talonnage"},"content":{"rendered":"[vc_row type=\u00a0\u00bbin_container\u00a0\u00bb full_screen_row_position=\u00a0\u00bbmiddle\u00a0\u00bb column_margin=\u00a0\u00bbdefault\u00a0\u00bb column_direction=\u00a0\u00bbdefault\u00a0\u00bb column_direction_tablet=\u00a0\u00bbdefault\u00a0\u00bb column_direction_phone=\u00a0\u00bbdefault\u00a0\u00bb scene_position=\u00a0\u00bbcenter\u00a0\u00bb top_padding=\u00a0\u00bb3%\u00a0\u00bb text_color=\u00a0\u00bbdark\u00a0\u00bb text_align=\u00a0\u00bbleft\u00a0\u00bb row_border_radius=\u00a0\u00bbnone\u00a0\u00bb row_border_radius_applies=\u00a0\u00bbbg\u00a0\u00bb overlay_strength=\u00a0\u00bb0.3&Prime; gradient_direction=\u00a0\u00bbleft_to_right\u00a0\u00bb shape_divider_position=\u00a0\u00bbbottom\u00a0\u00bb bg_image_animation=\u00a0\u00bbnone\u00a0\u00bb shape_type=\u00a0\u00bb\u00a0\u00bb][vc_column column_padding=\u00a0\u00bbno-extra-padding\u00a0\u00bb column_padding_tablet=\u00a0\u00bbinherit\u00a0\u00bb column_padding_phone=\u00a0\u00bbinherit\u00a0\u00bb column_padding_position=\u00a0\u00bball\u00a0\u00bb background_color_opacity=\u00a0\u00bb1&Prime; background_hover_color_opacity=\u00a0\u00bb1&Prime; column_shadow=\u00a0\u00bbnone\u00a0\u00bb column_border_radius=\u00a0\u00bbnone\u00a0\u00bb column_link_target=\u00a0\u00bb_self\u00a0\u00bb gradient_direction=\u00a0\u00bbleft_to_right\u00a0\u00bb overlay_strength=\u00a0\u00bb0.3&Prime; width=\u00a0\u00bb2\/3&Prime; tablet_width_inherit=\u00a0\u00bbdefault\u00a0\u00bb tablet_text_alignment=\u00a0\u00bbdefault\u00a0\u00bb phone_text_alignment=\u00a0\u00bbdefault\u00a0\u00bb column_border_width=\u00a0\u00bbnone\u00a0\u00bb column_border_style=\u00a0\u00bbsolid\u00a0\u00bb bg_image_animation=\u00a0\u00bbnone\u00a0\u00bb][vc_column_text]\n<h1>\u00c9talonnage<\/h1>\n<p>ION Science recommande que vos instruments soient recalibr\u00e9s annuellement pour garantir qu&rsquo;ils continuent \u00e0 vous fournir des r\u00e9sultats pr\u00e9cis et fiables et qu&rsquo;ils conservent leur garantie prolong\u00e9e. Choisissez la bonne solution d&rsquo;\u00e9talonnage dans notre gamme ci-dessous.<\/p>\n[\/vc_column_text][\/vc_column][vc_column column_padding=\u00a0\u00bbno-extra-padding\u00a0\u00bb column_padding_tablet=\u00a0\u00bbinherit\u00a0\u00bb column_padding_phone=\u00a0\u00bbinherit\u00a0\u00bb column_padding_position=\u00a0\u00bball\u00a0\u00bb background_color_opacity=\u00a0\u00bb1&Prime; background_hover_color_opacity=\u00a0\u00bb1&Prime; column_shadow=\u00a0\u00bbnone\u00a0\u00bb column_border_radius=\u00a0\u00bbnone\u00a0\u00bb column_link_target=\u00a0\u00bb_self\u00a0\u00bb gradient_direction=\u00a0\u00bbleft_to_right\u00a0\u00bb overlay_strength=\u00a0\u00bb0.3&Prime; width=\u00a0\u00bb1\/3&Prime; tablet_width_inherit=\u00a0\u00bbdefault\u00a0\u00bb tablet_text_alignment=\u00a0\u00bbdefault\u00a0\u00bb phone_text_alignment=\u00a0\u00bbdefault\u00a0\u00bb column_border_width=\u00a0\u00bbnone\u00a0\u00bb column_border_style=\u00a0\u00bbsolid\u00a0\u00bb bg_image_animation=\u00a0\u00bbnone\u00a0\u00bb][\/vc_column][\/vc_row][vc_row type=\u00a0\u00bbin_container\u00a0\u00bb full_screen_row_position=\u00a0\u00bbmiddle\u00a0\u00bb column_margin=\u00a0\u00bbdefault\u00a0\u00bb column_direction=\u00a0\u00bbdefault\u00a0\u00bb column_direction_tablet=\u00a0\u00bbcolumn_reverse\u00a0\u00bb column_direction_phone=\u00a0\u00bbcolumn_reverse\u00a0\u00bb scene_position=\u00a0\u00bbcenter\u00a0\u00bb bottom_padding=\u00a0\u00bb20&Prime; text_color=\u00a0\u00bbdark\u00a0\u00bb text_align=\u00a0\u00bbleft\u00a0\u00bb row_border_radius=\u00a0\u00bbnone\u00a0\u00bb row_border_radius_applies=\u00a0\u00bbbg\u00a0\u00bb overlay_strength=\u00a0\u00bb0.3&Prime; gradient_direction=\u00a0\u00bbleft_to_right\u00a0\u00bb shape_divider_position=\u00a0\u00bbbottom\u00a0\u00bb bg_image_animation=\u00a0\u00bbnone\u00a0\u00bb shape_type=\u00a0\u00bb\u00a0\u00bb][vc_column column_padding=\u00a0\u00bbno-extra-padding\u00a0\u00bb column_padding_tablet=\u00a0\u00bbinherit\u00a0\u00bb column_padding_phone=\u00a0\u00bbinherit\u00a0\u00bb column_padding_position=\u00a0\u00bball\u00a0\u00bb background_color_opacity=\u00a0\u00bb1&Prime; background_hover_color_opacity=\u00a0\u00bb1&Prime; column_shadow=\u00a0\u00bbnone\u00a0\u00bb column_border_radius=\u00a0\u00bbnone\u00a0\u00bb column_link_target=\u00a0\u00bb_self\u00a0\u00bb gradient_direction=\u00a0\u00bbleft_to_right\u00a0\u00bb overlay_strength=\u00a0\u00bb0.3&Prime; width=\u00a0\u00bb1\/4&Prime; tablet_width_inherit=\u00a0\u00bbdefault\u00a0\u00bb tablet_text_alignment=\u00a0\u00bbdefault\u00a0\u00bb phone_text_alignment=\u00a0\u00bbdefault\u00a0\u00bb column_border_width=\u00a0\u00bbnone\u00a0\u00bb column_border_style=\u00a0\u00bbsolid\u00a0\u00bb bg_image_animation=\u00a0\u00bbnone\u00a0\u00bb][vc_wp_custommenu nav_menu=\u00a0\u00bb199&Prime;][\/vc_column][vc_column column_padding=\u00a0\u00bbno-extra-padding\u00a0\u00bb column_padding_tablet=\u00a0\u00bbinherit\u00a0\u00bb column_padding_phone=\u00a0\u00bbinherit\u00a0\u00bb column_padding_position=\u00a0\u00bball\u00a0\u00bb bottom_margin=\u00a0\u00bb20&Prime; background_color_opacity=\u00a0\u00bb1&Prime; background_hover_color_opacity=\u00a0\u00bb1&Prime; column_shadow=\u00a0\u00bbnone\u00a0\u00bb column_border_radius=\u00a0\u00bbnone\u00a0\u00bb column_link_target=\u00a0\u00bb_self\u00a0\u00bb gradient_direction=\u00a0\u00bbleft_to_right\u00a0\u00bb overlay_strength=\u00a0\u00bb0.3&Prime; width=\u00a0\u00bb3\/4&Prime; tablet_width_inherit=\u00a0\u00bbdefault\u00a0\u00bb tablet_text_alignment=\u00a0\u00bbdefault\u00a0\u00bb phone_text_alignment=\u00a0\u00bbdefault\u00a0\u00bb column_border_width=\u00a0\u00bbnone\u00a0\u00bb column_border_style=\u00a0\u00bbsolid\u00a0\u00bb bg_image_animation=\u00a0\u00bbnone\u00a0\u00bb][vc_row_inner column_margin=\u00a0\u00bbdefault\u00a0\u00bb column_direction=\u00a0\u00bbdefault\u00a0\u00bb column_direction_tablet=\u00a0\u00bbdefault\u00a0\u00bb column_direction_phone=\u00a0\u00bbdefault\u00a0\u00bb text_align=\u00a0\u00bbleft\u00a0\u00bb][vc_column_inner column_padding=\u00a0\u00bbno-extra-padding\u00a0\u00bb column_padding_tablet=\u00a0\u00bbinherit\u00a0\u00bb column_padding_phone=\u00a0\u00bbinherit\u00a0\u00bb column_padding_position=\u00a0\u00bball\u00a0\u00bb background_color_opacity=\u00a0\u00bb1&Prime; background_hover_color_opacity=\u00a0\u00bb1&Prime; column_shadow=\u00a0\u00bbnone\u00a0\u00bb column_border_radius=\u00a0\u00bbnone\u00a0\u00bb column_link_target=\u00a0\u00bb_self\u00a0\u00bb gradient_direction=\u00a0\u00bbleft_to_right\u00a0\u00bb overlay_strength=\u00a0\u00bb0.3&Prime; width=\u00a0\u00bb1\/1&Prime; tablet_width_inherit=\u00a0\u00bbdefault\u00a0\u00bb column_border_width=\u00a0\u00bbnone\u00a0\u00bb column_border_style=\u00a0\u00bbsolid\u00a0\u00bb bg_image_animation=\u00a0\u00bbnone\u00a0\u00bb]\n\n<div class=\"wrapper widget-wrapper\">\n\n\t\n\n\t\n\t\t<div class=\"products-dropdown\">\n\n\t\t\t\n\t\t\t<form name=\"\" action=\"\" method=\"post\">\n\t\t\t\t<select name=\"product\" onchange=\"this.form.submit()\">\n          <option selected hidden value=\"0\">Tous les types de d\u00e9tecteurs<\/option>\n\t\t\t\t\t\t<option value=\"D\u00e9tecteurs de fuites\" >D\u00e9tecteurs de fuites<\/option><option value=\"D\u00e9tecteurs de gaz\" >D\u00e9tecteurs de gaz<\/option>\t\t\t\t<\/select>\n\t\t\t<\/form>\n\t\t<\/div><!-- \/.products-dropdown -->\n\t\n\t\n\t\n\t\t\t<div class=\"custom-grid-3-2-1\">\n\t\t\t\n\t\t\t\t\t<div class=\"item\">\n\t\t\t\t\t\t\t<div class=\"featured-image-wrap\">\n\t\t\t\t\t\t\t\t\t\t\t\t\t\t\t\t\t<a href=\"https:\/\/ionscience.com\/fr\/produits\/fuites-etalonnees\/\" title=\"Fuites \u00e9talonn\u00e9es\"><img decoding=\"async\" class=\"featured-image\" src=\"https:\/\/e7552ege7qf.exactdn.com\/wp-content\/uploads\/2021\/06\/calibrated-leaks-thumbnail-image-400x300.jpg?strip=all\" \/><\/a>\n\t\t\t\t\t\t\t\t\t\t\t\t\t\t\t<\/div><!-- \/.featured-image-wrap -->\n\n\t\t\t\t\t\t\t<div class=\"item-content-wrapper\">\n\t\t\t\t\t\t\t\t<h5>\t<a href=\"https:\/\/ionscience.com\/fr\/produits\/fuites-etalonnees\/\" title=\"Fuites \u00e9talonn\u00e9es\">Fuites \u00e9talonn\u00e9es<\/a><\/h5>\n\n\t\t\t\t\t\t\t\t<div class=\"item-content\">\n\t\t\t\t\t\t\t\t\t\t\t\t\t\t\t\t\t\t\t<p>Stabilit\u00e9 exceptionnelle \u00e0 long terme. Fuites calibr\u00e9es produites selon vos exigences pr\u00e9cises de pression et de d\u00e9bit.<\/p>\n\t\t\t\t\t\t\t\t\t\t\t\t\t\t\t\t\t<\/div>\n\n                <a class=\"nectar-button large see-through accent-color\" style=\"visibility: visible; color: rgb(0, 0, 0); border-color: rgba(0, 0, 0, 0.75);\" href=\"https:\/\/ionscience.com\/fr\/produits\/fuites-etalonnees\/\" data-color-override=\"false\" data-hover-color-override=\"false\" data-hover-text-color-override=\"#fff\"><span>D\u00e9tails du produit<\/span><\/a>\n\n\t\t\t\t\t\t\t<\/div><!-- \/.item-content -->\n\n\t\t\t\t\t<\/div><!-- \/.item -->\n\n\t\t\t\n\t\t\t\t\t<div class=\"item\">\n\t\t\t\t\t\t\t<div class=\"featured-image-wrap\">\n\t\t\t\t\t\t\t\t\t\t\t\t\t\t\t\t\t<a href=\"https:\/\/ionscience.com\/fr\/produits\/kit-detalonnage\/\" title=\"kit d&rsquo;\u00e9talonnage\"><img decoding=\"async\" class=\"featured-image\" src=\"https:\/\/e7552ege7qf.exactdn.com\/wp-content\/uploads\/2021\/06\/calibration-kit-thumbnail-400x300.jpg?strip=all\" \/><\/a>\n\t\t\t\t\t\t\t\t\t\t\t\t\t\t\t<\/div><!-- \/.featured-image-wrap -->\n\n\t\t\t\t\t\t\t<div class=\"item-content-wrapper\">\n\t\t\t\t\t\t\t\t<h5>\t<a href=\"https:\/\/ionscience.com\/fr\/produits\/kit-detalonnage\/\" title=\"kit d&rsquo;\u00e9talonnage\">kit d&rsquo;\u00e9talonnage<\/a><\/h5>\n\n\t\t\t\t\t\t\t\t<div class=\"item-content\">\n\t\t\t\t\t\t\t\t\t\t\t\t\t\t\t\t\t\t\t<p>Le kit d'\u00e9talonnage ION Science est un excellent moyen de s'assurer que votre instrument est \u00e9talonn\u00e9 correctement et en toute s\u00e9curit\u00e9.<\/p>\n\t\t\t\t\t\t\t\t\t\t\t\t\t\t\t\t\t<\/div>\n\n                <a class=\"nectar-button large see-through accent-color\" style=\"visibility: visible; color: rgb(0, 0, 0); border-color: rgba(0, 0, 0, 0.75);\" href=\"https:\/\/ionscience.com\/fr\/produits\/kit-detalonnage\/\" data-color-override=\"false\" data-hover-color-override=\"false\" data-hover-text-color-override=\"#fff\"><span>D\u00e9tails du produit<\/span><\/a>\n\n\t\t\t\t\t\t\t<\/div><!-- \/.item-content -->\n\n\t\t\t\t\t<\/div><!-- \/.item -->\n\n\t\t\t\t\t<\/div><!-- \/.custom-grid -->\n\n<\/div><!-- \/.wrapper -->\n[\/vc_column_inner][\/vc_row_inner][\/vc_column][\/vc_row]\n","protected":false},"excerpt":{"rendered":"<p>Recalibr\u00e9 sur une base annuelle pour s&rsquo;assurer qu&rsquo;ils continuent \u00e0 vous fournir des r\u00e9sultats pr\u00e9cis et fiables. Choisissez la bonne solution d&rsquo;\u00e9talonnage dans notre gamme.<\/p>\n","protected":false},"author":6,"featured_media":0,"parent":213649,"menu_order":279,"comment_status":"closed","ping_status":"open","template":"","meta":{"_acf_changed":false,"footnotes":""},"class_list":["post-214091","page","type-page","status-publish"],"acf":[],"yoast_head":"<!-- This site is optimized with the Yoast SEO plugin v27.2 - https:\/\/yoast.com\/product\/yoast-seo-wordpress\/ -->\n<title>\u00c9talonnage - Ion Science UK<\/title>\n<meta name=\"robots\" content=\"index, follow, max-snippet:-1, max-image-preview:large, max-video-preview:-1\" \/>\n<link rel=\"canonical\" href=\"https:\/\/ionscience.com\/fr\/detecteurs-de-gaz-et-de-fuites\/etalonnage\/\" \/>\n<meta property=\"og:locale\" content=\"fr_FR\" \/>\n<meta property=\"og:type\" content=\"article\" \/>\n<meta property=\"og:title\" content=\"\u00c9talonnage - Ion Science UK\" \/>\n<meta property=\"og:description\" content=\"Recalibr\u00e9 sur une base annuelle pour s&#039;assurer qu&#039;ils continuent \u00e0 vous fournir des r\u00e9sultats pr\u00e9cis et fiables. Choisissez la bonne solution d&#039;\u00e9talonnage dans notre gamme.\" \/>\n<meta property=\"og:url\" content=\"https:\/\/ionscience.com\/fr\/detecteurs-de-gaz-et-de-fuites\/etalonnage\/\" \/>\n<meta property=\"og:site_name\" content=\"Ion Science UK\" \/>\n<meta property=\"article:modified_time\" content=\"2021-07-07T16:07:39+00:00\" \/>\n<meta name=\"twitter:card\" content=\"summary_large_image\" \/>\n<meta name=\"twitter:label1\" content=\"Est. reading time\" \/>\n\t<meta name=\"twitter:data1\" content=\"3 minutes\" \/>\n<script type=\"application\/ld+json\" class=\"yoast-schema-graph\">{\"@context\":\"https:\/\/schema.org\",\"@graph\":[{\"@type\":\"WebPage\",\"@id\":\"https:\/\/ionscience.com\/fr\/detecteurs-de-gaz-et-de-fuites\/etalonnage\/\",\"url\":\"https:\/\/ionscience.com\/fr\/detecteurs-de-gaz-et-de-fuites\/etalonnage\/\",\"name\":\"\u00c9talonnage - Ion Science UK\",\"isPartOf\":{\"@id\":\"https:\/\/ionscience.com\/en\/#website\"},\"datePublished\":\"2021-05-21T17:19:11+00:00\",\"dateModified\":\"2021-07-07T16:07:39+00:00\",\"breadcrumb\":{\"@id\":\"https:\/\/ionscience.com\/fr\/detecteurs-de-gaz-et-de-fuites\/etalonnage\/#breadcrumb\"},\"inLanguage\":\"fr-FR\",\"potentialAction\":[{\"@type\":\"ReadAction\",\"target\":[\"https:\/\/ionscience.com\/fr\/detecteurs-de-gaz-et-de-fuites\/etalonnage\/\"]}]},{\"@type\":\"BreadcrumbList\",\"@id\":\"https:\/\/ionscience.com\/fr\/detecteurs-de-gaz-et-de-fuites\/etalonnage\/#breadcrumb\",\"itemListElement\":[{\"@type\":\"ListItem\",\"position\":1,\"name\":\"Accueil\",\"item\":\"https:\/\/ionscience.com\/fr\/\"},{\"@type\":\"ListItem\",\"position\":2,\"name\":\"D\u00e9tecteurs de gaz et de fuites\",\"item\":\"https:\/\/ionscience.com\/fr\/detecteurs-de-gaz-et-de-fuites\/\"},{\"@type\":\"ListItem\",\"position\":3,\"name\":\"\u00c9talonnage\"}]},{\"@type\":\"WebSite\",\"@id\":\"https:\/\/ionscience.com\/en\/#website\",\"url\":\"https:\/\/ionscience.com\/en\/\",\"name\":\"Ion Science UK\",\"description\":\"Advanced gas detectors, PID\/VOC detectors, SF6 leak detectors, corrosion monitors, mercury vapour detectors\",\"potentialAction\":[{\"@type\":\"SearchAction\",\"target\":{\"@type\":\"EntryPoint\",\"urlTemplate\":\"https:\/\/ionscience.com\/en\/?s={search_term_string}\"},\"query-input\":{\"@type\":\"PropertyValueSpecification\",\"valueRequired\":true,\"valueName\":\"search_term_string\"}}],\"inLanguage\":\"fr-FR\"}]}<\/script>\n<!-- \/ Yoast SEO plugin. -->","yoast_head_json":{"title":"\u00c9talonnage - Ion Science UK","robots":{"index":"index","follow":"follow","max-snippet":"max-snippet:-1","max-image-preview":"max-image-preview:large","max-video-preview":"max-video-preview:-1"},"canonical":"https:\/\/ionscience.com\/fr\/detecteurs-de-gaz-et-de-fuites\/etalonnage\/","og_locale":"fr_FR","og_type":"article","og_title":"\u00c9talonnage - Ion Science UK","og_description":"Recalibr\u00e9 sur une base annuelle pour s'assurer qu'ils continuent \u00e0 vous fournir des r\u00e9sultats pr\u00e9cis et fiables. Choisissez la bonne solution d'\u00e9talonnage dans notre gamme.","og_url":"https:\/\/ionscience.com\/fr\/detecteurs-de-gaz-et-de-fuites\/etalonnage\/","og_site_name":"Ion Science UK","article_modified_time":"2021-07-07T16:07:39+00:00","twitter_card":"summary_large_image","twitter_misc":{"Est. reading time":"3 minutes"},"schema":{"@context":"https:\/\/schema.org","@graph":[{"@type":"WebPage","@id":"https:\/\/ionscience.com\/fr\/detecteurs-de-gaz-et-de-fuites\/etalonnage\/","url":"https:\/\/ionscience.com\/fr\/detecteurs-de-gaz-et-de-fuites\/etalonnage\/","name":"\u00c9talonnage - Ion Science UK","isPartOf":{"@id":"https:\/\/ionscience.com\/en\/#website"},"datePublished":"2021-05-21T17:19:11+00:00","dateModified":"2021-07-07T16:07:39+00:00","breadcrumb":{"@id":"https:\/\/ionscience.com\/fr\/detecteurs-de-gaz-et-de-fuites\/etalonnage\/#breadcrumb"},"inLanguage":"fr-FR","potentialAction":[{"@type":"ReadAction","target":["https:\/\/ionscience.com\/fr\/detecteurs-de-gaz-et-de-fuites\/etalonnage\/"]}]},{"@type":"BreadcrumbList","@id":"https:\/\/ionscience.com\/fr\/detecteurs-de-gaz-et-de-fuites\/etalonnage\/#breadcrumb","itemListElement":[{"@type":"ListItem","position":1,"name":"Accueil","item":"https:\/\/ionscience.com\/fr\/"},{"@type":"ListItem","position":2,"name":"D\u00e9tecteurs de gaz et de fuites","item":"https:\/\/ionscience.com\/fr\/detecteurs-de-gaz-et-de-fuites\/"},{"@type":"ListItem","position":3,"name":"\u00c9talonnage"}]},{"@type":"WebSite","@id":"https:\/\/ionscience.com\/en\/#website","url":"https:\/\/ionscience.com\/en\/","name":"Ion Science UK","description":"Advanced gas detectors, PID\/VOC detectors, SF6 leak detectors, corrosion monitors, mercury vapour detectors","potentialAction":[{"@type":"SearchAction","target":{"@type":"EntryPoint","urlTemplate":"https:\/\/ionscience.com\/en\/?s={search_term_string}"},"query-input":{"@type":"PropertyValueSpecification","valueRequired":true,"valueName":"search_term_string"}}],"inLanguage":"fr-FR"}]}},"_links":{"self":[{"href":"https:\/\/ionscience.com\/fr\/wp-json\/wp\/v2\/pages\/214091","targetHints":{"allow":["GET"]}}],"collection":[{"href":"https:\/\/ionscience.com\/fr\/wp-json\/wp\/v2\/pages"}],"about":[{"href":"https:\/\/ionscience.com\/fr\/wp-json\/wp\/v2\/types\/page"}],"author":[{"embeddable":true,"href":"https:\/\/ionscience.com\/fr\/wp-json\/wp\/v2\/users\/6"}],"replies":[{"embeddable":true,"href":"https:\/\/ionscience.com\/fr\/wp-json\/wp\/v2\/comments?post=214091"}],"version-history":[{"count":0,"href":"https:\/\/ionscience.com\/fr\/wp-json\/wp\/v2\/pages\/214091\/revisions"}],"up":[{"embeddable":true,"href":"https:\/\/ionscience.com\/fr\/wp-json\/wp\/v2\/pages\/213649"}],"wp:attachment":[{"href":"https:\/\/ionscience.com\/fr\/wp-json\/wp\/v2\/media?parent=214091"}],"curies":[{"name":"wp","href":"https:\/\/api.w.org\/{rel}","templated":true}]}}