{"id":225344,"date":"2021-07-16T17:27:34","date_gmt":"2021-07-16T16:27:34","guid":{"rendered":"https:\/\/ionscience.com\/capteurs-et-composants\/service-client\/documents-pour-lassistance-clientele\/articles-dapplication-technique\/"},"modified":"2021-07-16T17:27:35","modified_gmt":"2021-07-16T16:27:35","slug":"articles-dapplication-technique","status":"publish","type":"page","link":"https:\/\/ionscience.com\/fr\/capteurs-et-composants\/service-client\/documents-pour-lassistance-clientele\/articles-dapplication-technique\/","title":{"rendered":"Articles d&#8217;application technique"},"content":{"rendered":"[vc_row type=&#8221;in_container&#8221; full_screen_row_position=&#8221;middle&#8221; column_margin=&#8221;default&#8221; column_direction=&#8221;default&#8221; column_direction_tablet=&#8221;default&#8221; column_direction_phone=&#8221;default&#8221; scene_position=&#8221;center&#8221; top_padding=&#8221;3%&#8221; text_color=&#8221;dark&#8221; text_align=&#8221;left&#8221; row_border_radius=&#8221;none&#8221; row_border_radius_applies=&#8221;bg&#8221; overlay_strength=&#8221;0.3&#8243; gradient_direction=&#8221;left_to_right&#8221; shape_divider_position=&#8221;bottom&#8221; bg_image_animation=&#8221;none&#8221; shape_type=&#8221;&#8221;][vc_column column_padding=&#8221;no-extra-padding&#8221; column_padding_tablet=&#8221;inherit&#8221; column_padding_phone=&#8221;inherit&#8221; column_padding_position=&#8221;all&#8221; background_color_opacity=&#8221;1&#8243; background_hover_color_opacity=&#8221;1&#8243; column_shadow=&#8221;none&#8221; column_border_radius=&#8221;none&#8221; column_link_target=&#8221;_self&#8221; gradient_direction=&#8221;left_to_right&#8221; overlay_strength=&#8221;0.3&#8243; width=&#8221;1\/1&#8243; tablet_width_inherit=&#8221;default&#8221; tablet_text_alignment=&#8221;default&#8221; phone_text_alignment=&#8221;default&#8221; column_border_width=&#8221;none&#8221; column_border_style=&#8221;solid&#8221; bg_image_animation=&#8221;none&#8221;][vc_column_text]\n<h1>Support client du capteur<\/h1>\n<h2>Documents de support &#8211; Articles d&#8217;application technique<\/h2>\n<p>Vous trouverez ici nos ressources techniques disponibles pour vous conseiller sur la solution adapt\u00e9e \u00e0 votre application. Nos articles techniques couvrent des informations sur les facteurs de r\u00e9ponse et des conseils sur les capacit\u00e9s de nos capteurs.[\/vc_column_text][\/vc_column][\/vc_row][vc_row type=&#8221;in_container&#8221; full_screen_row_position=&#8221;middle&#8221; column_margin=&#8221;default&#8221; column_direction=&#8221;default&#8221; column_direction_tablet=&#8221;column_reverse&#8221; column_direction_phone=&#8221;column_reverse&#8221; scene_position=&#8221;center&#8221; bottom_padding=&#8221;3%&#8221; text_color=&#8221;dark&#8221; text_align=&#8221;left&#8221; row_border_radius=&#8221;none&#8221; row_border_radius_applies=&#8221;bg&#8221; overlay_strength=&#8221;0.3&#8243; gradient_direction=&#8221;left_to_right&#8221; shape_divider_position=&#8221;bottom&#8221; bg_image_animation=&#8221;none&#8221; shape_type=&#8221;&#8221;][vc_column column_padding=&#8221;no-extra-padding&#8221; column_padding_tablet=&#8221;inherit&#8221; column_padding_phone=&#8221;inherit&#8221; column_padding_position=&#8221;all&#8221; background_color_opacity=&#8221;1&#8243; background_hover_color_opacity=&#8221;1&#8243; column_shadow=&#8221;none&#8221; column_border_radius=&#8221;none&#8221; column_link_target=&#8221;_self&#8221; gradient_direction=&#8221;left_to_right&#8221; overlay_strength=&#8221;0.3&#8243; width=&#8221;1\/4&#8243; tablet_width_inherit=&#8221;default&#8221; tablet_text_alignment=&#8221;default&#8221; phone_text_alignment=&#8221;default&#8221; column_border_width=&#8221;none&#8221; column_border_style=&#8221;solid&#8221; bg_image_animation=&#8221;none&#8221;][vc_wp_custommenu nav_menu=&#8221;202&#8243;][\/vc_column][vc_column column_padding=&#8221;no-extra-padding&#8221; column_padding_tablet=&#8221;inherit&#8221; column_padding_phone=&#8221;inherit&#8221; column_padding_position=&#8221;all&#8221; background_color_opacity=&#8221;1&#8243; background_hover_color_opacity=&#8221;1&#8243; column_shadow=&#8221;none&#8221; column_border_radius=&#8221;none&#8221; column_link_target=&#8221;_self&#8221; gradient_direction=&#8221;left_to_right&#8221; overlay_strength=&#8221;0.3&#8243; width=&#8221;3\/4&#8243; tablet_width_inherit=&#8221;default&#8221; tablet_text_alignment=&#8221;default&#8221; phone_text_alignment=&#8221;default&#8221; column_border_width=&#8221;none&#8221; column_border_style=&#8221;solid&#8221; bg_image_animation=&#8221;none&#8221;][vc_row_inner column_margin=&#8221;default&#8221; column_direction=&#8221;default&#8221; column_direction_tablet=&#8221;default&#8221; column_direction_phone=&#8221;default&#8221; text_align=&#8221;left&#8221;][vc_column_inner column_padding=&#8221;no-extra-padding&#8221; column_padding_tablet=&#8221;inherit&#8221; column_padding_phone=&#8221;inherit&#8221; column_padding_position=&#8221;all&#8221; background_color_opacity=&#8221;1&#8243; background_hover_color_opacity=&#8221;1&#8243; column_shadow=&#8221;none&#8221; column_border_radius=&#8221;none&#8221; column_link_target=&#8221;_self&#8221; gradient_direction=&#8221;left_to_right&#8221; overlay_strength=&#8221;0.3&#8243; width=&#8221;1\/1&#8243; tablet_width_inherit=&#8221;default&#8221; column_border_width=&#8221;none&#8221; column_border_style=&#8221;solid&#8221; bg_image_animation=&#8221;none&#8221;]\n\n<div class=\"widget-wrapper\">\n\n\t<p class=\"info-msg\"><i class=\"far fa-exclamation-circle\"><\/i>&nbsp; No <strong>Technical Application Articles<\/strong> found.<\/p>\n<\/div><!-- \/.widget-wrapper -->\n[\/vc_column_inner][\/vc_row_inner][\/vc_column][\/vc_row]\n","protected":false},"excerpt":{"rendered":"<p>[vc_row type=&#8221;in_container&#8221; full_screen_row_position=&#8221;middle&#8221; column_margin=&#8221;default&#8221; column_direction=&#8221;default&#8221; column_direction_tablet=&#8221;default&#8221; column_direction_phone=&#8221;default&#8221; scene_position=&#8221;center&#8221; top_padding=&#8221;3%&#8221; text_color=&#8221;dark&#8221; text_align=&#8221;left&#8221; row_border_radius=&#8221;none&#8221; row_border_radius_applies=&#8221;bg&#8221; overlay_strength=&#8221;0.3&#8243; gradient_direction=&#8221;left_to_right&#8221; shape_divider_position=&#8221;bottom&#8221; bg_image_animation=&#8221;none&#8221; shape_type=&#8221;&#8221;][vc_column column_padding=&#8221;no-extra-padding&#8221; column_padding_tablet=&#8221;inherit&#8221; column_padding_phone=&#8221;inherit&#8221; column_padding_position=&#8221;all&#8221; background_color_opacity=&#8221;1&#8243; background_hover_color_opacity=&#8221;1&#8243; column_shadow=&#8221;none&#8221; column_border_radius=&#8221;none&#8221; column_link_target=&#8221;_self&#8221; gradient_direction=&#8221;left_to_right&#8221; overlay_strength=&#8221;0.3&#8243; width=&#8221;1\/1&#8243;&#8230;<\/p>\n","protected":false},"author":6,"featured_media":0,"parent":213670,"menu_order":202,"comment_status":"closed","ping_status":"open","template":"","meta":{"_acf_changed":false,"footnotes":""},"class_list":["post-225344","page","type-page","status-publish"],"acf":[],"yoast_head":"<!-- This site is optimized with the Yoast SEO plugin v27.2 - https:\/\/yoast.com\/product\/yoast-seo-wordpress\/ -->\n<title>Articles d&#039;application technique - Ion Science UK<\/title>\n<meta name=\"robots\" content=\"index, follow, max-snippet:-1, max-image-preview:large, max-video-preview:-1\" \/>\n<link rel=\"canonical\" href=\"https:\/\/ionscience.com\/fr\/capteurs-et-composants\/service-client\/documents-pour-lassistance-clientele\/articles-dapplication-technique\/\" \/>\n<meta property=\"og:locale\" content=\"fr_FR\" \/>\n<meta property=\"og:type\" content=\"article\" \/>\n<meta property=\"og:title\" content=\"Articles d&#039;application technique - Ion Science UK\" \/>\n<meta property=\"og:description\" content=\"[vc_row type=&#8221;in_container&#8221; full_screen_row_position=&#8221;middle&#8221; column_margin=&#8221;default&#8221; column_direction=&#8221;default&#8221; column_direction_tablet=&#8221;default&#8221; column_direction_phone=&#8221;default&#8221; scene_position=&#8221;center&#8221; top_padding=&#8221;3%&#8221; text_color=&#8221;dark&#8221; text_align=&#8221;left&#8221; row_border_radius=&#8221;none&#8221; row_border_radius_applies=&#8221;bg&#8221; overlay_strength=&#8221;0.3&#8243; gradient_direction=&#8221;left_to_right&#8221; shape_divider_position=&#8221;bottom&#8221; bg_image_animation=&#8221;none&#8221; shape_type=&#8221;&#8221;][vc_column column_padding=&#8221;no-extra-padding&#8221; column_padding_tablet=&#8221;inherit&#8221; column_padding_phone=&#8221;inherit&#8221; column_padding_position=&#8221;all&#8221; background_color_opacity=&#8221;1&#8243; background_hover_color_opacity=&#8221;1&#8243; column_shadow=&#8221;none&#8221; column_border_radius=&#8221;none&#8221; column_link_target=&#8221;_self&#8221; gradient_direction=&#8221;left_to_right&#8221; overlay_strength=&#8221;0.3&#8243; width=&#8221;1\/1&#8243;...\" \/>\n<meta property=\"og:url\" content=\"https:\/\/ionscience.com\/fr\/capteurs-et-composants\/service-client\/documents-pour-lassistance-clientele\/articles-dapplication-technique\/\" \/>\n<meta property=\"og:site_name\" content=\"Ion Science UK\" \/>\n<meta property=\"article:modified_time\" content=\"2021-07-16T16:27:35+00:00\" \/>\n<meta name=\"twitter:card\" content=\"summary_large_image\" \/>\n<meta name=\"twitter:label1\" content=\"Est. reading time\" \/>\n\t<meta name=\"twitter:data1\" content=\"2 minutes\" \/>\n<script type=\"application\/ld+json\" class=\"yoast-schema-graph\">{\"@context\":\"https:\/\/schema.org\",\"@graph\":[{\"@type\":\"WebPage\",\"@id\":\"https:\/\/ionscience.com\/fr\/capteurs-et-composants\/service-client\/documents-pour-lassistance-clientele\/articles-dapplication-technique\/\",\"url\":\"https:\/\/ionscience.com\/fr\/capteurs-et-composants\/service-client\/documents-pour-lassistance-clientele\/articles-dapplication-technique\/\",\"name\":\"Articles d'application technique - Ion Science UK\",\"isPartOf\":{\"@id\":\"https:\/\/ionscience.com\/en\/#website\"},\"datePublished\":\"2021-07-16T16:27:34+00:00\",\"dateModified\":\"2021-07-16T16:27:35+00:00\",\"breadcrumb\":{\"@id\":\"https:\/\/ionscience.com\/fr\/capteurs-et-composants\/service-client\/documents-pour-lassistance-clientele\/articles-dapplication-technique\/#breadcrumb\"},\"inLanguage\":\"fr-FR\",\"potentialAction\":[{\"@type\":\"ReadAction\",\"target\":[\"https:\/\/ionscience.com\/fr\/capteurs-et-composants\/service-client\/documents-pour-lassistance-clientele\/articles-dapplication-technique\/\"]}]},{\"@type\":\"BreadcrumbList\",\"@id\":\"https:\/\/ionscience.com\/fr\/capteurs-et-composants\/service-client\/documents-pour-lassistance-clientele\/articles-dapplication-technique\/#breadcrumb\",\"itemListElement\":[{\"@type\":\"ListItem\",\"position\":1,\"name\":\"Home\",\"item\":\"https:\/\/ionscience.com\/fr\/\"},{\"@type\":\"ListItem\",\"position\":2,\"name\":\"Capteurs et composants\",\"item\":\"https:\/\/ionscience.com\/fr\/capteurs-et-composants\/\"},{\"@type\":\"ListItem\",\"position\":3,\"name\":\"Service client\",\"item\":\"https:\/\/ionscience.com\/fr\/capteurs-et-composants\/service-client\/\"},{\"@type\":\"ListItem\",\"position\":4,\"name\":\"Documents pour l&rsquo;assistance client\u00e8le\",\"item\":\"https:\/\/ionscience.com\/fr\/capteurs-et-composants\/service-client\/documents-pour-lassistance-clientele\/\"},{\"@type\":\"ListItem\",\"position\":5,\"name\":\"Articles d&rsquo;application technique\"}]},{\"@type\":\"WebSite\",\"@id\":\"https:\/\/ionscience.com\/en\/#website\",\"url\":\"https:\/\/ionscience.com\/en\/\",\"name\":\"Ion Science UK\",\"description\":\"Advanced gas detectors, PID\/VOC detectors, SF6 leak detectors, corrosion monitors, mercury vapour detectors\",\"potentialAction\":[{\"@type\":\"SearchAction\",\"target\":{\"@type\":\"EntryPoint\",\"urlTemplate\":\"https:\/\/ionscience.com\/en\/?s={search_term_string}\"},\"query-input\":{\"@type\":\"PropertyValueSpecification\",\"valueRequired\":true,\"valueName\":\"search_term_string\"}}],\"inLanguage\":\"fr-FR\"}]}<\/script>\n<!-- \/ Yoast SEO plugin. -->","yoast_head_json":{"title":"Articles d'application technique - Ion Science UK","robots":{"index":"index","follow":"follow","max-snippet":"max-snippet:-1","max-image-preview":"max-image-preview:large","max-video-preview":"max-video-preview:-1"},"canonical":"https:\/\/ionscience.com\/fr\/capteurs-et-composants\/service-client\/documents-pour-lassistance-clientele\/articles-dapplication-technique\/","og_locale":"fr_FR","og_type":"article","og_title":"Articles d'application technique - Ion Science UK","og_description":"[vc_row type=&#8221;in_container&#8221; full_screen_row_position=&#8221;middle&#8221; column_margin=&#8221;default&#8221; column_direction=&#8221;default&#8221; column_direction_tablet=&#8221;default&#8221; column_direction_phone=&#8221;default&#8221; scene_position=&#8221;center&#8221; top_padding=&#8221;3%&#8221; text_color=&#8221;dark&#8221; text_align=&#8221;left&#8221; row_border_radius=&#8221;none&#8221; row_border_radius_applies=&#8221;bg&#8221; overlay_strength=&#8221;0.3&#8243; gradient_direction=&#8221;left_to_right&#8221; shape_divider_position=&#8221;bottom&#8221; bg_image_animation=&#8221;none&#8221; shape_type=&#8221;&#8221;][vc_column column_padding=&#8221;no-extra-padding&#8221; column_padding_tablet=&#8221;inherit&#8221; column_padding_phone=&#8221;inherit&#8221; column_padding_position=&#8221;all&#8221; background_color_opacity=&#8221;1&#8243; background_hover_color_opacity=&#8221;1&#8243; column_shadow=&#8221;none&#8221; column_border_radius=&#8221;none&#8221; column_link_target=&#8221;_self&#8221; gradient_direction=&#8221;left_to_right&#8221; overlay_strength=&#8221;0.3&#8243; width=&#8221;1\/1&#8243;...","og_url":"https:\/\/ionscience.com\/fr\/capteurs-et-composants\/service-client\/documents-pour-lassistance-clientele\/articles-dapplication-technique\/","og_site_name":"Ion Science UK","article_modified_time":"2021-07-16T16:27:35+00:00","twitter_card":"summary_large_image","twitter_misc":{"Est. reading time":"2 minutes"},"schema":{"@context":"https:\/\/schema.org","@graph":[{"@type":"WebPage","@id":"https:\/\/ionscience.com\/fr\/capteurs-et-composants\/service-client\/documents-pour-lassistance-clientele\/articles-dapplication-technique\/","url":"https:\/\/ionscience.com\/fr\/capteurs-et-composants\/service-client\/documents-pour-lassistance-clientele\/articles-dapplication-technique\/","name":"Articles d'application technique - Ion Science UK","isPartOf":{"@id":"https:\/\/ionscience.com\/en\/#website"},"datePublished":"2021-07-16T16:27:34+00:00","dateModified":"2021-07-16T16:27:35+00:00","breadcrumb":{"@id":"https:\/\/ionscience.com\/fr\/capteurs-et-composants\/service-client\/documents-pour-lassistance-clientele\/articles-dapplication-technique\/#breadcrumb"},"inLanguage":"fr-FR","potentialAction":[{"@type":"ReadAction","target":["https:\/\/ionscience.com\/fr\/capteurs-et-composants\/service-client\/documents-pour-lassistance-clientele\/articles-dapplication-technique\/"]}]},{"@type":"BreadcrumbList","@id":"https:\/\/ionscience.com\/fr\/capteurs-et-composants\/service-client\/documents-pour-lassistance-clientele\/articles-dapplication-technique\/#breadcrumb","itemListElement":[{"@type":"ListItem","position":1,"name":"Home","item":"https:\/\/ionscience.com\/fr\/"},{"@type":"ListItem","position":2,"name":"Capteurs et composants","item":"https:\/\/ionscience.com\/fr\/capteurs-et-composants\/"},{"@type":"ListItem","position":3,"name":"Service client","item":"https:\/\/ionscience.com\/fr\/capteurs-et-composants\/service-client\/"},{"@type":"ListItem","position":4,"name":"Documents pour l&rsquo;assistance client\u00e8le","item":"https:\/\/ionscience.com\/fr\/capteurs-et-composants\/service-client\/documents-pour-lassistance-clientele\/"},{"@type":"ListItem","position":5,"name":"Articles d&rsquo;application technique"}]},{"@type":"WebSite","@id":"https:\/\/ionscience.com\/en\/#website","url":"https:\/\/ionscience.com\/en\/","name":"Ion Science UK","description":"Advanced gas detectors, PID\/VOC detectors, SF6 leak detectors, corrosion monitors, mercury vapour detectors","potentialAction":[{"@type":"SearchAction","target":{"@type":"EntryPoint","urlTemplate":"https:\/\/ionscience.com\/en\/?s={search_term_string}"},"query-input":{"@type":"PropertyValueSpecification","valueRequired":true,"valueName":"search_term_string"}}],"inLanguage":"fr-FR"}]}},"_links":{"self":[{"href":"https:\/\/ionscience.com\/fr\/wp-json\/wp\/v2\/pages\/225344","targetHints":{"allow":["GET"]}}],"collection":[{"href":"https:\/\/ionscience.com\/fr\/wp-json\/wp\/v2\/pages"}],"about":[{"href":"https:\/\/ionscience.com\/fr\/wp-json\/wp\/v2\/types\/page"}],"author":[{"embeddable":true,"href":"https:\/\/ionscience.com\/fr\/wp-json\/wp\/v2\/users\/6"}],"replies":[{"embeddable":true,"href":"https:\/\/ionscience.com\/fr\/wp-json\/wp\/v2\/comments?post=225344"}],"version-history":[{"count":0,"href":"https:\/\/ionscience.com\/fr\/wp-json\/wp\/v2\/pages\/225344\/revisions"}],"up":[{"embeddable":true,"href":"https:\/\/ionscience.com\/fr\/wp-json\/wp\/v2\/pages\/213670"}],"wp:attachment":[{"href":"https:\/\/ionscience.com\/fr\/wp-json\/wp\/v2\/media?parent=225344"}],"curies":[{"name":"wp","href":"https:\/\/api.w.org\/{rel}","templated":true}]}}