{"id":240982,"date":"2021-08-05T18:30:19","date_gmt":"2021-08-05T17:30:19","guid":{"rendered":"https:\/\/ionscience.com\/detecteurs-de-gaz-et-de-fuites\/service-client\/documents-pour-lassistance-clientele\/manuels\/"},"modified":"2021-08-05T18:30:19","modified_gmt":"2021-08-05T17:30:19","slug":"manuels","status":"publish","type":"page","link":"https:\/\/ionscience.com\/fr\/detecteurs-de-gaz-et-de-fuites\/service-client\/documents-pour-lassistance-clientele\/manuels\/","title":{"rendered":"Manuels"},"content":{"rendered":"[vc_row type=&#8221;in_container&#8221; full_screen_row_position=&#8221;middle&#8221; column_margin=&#8221;default&#8221; column_direction=&#8221;default&#8221; column_direction_tablet=&#8221;default&#8221; column_direction_phone=&#8221;default&#8221; scene_position=&#8221;center&#8221; top_padding=&#8221;3%&#8221; text_color=&#8221;dark&#8221; text_align=&#8221;left&#8221; row_border_radius=&#8221;none&#8221; row_border_radius_applies=&#8221;bg&#8221; overlay_strength=&#8221;0.3&#8243; gradient_direction=&#8221;left_to_right&#8221; shape_divider_position=&#8221;bottom&#8221; bg_image_animation=&#8221;none&#8221; shape_type=&#8221;&#8221;][vc_column column_padding=&#8221;no-extra-padding&#8221; column_padding_tablet=&#8221;inherit&#8221; column_padding_phone=&#8221;inherit&#8221; column_padding_position=&#8221;all&#8221; background_color_opacity=&#8221;1&#8243; background_hover_color_opacity=&#8221;1&#8243; column_shadow=&#8221;none&#8221; column_border_radius=&#8221;none&#8221; column_link_target=&#8221;_self&#8221; gradient_direction=&#8221;left_to_right&#8221; overlay_strength=&#8221;0.3&#8243; width=&#8221;2\/3&#8243; tablet_width_inherit=&#8221;default&#8221; tablet_text_alignment=&#8221;default&#8221; phone_text_alignment=&#8221;default&#8221; column_border_width=&#8221;none&#8221; column_border_style=&#8221;solid&#8221; bg_image_animation=&#8221;none&#8221;][vc_column_text]\n<h1>Assistance client<\/h1>\n<h2>Documents de support &#8211; Manuels<\/h2>\n<p>Vous trouverez ici les manuels des produits de d\u00e9tection de gaz disponibles con\u00e7us pour vous fournir une assistance produit et les derni\u00e8res informations sur les produits. Veuillez vous assurer que vous \u00eates toujours \u00e0 jour avec la derni\u00e8re version du manuel.[\/vc_column_text][\/vc_column][vc_column column_padding=&#8221;no-extra-padding&#8221; column_padding_tablet=&#8221;inherit&#8221; column_padding_phone=&#8221;inherit&#8221; column_padding_position=&#8221;all&#8221; background_color_opacity=&#8221;1&#8243; background_hover_color_opacity=&#8221;1&#8243; column_shadow=&#8221;none&#8221; column_border_radius=&#8221;none&#8221; column_link_target=&#8221;_self&#8221; gradient_direction=&#8221;left_to_right&#8221; overlay_strength=&#8221;0.3&#8243; width=&#8221;1\/3&#8243; tablet_width_inherit=&#8221;default&#8221; tablet_text_alignment=&#8221;default&#8221; phone_text_alignment=&#8221;default&#8221; column_border_width=&#8221;none&#8221; column_border_style=&#8221;solid&#8221; bg_image_animation=&#8221;none&#8221;][\/vc_column][\/vc_row][vc_row type=&#8221;in_container&#8221; full_screen_row_position=&#8221;middle&#8221; column_margin=&#8221;default&#8221; column_direction=&#8221;default&#8221; column_direction_tablet=&#8221;column_reverse&#8221; column_direction_phone=&#8221;column_reverse&#8221; scene_position=&#8221;center&#8221; bottom_padding=&#8221;3%&#8221; text_color=&#8221;dark&#8221; text_align=&#8221;left&#8221; row_border_radius=&#8221;none&#8221; row_border_radius_applies=&#8221;bg&#8221; overlay_strength=&#8221;0.3&#8243; gradient_direction=&#8221;left_to_right&#8221; shape_divider_position=&#8221;bottom&#8221; bg_image_animation=&#8221;none&#8221; shape_type=&#8221;&#8221;][vc_column column_padding=&#8221;no-extra-padding&#8221; column_padding_tablet=&#8221;inherit&#8221; column_padding_phone=&#8221;inherit&#8221; column_padding_position=&#8221;all&#8221; background_color_opacity=&#8221;1&#8243; background_hover_color_opacity=&#8221;1&#8243; column_shadow=&#8221;none&#8221; column_border_radius=&#8221;none&#8221; column_link_target=&#8221;_self&#8221; gradient_direction=&#8221;left_to_right&#8221; overlay_strength=&#8221;0.3&#8243; width=&#8221;1\/4&#8243; tablet_width_inherit=&#8221;default&#8221; tablet_text_alignment=&#8221;default&#8221; phone_text_alignment=&#8221;default&#8221; column_border_width=&#8221;none&#8221; column_border_style=&#8221;solid&#8221; bg_image_animation=&#8221;none&#8221;][vc_wp_custommenu nav_menu=&#8221;200&#8243;][\/vc_column][vc_column column_padding=&#8221;no-extra-padding&#8221; column_padding_tablet=&#8221;inherit&#8221; column_padding_phone=&#8221;inherit&#8221; column_padding_position=&#8221;all&#8221; background_color_opacity=&#8221;1&#8243; background_hover_color_opacity=&#8221;1&#8243; column_shadow=&#8221;none&#8221; column_border_radius=&#8221;none&#8221; column_link_target=&#8221;_self&#8221; gradient_direction=&#8221;left_to_right&#8221; overlay_strength=&#8221;0.3&#8243; width=&#8221;3\/4&#8243; tablet_width_inherit=&#8221;default&#8221; tablet_text_alignment=&#8221;default&#8221; phone_text_alignment=&#8221;default&#8221; column_border_width=&#8221;none&#8221; column_border_style=&#8221;solid&#8221; bg_image_animation=&#8221;none&#8221;][vc_row_inner column_margin=&#8221;default&#8221; column_direction=&#8221;default&#8221; column_direction_tablet=&#8221;default&#8221; column_direction_phone=&#8221;default&#8221; text_align=&#8221;left&#8221;][vc_column_inner column_padding=&#8221;no-extra-padding&#8221; column_padding_tablet=&#8221;inherit&#8221; column_padding_phone=&#8221;inherit&#8221; column_padding_position=&#8221;all&#8221; background_color_opacity=&#8221;1&#8243; background_hover_color_opacity=&#8221;1&#8243; column_shadow=&#8221;none&#8221; column_border_radius=&#8221;none&#8221; column_link_target=&#8221;_self&#8221; gradient_direction=&#8221;left_to_right&#8221; overlay_strength=&#8221;0.3&#8243; width=&#8221;1\/1&#8243; tablet_width_inherit=&#8221;default&#8221; column_border_width=&#8221;none&#8221; column_border_style=&#8221;solid&#8221; bg_image_animation=&#8221;none&#8221;]\n\n<div class=\"widget-wrapper\">\n\n\t\t<div class=\"products-dropdown\">\n\n\t\t\n\t\t<form name=\"\" action=\"\" method=\"post\">\n\t\t\t<select name=\"product\" onchange=\"this.form.submit()\">\n\t\t\t\t<option selected hidden value=\"0\">Please select product<\/option>\n\t\t\t\t<optgroup label=\"Portable\"><option value=\"263852\" >D\u00e9tecteur de fuite SF6 LeakCheck P1p XTL<\/option><option value=\"262717\" >D\u00e9tecteur de fuite de gaz Panther PRO<\/option><option value=\"260155\" >D\u00e9tecteur de gaz Tiger XT Select Benz\u00e8ne PID<\/option><option value=\"260179\" >Tiger XT Kit denquete incendie<\/option><option value=\"260113\" >D\u00e9tecteur de COV portatif Tiger XTL<\/option><option value=\"260000\" >D\u00e9tecteur de COV portatif Tiger XT<\/option><option value=\"225301\" >SF6 Leakmate &#8211; Moniteur de fuites SF6 portable<\/option><option value=\"225299\" >(MVI) Indicateur portable des vapeurs de mercure<\/option><\/optgroup><optgroup label=\"Personnel\"><option value=\"272432\" >D\u00e9tecteur multigaz ARA-X4<\/option><option value=\"225315\" >D\u00e9tecteur monogaz ARA SO2<\/option><option value=\"225314\" >D\u00e9tecteur monogaz ARA O2<\/option><option value=\"225310\" >D\u00e9tecteur monogaz H2S<\/option><option value=\"225307\" >D\u00e9tecteur de gaz personnel Cub TAC 10.0 eV<\/option><option value=\"225304\" >D\u00e9tecteur personnel de gaz COV Cub 10,6 eV<\/option><option value=\"225302\" >Moniteur personnel de gaz COV Cub 11,7 eV<\/option><option value=\"225268\" >D\u00e9tecteur monogaz ARA CO<\/option><\/optgroup><optgroup label=\"Fixe\"><option value=\"272120\" >FALCO 2 11.7 eV<\/option><option value=\"261792\" >Moniteur de gaz benz\u00e8ne Titan 2<\/option><option value=\"271515\" >D\u00e9tecteur de gaz COV fixe Falco 2<\/option><option value=\"225331\" >SF6 AreaCheck P2 &#8211; D\u00e9tecteur de gaz fixe<\/option><option value=\"225308\" >D\u00e9tecteur de gaz COV continu TVOC 2<\/option><\/optgroup><optgroup label=\"Semi-Portable\"><option value=\"225415\" >D\u00e9tecteur de gaz continu au sol GasClam 2<\/option><\/optgroup><optgroup label=\"\u00c9talonnage\"><option value=\"225335\" >kit d&#8217;\u00e9talonnage<\/option><option value=\"225334\" >Fuites \u00e9talonn\u00e9es<\/option><\/optgroup>\t\t\t<\/select>\n\t\t<\/form>\n\t<\/div><!-- \/.products-dropdown -->\n\n\t  \t\t<p>Please select a product from the list above to display relevant document and information.<\/p>\n  \t\n<\/div><!-- \/.widget-wrapper -->\n[\/vc_column_inner][\/vc_row_inner][\/vc_column][\/vc_row]\n","protected":false},"excerpt":{"rendered":"kit d'\u00e9talonnage Pourquoi \u00e9talonner votre d\u00e9tecteur de gaz COV? Nos kits sont un excellent moyen d'\u00e9talonner votre Ion d\u00e9tecteur de gaz Ion Science pour vous assurer s\u00e9curit\u00e9, fonctionnalit\u00e9 et pour...","protected":false},"author":6,"featured_media":0,"parent":213668,"menu_order":300,"comment_status":"closed","ping_status":"open","template":"","meta":{"_acf_changed":false,"footnotes":""},"class_list":["post-240982","page","type-page","status-publish"],"acf":[],"yoast_head":"<!-- This site is optimized with the Yoast SEO plugin v27.2 - https:\/\/yoast.com\/product\/yoast-seo-wordpress\/ -->\n<title>Manuels - Ion Science UK<\/title>\n<meta name=\"robots\" content=\"index, follow, max-snippet:-1, max-image-preview:large, max-video-preview:-1\" \/>\n<link rel=\"canonical\" href=\"https:\/\/ionscience.com\/fr\/detecteurs-de-gaz-et-de-fuites\/service-client\/documents-pour-lassistance-clientele\/manuels\/\" \/>\n<meta property=\"og:locale\" content=\"fr_FR\" \/>\n<meta property=\"og:type\" content=\"article\" \/>\n<meta property=\"og:title\" content=\"Manuels - Ion Science UK\" \/>\n<meta property=\"og:url\" content=\"https:\/\/ionscience.com\/fr\/detecteurs-de-gaz-et-de-fuites\/service-client\/documents-pour-lassistance-clientele\/manuels\/\" \/>\n<meta property=\"og:site_name\" content=\"Ion Science UK\" \/>\n<meta name=\"twitter:card\" content=\"summary_large_image\" \/>\n<meta name=\"twitter:label1\" content=\"Est. reading time\" \/>\n\t<meta name=\"twitter:data1\" content=\"3 minutes\" \/>\n<script type=\"application\/ld+json\" class=\"yoast-schema-graph\">{\"@context\":\"https:\/\/schema.org\",\"@graph\":[{\"@type\":\"WebPage\",\"@id\":\"https:\/\/ionscience.com\/fr\/detecteurs-de-gaz-et-de-fuites\/service-client\/documents-pour-lassistance-clientele\/manuels\/\",\"url\":\"https:\/\/ionscience.com\/fr\/detecteurs-de-gaz-et-de-fuites\/service-client\/documents-pour-lassistance-clientele\/manuels\/\",\"name\":\"Manuels - Ion Science UK\",\"isPartOf\":{\"@id\":\"https:\/\/ionscience.com\/en\/#website\"},\"datePublished\":\"2021-08-05T17:30:19+00:00\",\"breadcrumb\":{\"@id\":\"https:\/\/ionscience.com\/fr\/detecteurs-de-gaz-et-de-fuites\/service-client\/documents-pour-lassistance-clientele\/manuels\/#breadcrumb\"},\"inLanguage\":\"fr-FR\",\"potentialAction\":[{\"@type\":\"ReadAction\",\"target\":[\"https:\/\/ionscience.com\/fr\/detecteurs-de-gaz-et-de-fuites\/service-client\/documents-pour-lassistance-clientele\/manuels\/\"]}]},{\"@type\":\"BreadcrumbList\",\"@id\":\"https:\/\/ionscience.com\/fr\/detecteurs-de-gaz-et-de-fuites\/service-client\/documents-pour-lassistance-clientele\/manuels\/#breadcrumb\",\"itemListElement\":[{\"@type\":\"ListItem\",\"position\":1,\"name\":\"Home\",\"item\":\"https:\/\/ionscience.com\/fr\/\"},{\"@type\":\"ListItem\",\"position\":2,\"name\":\"D\u00e9tecteurs de gaz et de fuites\",\"item\":\"https:\/\/ionscience.com\/fr\/detecteurs-de-gaz-et-de-fuites\/\"},{\"@type\":\"ListItem\",\"position\":3,\"name\":\"Service client\",\"item\":\"https:\/\/ionscience.com\/fr\/detecteurs-de-gaz-et-de-fuites\/service-client\/\"},{\"@type\":\"ListItem\",\"position\":4,\"name\":\"Documents pour l&rsquo;assistance client\u00e8le\",\"item\":\"https:\/\/ionscience.com\/fr\/detecteurs-de-gaz-et-de-fuites\/service-client\/documents-pour-lassistance-clientele\/\"},{\"@type\":\"ListItem\",\"position\":5,\"name\":\"Manuels\"}]},{\"@type\":\"WebSite\",\"@id\":\"https:\/\/ionscience.com\/en\/#website\",\"url\":\"https:\/\/ionscience.com\/en\/\",\"name\":\"Ion Science UK\",\"description\":\"Advanced gas detectors, PID\/VOC detectors, SF6 leak detectors, corrosion monitors, mercury vapour detectors\",\"potentialAction\":[{\"@type\":\"SearchAction\",\"target\":{\"@type\":\"EntryPoint\",\"urlTemplate\":\"https:\/\/ionscience.com\/en\/?s={search_term_string}\"},\"query-input\":{\"@type\":\"PropertyValueSpecification\",\"valueRequired\":true,\"valueName\":\"search_term_string\"}}],\"inLanguage\":\"fr-FR\"}]}<\/script>\n<!-- \/ Yoast SEO plugin. -->","yoast_head_json":{"title":"Manuels - Ion Science UK","robots":{"index":"index","follow":"follow","max-snippet":"max-snippet:-1","max-image-preview":"max-image-preview:large","max-video-preview":"max-video-preview:-1"},"canonical":"https:\/\/ionscience.com\/fr\/detecteurs-de-gaz-et-de-fuites\/service-client\/documents-pour-lassistance-clientele\/manuels\/","og_locale":"fr_FR","og_type":"article","og_title":"Manuels - Ion Science UK","og_url":"https:\/\/ionscience.com\/fr\/detecteurs-de-gaz-et-de-fuites\/service-client\/documents-pour-lassistance-clientele\/manuels\/","og_site_name":"Ion Science UK","twitter_card":"summary_large_image","twitter_misc":{"Est. reading time":"3 minutes"},"schema":{"@context":"https:\/\/schema.org","@graph":[{"@type":"WebPage","@id":"https:\/\/ionscience.com\/fr\/detecteurs-de-gaz-et-de-fuites\/service-client\/documents-pour-lassistance-clientele\/manuels\/","url":"https:\/\/ionscience.com\/fr\/detecteurs-de-gaz-et-de-fuites\/service-client\/documents-pour-lassistance-clientele\/manuels\/","name":"Manuels - Ion Science UK","isPartOf":{"@id":"https:\/\/ionscience.com\/en\/#website"},"datePublished":"2021-08-05T17:30:19+00:00","breadcrumb":{"@id":"https:\/\/ionscience.com\/fr\/detecteurs-de-gaz-et-de-fuites\/service-client\/documents-pour-lassistance-clientele\/manuels\/#breadcrumb"},"inLanguage":"fr-FR","potentialAction":[{"@type":"ReadAction","target":["https:\/\/ionscience.com\/fr\/detecteurs-de-gaz-et-de-fuites\/service-client\/documents-pour-lassistance-clientele\/manuels\/"]}]},{"@type":"BreadcrumbList","@id":"https:\/\/ionscience.com\/fr\/detecteurs-de-gaz-et-de-fuites\/service-client\/documents-pour-lassistance-clientele\/manuels\/#breadcrumb","itemListElement":[{"@type":"ListItem","position":1,"name":"Home","item":"https:\/\/ionscience.com\/fr\/"},{"@type":"ListItem","position":2,"name":"D\u00e9tecteurs de gaz et de fuites","item":"https:\/\/ionscience.com\/fr\/detecteurs-de-gaz-et-de-fuites\/"},{"@type":"ListItem","position":3,"name":"Service client","item":"https:\/\/ionscience.com\/fr\/detecteurs-de-gaz-et-de-fuites\/service-client\/"},{"@type":"ListItem","position":4,"name":"Documents pour l&rsquo;assistance client\u00e8le","item":"https:\/\/ionscience.com\/fr\/detecteurs-de-gaz-et-de-fuites\/service-client\/documents-pour-lassistance-clientele\/"},{"@type":"ListItem","position":5,"name":"Manuels"}]},{"@type":"WebSite","@id":"https:\/\/ionscience.com\/en\/#website","url":"https:\/\/ionscience.com\/en\/","name":"Ion Science UK","description":"Advanced gas detectors, PID\/VOC detectors, SF6 leak detectors, corrosion monitors, mercury vapour detectors","potentialAction":[{"@type":"SearchAction","target":{"@type":"EntryPoint","urlTemplate":"https:\/\/ionscience.com\/en\/?s={search_term_string}"},"query-input":{"@type":"PropertyValueSpecification","valueRequired":true,"valueName":"search_term_string"}}],"inLanguage":"fr-FR"}]}},"_links":{"self":[{"href":"https:\/\/ionscience.com\/fr\/wp-json\/wp\/v2\/pages\/240982","targetHints":{"allow":["GET"]}}],"collection":[{"href":"https:\/\/ionscience.com\/fr\/wp-json\/wp\/v2\/pages"}],"about":[{"href":"https:\/\/ionscience.com\/fr\/wp-json\/wp\/v2\/types\/page"}],"author":[{"embeddable":true,"href":"https:\/\/ionscience.com\/fr\/wp-json\/wp\/v2\/users\/6"}],"replies":[{"embeddable":true,"href":"https:\/\/ionscience.com\/fr\/wp-json\/wp\/v2\/comments?post=240982"}],"version-history":[{"count":0,"href":"https:\/\/ionscience.com\/fr\/wp-json\/wp\/v2\/pages\/240982\/revisions"}],"up":[{"embeddable":true,"href":"https:\/\/ionscience.com\/fr\/wp-json\/wp\/v2\/pages\/213668"}],"wp:attachment":[{"href":"https:\/\/ionscience.com\/fr\/wp-json\/wp\/v2\/media?parent=240982"}],"curies":[{"name":"wp","href":"https:\/\/api.w.org\/{rel}","templated":true}]}}