{"id":208357,"date":"2020-04-30T00:00:00","date_gmt":"2020-04-29T23:00:00","guid":{"rendered":"https:\/\/ionscience.com\/rilevatori-di-gas-e-di-fughe\/assistenza-clienti\/registrate-il-vostro-strumento\/"},"modified":"2023-10-12T10:57:22","modified_gmt":"2023-10-12T09:57:22","slug":"registrate-il-vostro-strumento","status":"publish","type":"page","link":"https:\/\/ionscience.com\/it\/rilevatori-di-gas-e-di-fughe\/assistenza-clienti\/registrate-il-vostro-strumento\/","title":{"rendered":"Estendi la garanzia del tuo prodotto"},"content":{"rendered":"[vc_row type=&#8221;full_width_background&#8221; full_screen_row_position=&#8221;middle&#8221; column_margin=&#8221;default&#8221; column_direction=&#8221;default&#8221; column_direction_tablet=&#8221;default&#8221; column_direction_phone=&#8221;default&#8221; bg_color=&#8221;#fbfbfb&#8221; bg_image=&#8221;178959&#8243; background_image_mobile_hidden=&#8221;true&#8221; bg_position=&#8221;right center&#8221; bg_repeat=&#8221;no-repeat&#8221; scene_position=&#8221;center&#8221; top_padding=&#8221;7%&#8221; bottom_padding=&#8221;7%&#8221; text_color=&#8221;dark&#8221; text_align=&#8221;left&#8221; row_border_radius=&#8221;none&#8221; row_border_radius_applies=&#8221;bg&#8221; class=&#8221;bg-contain&#8221; overlay_strength=&#8221;0.3&#8243; gradient_direction=&#8221;left_to_right&#8221; shape_divider_position=&#8221;bottom&#8221; bg_image_animation=&#8221;none&#8221; shape_type=&#8221;&#8221;][vc_column column_padding=&#8221;padding-9-percent&#8221; column_padding_tablet=&#8221;inherit&#8221; column_padding_phone=&#8221;inherit&#8221; column_padding_position=&#8221;right&#8221; background_color_opacity=&#8221;1&#8243; background_hover_color_opacity=&#8221;1&#8243; column_shadow=&#8221;none&#8221; column_border_radius=&#8221;none&#8221; column_link_target=&#8221;_self&#8221; gradient_direction=&#8221;left_to_right&#8221; overlay_strength=&#8221;0.3&#8243; width=&#8221;2\/3&#8243; tablet_width_inherit=&#8221;default&#8221; tablet_text_alignment=&#8221;default&#8221; phone_text_alignment=&#8221;default&#8221; column_border_width=&#8221;none&#8221; column_border_style=&#8221;solid&#8221; bg_image_animation=&#8221;none&#8221;][vc_column_text]\n<h1>Estendi la garanzia del tuo prodotto<\/h1>\n<p>Estendi qui la garanzia standard del prodotto.[\/vc_column_text][nectar_btn size=&#8221;jumbo&#8221; button_style=&#8221;see-through&#8221; button_color_2=&#8221;Accent-Color&#8221; icon_family=&#8221;none&#8221; text=&#8221;Registrati ora&#8221; url=&#8221;#form&#8221; margin_bottom=&#8221;20&#8243; margin_right=&#8221;20&#8243;][\/vc_column][vc_column column_padding=&#8221;no-extra-padding&#8221; column_padding_tablet=&#8221;inherit&#8221; column_padding_phone=&#8221;inherit&#8221; column_padding_position=&#8221;all&#8221; background_color_opacity=&#8221;1&#8243; background_hover_color_opacity=&#8221;1&#8243; column_shadow=&#8221;none&#8221; column_border_radius=&#8221;none&#8221; column_link_target=&#8221;_self&#8221; gradient_direction=&#8221;left_to_right&#8221; overlay_strength=&#8221;0.3&#8243; width=&#8221;1\/3&#8243; tablet_width_inherit=&#8221;default&#8221; tablet_text_alignment=&#8221;default&#8221; phone_text_alignment=&#8221;default&#8221; column_border_width=&#8221;none&#8221; column_border_style=&#8221;solid&#8221; bg_image_animation=&#8221;none&#8221;][\/vc_column][\/vc_row][vc_row type=&#8221;in_container&#8221; full_screen_row_position=&#8221;middle&#8221; column_margin=&#8221;default&#8221; column_direction=&#8221;default&#8221; column_direction_tablet=&#8221;default&#8221; column_direction_phone=&#8221;default&#8221; scene_position=&#8221;center&#8221; top_padding=&#8221;3%&#8221; bottom_padding=&#8221;3%&#8221; text_color=&#8221;dark&#8221; text_align=&#8221;left&#8221; row_border_radius=&#8221;none&#8221; row_border_radius_applies=&#8221;bg&#8221; overlay_strength=&#8221;0.3&#8243; gradient_direction=&#8221;left_to_right&#8221; shape_divider_position=&#8221;bottom&#8221; bg_image_animation=&#8221;none&#8221; shape_type=&#8221;&#8221;][vc_column column_padding=&#8221;no-extra-padding&#8221; column_padding_tablet=&#8221;inherit&#8221; column_padding_phone=&#8221;inherit&#8221; column_padding_position=&#8221;all&#8221; background_color_opacity=&#8221;1&#8243; background_hover_color_opacity=&#8221;1&#8243; column_shadow=&#8221;none&#8221; column_border_radius=&#8221;none&#8221; column_link_target=&#8221;_self&#8221; gradient_direction=&#8221;left_to_right&#8221; overlay_strength=&#8221;0.3&#8243; width=&#8221;2\/3&#8243; tablet_width_inherit=&#8221;default&#8221; tablet_text_alignment=&#8221;default&#8221; phone_text_alignment=&#8221;default&#8221; column_border_width=&#8221;none&#8221; column_border_style=&#8221;solid&#8221; bg_image_animation=&#8221;none&#8221;][vc_column_text]\n<h4>Qui potrete registrare il vostro strumento per estendere la garanzia del prodotto<\/h4>\n<p>Registrando il vostro strumento ION Science estenderete la garanzia standard del vostro prodotto, e sarete sereni nel sapere che c&#8217;\u00e8 lo strumento \u00e8 coperto il pi\u00f9 a lungo possibile. La garanzia standard pu\u00f2 essere estesa fino a cinque anni solo sugli strumenti Tiger e Tiger Select e fino a due anni sugli altri strumenti ION Science se il prodotto viene registrato entro un mese dall&#8217;acquisto.<\/p>\n<p>Al momento della registrazione si prega di tenere a portata di mano il numero di serie dello strumento. I numeri di serie dei dispositivi Tiger sono riportati sull&#8217;etichetta frontale dello strumento e iniziano con &#8216;T-&#8216; seguito da 6 cifre.<\/p>\n<h4>Registrarsi significa anche che riceverete i seguenti aggiornamenti utili tramite e-mail non appena verranno rilasciati:<\/h4>\n<ul>\n<li>L&#8217;ultima versione del software del vostro strumento<\/li>\n<li>L&#8217;ultima versione del manuale dello strumento<\/li>\n<li>Aggiornamenti sul prodotto e relativi accessori<\/li>\n<li>Informazioni utili su settori e applicazioni<\/li>\n<\/ul>\n[\/vc_column_text][divider line_type=&#8221;No Line&#8221;][vc_row_inner column_margin=&#8221;default&#8221; column_direction=&#8221;default&#8221; column_direction_tablet=&#8221;default&#8221; column_direction_phone=&#8221;default&#8221; bottom_padding=&#8221;5%&#8221; text_align=&#8221;left&#8221; el_id=&#8221;form&#8221; type=&#8221;full_width_background&#8221; full_screen_row_position=&#8221;middle&#8221; vertically_center_columns=&#8221;&#8221; bg_color=&#8221;&#8221; bg_image=&#8221;&#8221; background_image_mobile_hidden=&#8221;&#8221; bg_position=&#8221;left top&#8221; bg_repeat=&#8221;no-repeat&#8221; full_height=&#8221;&#8221; columns_placement=&#8221;middle&#8221; video_bg=&#8221;&#8221; enable_video_color_overlay=&#8221;&#8221; video_overlay_color=&#8221;&#8221; video_external=&#8221;&#8221; video_webm=&#8221;&#8221; video_mp4=&#8221;&#8221; video_ogv=&#8221;&#8221; video_image=&#8221;&#8221; mouse_based_parallax_bg=&#8221;&#8221; scene_position=&#8221;center&#8221; mouse_sensitivity=&#8221;&#8221; layer_one_image=&#8221;&#8221; layer_one_strength=&#8221;&#8221; layer_two_image=&#8221;&#8221; layer_two_strength=&#8221;&#8221; layer_three_image=&#8221;&#8221; layer_three_strength=&#8221;&#8221; layer_four_image=&#8221;&#8221; layer_four_strength=&#8221;&#8221; layer_five_image=&#8221;&#8221; layer_five_strength=&#8221;&#8221; text_color=&#8221;dark&#8221; custom_text_color=&#8221;&#8221; group_header_4=&#8221;&#8221; row_border_radius=&#8221;none&#8221; row_border_radius_applies=&#8221;bg&#8221; group_header_5=&#8221;&#8221; zindex=&#8221;&#8221; id=&#8221;enquiry&#8221; row_name=&#8221;&#8221; disable_ken_burns=&#8221;&#8221; enable_gradient=&#8221;&#8221; color_overlay=&#8221;&#8221; color_overlay_2=&#8221;&#8221; overlay_strength=&#8221;0.3&#8243; gradient_direction=&#8221;left_to_right&#8221; enable_shape_divider=&#8221;&#8221; shape_divider_color=&#8221;&#8221; shape_divider_position=&#8221;bottom&#8221; shape_divider_height=&#8221;&#8221; shape_divider_bring_to_front=&#8221;&#8221; bg_image_animation=&#8221;none&#8221; parallax_bg=&#8221;&#8221; parallax_bg_speed=&#8221;slow&#8221; shape_type=&#8221;&#8221;][vc_column_inner column_padding=&#8221;no-extra-padding&#8221; column_padding_tablet=&#8221;inherit&#8221; column_padding_phone=&#8221;inherit&#8221; column_padding_position=&#8221;all&#8221; background_color_opacity=&#8221;1&#8243; background_hover_color_opacity=&#8221;1&#8243; column_shadow=&#8221;none&#8221; column_border_radius=&#8221;none&#8221; column_link_target=&#8221;_self&#8221; gradient_direction=&#8221;left_to_right&#8221; overlay_strength=&#8221;0.3&#8243; width=&#8221;1\/1&#8243; tablet_width_inherit=&#8221;default&#8221; column_border_width=&#8221;none&#8221; column_border_style=&#8221;solid&#8221; bg_image_animation=&#8221;none&#8221; video_bg=&#8221;&#8221; video_webm=&#8221;&#8221; video_mp4=&#8221;&#8221; video_ogv=&#8221;&#8221; video_image=&#8221;&#8221; max_width_desktop=&#8221;&#8221; max_width_tablet=&#8221;&#8221; max_width_phone=&#8221;&#8221; tablet_text_alignment=&#8221;default&#8221; phone_text_alignment=&#8221;default&#8221;][vc_column_text]\n<h4><span style=\"color: #e04e00;\">Registra il tuo strumento ION Science<br \/>\n<\/span><\/h4>\n<p>Compila semplicemente il modulo sottostante per\u00a0<span style=\"color: #e04e39;\">aumentare la garanzia standard <\/span>\u00a0del tuo prodotto, dandoti la certezza che \u00e8 coperto da noi il pi\u00f9 a lungo possibile.[\/vc_column_text][vc_raw_js]JTNDc2NyaXB0JTIwY2hhcnNldCUzRCUyMnV0Zi04JTIyJTIwdHlwZSUzRCUyMnRleHQlMkZqYXZhc2NyaXB0JTIyJTIwc3JjJTNEJTIyJTJGJTJGanMuaHNmb3Jtcy5uZXQlMkZmb3JtcyUyRmVtYmVkJTJGdjIuanMlMjIlM0UlM0MlMkZzY3JpcHQlM0UlMEElM0NzY3JpcHQlM0UlMEElMjAlMjBoYnNwdC5mb3Jtcy5jcmVhdGUlMjglN0IlMEElMjAlMjAlMjAlMjByZWdpb24lM0ElMjAlMjJuYTElMjIlMkMlMEElMjAlMjAlMjAlMjBwb3J0YWxJZCUzQSUyMCUyMjMzNzU3MTAlMjIlMkMlMEElMjAlMjAlMjAlMjBmb3JtSWQlM0ElMjAlMjJiNjhmOWU0NC1mNGQwLTRlNDQtYTA1Yi0yMDYzZWYwNzAwNDElMjIlMEElMjAlMjAlN0QlMjklM0IlMEElM0MlMkZzY3JpcHQlM0U=[\/vc_raw_js][\/vc_column_inner][\/vc_row_inner][\/vc_column][vc_column column_padding=&#8221;no-extra-padding&#8221; column_padding_tablet=&#8221;inherit&#8221; column_padding_phone=&#8221;inherit&#8221; column_padding_position=&#8221;all&#8221; background_color_opacity=&#8221;1&#8243; background_hover_color_opacity=&#8221;1&#8243; column_shadow=&#8221;none&#8221; column_border_radius=&#8221;none&#8221; column_link_target=&#8221;_self&#8221; gradient_direction=&#8221;left_to_right&#8221; overlay_strength=&#8221;0.3&#8243; width=&#8221;1\/3&#8243; tablet_width_inherit=&#8221;default&#8221; tablet_text_alignment=&#8221;default&#8221; phone_text_alignment=&#8221;default&#8221; column_border_width=&#8221;none&#8221; column_border_style=&#8221;solid&#8221; bg_image_animation=&#8221;none&#8221;][vc_row_inner column_margin=&#8221;default&#8221; column_direction=&#8221;default&#8221; column_direction_tablet=&#8221;default&#8221; column_direction_phone=&#8221;default&#8221; text_align=&#8221;left&#8221;][vc_column_inner column_padding=&#8221;padding-5-percent&#8221; column_padding_tablet=&#8221;inherit&#8221; column_padding_phone=&#8221;inherit&#8221; column_padding_position=&#8221;all&#8221; background_color=&#8221;#f2f2f2&#8243; background_color_opacity=&#8221;1&#8243; background_hover_color_opacity=&#8221;1&#8243; column_shadow=&#8221;none&#8221; column_border_radius=&#8221;none&#8221; column_link_target=&#8221;_self&#8221; gradient_direction=&#8221;left_to_right&#8221; overlay_strength=&#8221;0.3&#8243; width=&#8221;1\/1&#8243; tablet_width_inherit=&#8221;default&#8221; column_border_width=&#8221;none&#8221; column_border_style=&#8221;solid&#8221; bg_image_animation=&#8221;none&#8221;][vc_column_text]\n<h5>Non riesci a trovare il numero di serie del tuo strumento?<\/h5>\n<p>Fare clic <a href=\"\/wp-content\/uploads\/2021\/08\/Where-to-find-your-instruments-serial-number.pdf\" target=\"_blank\" rel=\"noopener\">QUI<\/a> per assistenza.[\/vc_column_text][\/vc_column_inner][\/vc_row_inner][vc_row_inner column_margin=&#8221;default&#8221; column_direction=&#8221;default&#8221; column_direction_tablet=&#8221;default&#8221; column_direction_phone=&#8221;default&#8221; text_align=&#8221;left&#8221;][vc_column_inner column_padding=&#8221;padding-5-percent&#8221; column_padding_tablet=&#8221;inherit&#8221; column_padding_phone=&#8221;inherit&#8221; column_padding_position=&#8221;all&#8221; background_color=&#8221;#f2f2f2&#8243; background_color_opacity=&#8221;1&#8243; background_hover_color_opacity=&#8221;1&#8243; column_shadow=&#8221;none&#8221; column_border_radius=&#8221;none&#8221; column_link_target=&#8221;_self&#8221; gradient_direction=&#8221;left_to_right&#8221; overlay_strength=&#8221;0.3&#8243; width=&#8221;1\/1&#8243; tablet_width_inherit=&#8221;default&#8221; column_border_width=&#8221;none&#8221; column_border_style=&#8221;solid&#8221; bg_image_animation=&#8221;none&#8221;][vc_column_text]\n<h5>Assicurarti che i seguenti prodotti siano registrati per<span style=\"color: #e04e39;\"><strong> cinque anni\u00a0<\/strong><\/span> di garanzia:<\/h5>\n<ul class=\"tick-list\">\n<li>Tiger XT<\/li>\n<li>Tiger XT Select<\/li>\n<\/ul>\n[\/vc_column_text][\/vc_column_inner][\/vc_row_inner][vc_row_inner column_margin=&#8221;default&#8221; column_direction=&#8221;default&#8221; column_direction_tablet=&#8221;default&#8221; column_direction_phone=&#8221;default&#8221; text_align=&#8221;left&#8221;][vc_column_inner column_padding=&#8221;padding-5-percent&#8221; column_padding_tablet=&#8221;inherit&#8221; column_padding_phone=&#8221;inherit&#8221; column_padding_position=&#8221;all&#8221; background_color=&#8221;#f2f2f2&#8243; background_color_opacity=&#8221;1&#8243; background_hover_color_opacity=&#8221;1&#8243; column_shadow=&#8221;none&#8221; column_border_radius=&#8221;none&#8221; column_link_target=&#8221;_self&#8221; gradient_direction=&#8221;left_to_right&#8221; overlay_strength=&#8221;0.3&#8243; width=&#8221;1\/1&#8243; tablet_width_inherit=&#8221;default&#8221; column_border_width=&#8221;none&#8221; column_border_style=&#8221;solid&#8221; bg_image_animation=&#8221;none&#8221;][vc_column_text]\n<h5>Assicurarti che i seguenti prodotti siano registrati per<span style=\"color: #e04e39;\"><strong> due anni <\/strong><\/span>di garanzia:<\/h5>\n<ul class=\"tick-list\">\n<li>Tiger XTL<\/li>\n<li>Panther<\/li>\n<li>Cub<\/li>\n<li>MVI<\/li>\n<li>Falco<\/li>\n<li>Titan 2<\/li>\n<li>TVOC 2<\/li>\n<\/ul>\n[\/vc_column_text][\/vc_column_inner][\/vc_row_inner][\/vc_column][\/vc_row]\n","protected":false},"excerpt":{"rendered":"<p>By registering your ION Science instrument, you increase the standard warranty of your product, giving you peace of mind that it is covered by us for as long as possible.<\/p>\n","protected":false},"author":6,"featured_media":0,"parent":208317,"menu_order":284,"comment_status":"closed","ping_status":"open","template":"","meta":{"_acf_changed":false,"footnotes":""},"class_list":["post-208357","page","type-page","status-publish"],"acf":[],"yoast_head":"<!-- This site is optimized with the Yoast SEO plugin v27.2 - https:\/\/yoast.com\/product\/yoast-seo-wordpress\/ -->\n<title>Register your ION Science instrument to extend your product warranty<\/title>\n<meta name=\"description\" content=\"Register your ION Science instrument, to extend the warranty of your product, giving you peace of mind that it is covered by us.\" \/>\n<meta name=\"robots\" content=\"index, follow, max-snippet:-1, max-image-preview:large, max-video-preview:-1\" \/>\n<link rel=\"canonical\" href=\"https:\/\/ionscience.com\/it\/rilevatori-di-gas-e-di-fughe\/assistenza-clienti\/registrate-il-vostro-strumento\/\" \/>\n<meta property=\"og:locale\" content=\"it_IT\" \/>\n<meta property=\"og:type\" content=\"article\" \/>\n<meta property=\"og:title\" content=\"Register your ION Science instrument to extend your product warranty\" \/>\n<meta property=\"og:description\" content=\"Register your ION Science instrument, to extend the warranty of your product, giving you peace of mind that it is covered by us.\" \/>\n<meta property=\"og:url\" content=\"https:\/\/ionscience.com\/it\/rilevatori-di-gas-e-di-fughe\/assistenza-clienti\/registrate-il-vostro-strumento\/\" \/>\n<meta property=\"og:site_name\" content=\"Ion Science Italy\" \/>\n<meta property=\"article:modified_time\" content=\"2023-10-12T09:57:22+00:00\" \/>\n<meta name=\"twitter:card\" content=\"summary_large_image\" \/>\n<meta name=\"twitter:label1\" content=\"Est. reading time\" \/>\n\t<meta name=\"twitter:data1\" content=\"3 minutes\" \/>\n<script type=\"application\/ld+json\" class=\"yoast-schema-graph\">{\"@context\":\"https:\/\/schema.org\",\"@graph\":[{\"@type\":\"WebPage\",\"@id\":\"https:\/\/ionscience.com\/it\/rilevatori-di-gas-e-di-fughe\/assistenza-clienti\/registrate-il-vostro-strumento\/\",\"url\":\"https:\/\/ionscience.com\/it\/rilevatori-di-gas-e-di-fughe\/assistenza-clienti\/registrate-il-vostro-strumento\/\",\"name\":\"Register your ION Science instrument to extend your product warranty\",\"isPartOf\":{\"@id\":\"https:\/\/ionscience.com\/en\/#website\"},\"datePublished\":\"2020-04-29T23:00:00+00:00\",\"dateModified\":\"2023-10-12T09:57:22+00:00\",\"description\":\"Register your ION Science instrument, to extend the warranty of your product, giving you peace of mind that it is covered by us.\",\"breadcrumb\":{\"@id\":\"https:\/\/ionscience.com\/it\/rilevatori-di-gas-e-di-fughe\/assistenza-clienti\/registrate-il-vostro-strumento\/#breadcrumb\"},\"inLanguage\":\"it-IT\",\"potentialAction\":[{\"@type\":\"ReadAction\",\"target\":[\"https:\/\/ionscience.com\/it\/rilevatori-di-gas-e-di-fughe\/assistenza-clienti\/registrate-il-vostro-strumento\/\"]}]},{\"@type\":\"BreadcrumbList\",\"@id\":\"https:\/\/ionscience.com\/it\/rilevatori-di-gas-e-di-fughe\/assistenza-clienti\/registrate-il-vostro-strumento\/#breadcrumb\",\"itemListElement\":[{\"@type\":\"ListItem\",\"position\":1,\"name\":\"Casa\",\"item\":\"https:\/\/ionscience.com\/it\/\"},{\"@type\":\"ListItem\",\"position\":2,\"name\":\"Rilevatori di gas e di fughe\",\"item\":\"https:\/\/ionscience.com\/it\/rilevatori-di-gas-e-di-fughe\/\"},{\"@type\":\"ListItem\",\"position\":3,\"name\":\"Assistenza clienti\",\"item\":\"https:\/\/ionscience.com\/it\/rilevatori-di-gas-e-di-fughe\/assistenza-clienti\/\"},{\"@type\":\"ListItem\",\"position\":4,\"name\":\"Estendi la garanzia del tuo prodotto\"}]},{\"@type\":\"WebSite\",\"@id\":\"https:\/\/ionscience.com\/en\/#website\",\"url\":\"https:\/\/ionscience.com\/en\/\",\"name\":\"Ion Science Italy\",\"description\":\"Advanced gas detectors, PID\/VOC detectors, SF6 leak detectors, corrosion monitors, mercury vapour detectors\",\"potentialAction\":[{\"@type\":\"SearchAction\",\"target\":{\"@type\":\"EntryPoint\",\"urlTemplate\":\"https:\/\/ionscience.com\/en\/?s={search_term_string}\"},\"query-input\":{\"@type\":\"PropertyValueSpecification\",\"valueRequired\":true,\"valueName\":\"search_term_string\"}}],\"inLanguage\":\"it-IT\"}]}<\/script>\n<!-- \/ Yoast SEO plugin. -->","yoast_head_json":{"title":"Register your ION Science instrument to extend your product warranty","description":"Register your ION Science instrument, to extend the warranty of your product, giving you peace of mind that it is covered by us.","robots":{"index":"index","follow":"follow","max-snippet":"max-snippet:-1","max-image-preview":"max-image-preview:large","max-video-preview":"max-video-preview:-1"},"canonical":"https:\/\/ionscience.com\/it\/rilevatori-di-gas-e-di-fughe\/assistenza-clienti\/registrate-il-vostro-strumento\/","og_locale":"it_IT","og_type":"article","og_title":"Register your ION Science instrument to extend your product warranty","og_description":"Register your ION Science instrument, to extend the warranty of your product, giving you peace of mind that it is covered by us.","og_url":"https:\/\/ionscience.com\/it\/rilevatori-di-gas-e-di-fughe\/assistenza-clienti\/registrate-il-vostro-strumento\/","og_site_name":"Ion Science Italy","article_modified_time":"2023-10-12T09:57:22+00:00","twitter_card":"summary_large_image","twitter_misc":{"Est. reading time":"3 minutes"},"schema":{"@context":"https:\/\/schema.org","@graph":[{"@type":"WebPage","@id":"https:\/\/ionscience.com\/it\/rilevatori-di-gas-e-di-fughe\/assistenza-clienti\/registrate-il-vostro-strumento\/","url":"https:\/\/ionscience.com\/it\/rilevatori-di-gas-e-di-fughe\/assistenza-clienti\/registrate-il-vostro-strumento\/","name":"Register your ION Science instrument to extend your product warranty","isPartOf":{"@id":"https:\/\/ionscience.com\/en\/#website"},"datePublished":"2020-04-29T23:00:00+00:00","dateModified":"2023-10-12T09:57:22+00:00","description":"Register your ION Science instrument, to extend the warranty of your product, giving you peace of mind that it is covered by us.","breadcrumb":{"@id":"https:\/\/ionscience.com\/it\/rilevatori-di-gas-e-di-fughe\/assistenza-clienti\/registrate-il-vostro-strumento\/#breadcrumb"},"inLanguage":"it-IT","potentialAction":[{"@type":"ReadAction","target":["https:\/\/ionscience.com\/it\/rilevatori-di-gas-e-di-fughe\/assistenza-clienti\/registrate-il-vostro-strumento\/"]}]},{"@type":"BreadcrumbList","@id":"https:\/\/ionscience.com\/it\/rilevatori-di-gas-e-di-fughe\/assistenza-clienti\/registrate-il-vostro-strumento\/#breadcrumb","itemListElement":[{"@type":"ListItem","position":1,"name":"Casa","item":"https:\/\/ionscience.com\/it\/"},{"@type":"ListItem","position":2,"name":"Rilevatori di gas e di fughe","item":"https:\/\/ionscience.com\/it\/rilevatori-di-gas-e-di-fughe\/"},{"@type":"ListItem","position":3,"name":"Assistenza clienti","item":"https:\/\/ionscience.com\/it\/rilevatori-di-gas-e-di-fughe\/assistenza-clienti\/"},{"@type":"ListItem","position":4,"name":"Estendi la garanzia del tuo prodotto"}]},{"@type":"WebSite","@id":"https:\/\/ionscience.com\/en\/#website","url":"https:\/\/ionscience.com\/en\/","name":"Ion Science Italy","description":"Advanced gas detectors, PID\/VOC detectors, SF6 leak detectors, corrosion monitors, mercury vapour detectors","potentialAction":[{"@type":"SearchAction","target":{"@type":"EntryPoint","urlTemplate":"https:\/\/ionscience.com\/en\/?s={search_term_string}"},"query-input":{"@type":"PropertyValueSpecification","valueRequired":true,"valueName":"search_term_string"}}],"inLanguage":"it-IT"}]}},"_links":{"self":[{"href":"https:\/\/ionscience.com\/it\/wp-json\/wp\/v2\/pages\/208357","targetHints":{"allow":["GET"]}}],"collection":[{"href":"https:\/\/ionscience.com\/it\/wp-json\/wp\/v2\/pages"}],"about":[{"href":"https:\/\/ionscience.com\/it\/wp-json\/wp\/v2\/types\/page"}],"author":[{"embeddable":true,"href":"https:\/\/ionscience.com\/it\/wp-json\/wp\/v2\/users\/6"}],"replies":[{"embeddable":true,"href":"https:\/\/ionscience.com\/it\/wp-json\/wp\/v2\/comments?post=208357"}],"version-history":[{"count":0,"href":"https:\/\/ionscience.com\/it\/wp-json\/wp\/v2\/pages\/208357\/revisions"}],"up":[{"embeddable":true,"href":"https:\/\/ionscience.com\/it\/wp-json\/wp\/v2\/pages\/208317"}],"wp:attachment":[{"href":"https:\/\/ionscience.com\/it\/wp-json\/wp\/v2\/media?parent=208357"}],"curies":[{"name":"wp","href":"https:\/\/api.w.org\/{rel}","templated":true}]}}