{"id":208359,"date":"2020-06-03T00:00:00","date_gmt":"2020-06-02T23:00:00","guid":{"rendered":"https:\/\/ionscience.com\/cta-resource-centre\/politica-sulla-riservatezza\/"},"modified":"2021-08-02T10:55:13","modified_gmt":"2021-08-02T09:55:13","slug":"politica-sulla-riservatezza","status":"publish","type":"page","link":"https:\/\/ionscience.com\/it\/politica-sulla-riservatezza\/","title":{"rendered":"Politica relativa alla privacy"},"content":{"rendered":"[vc_row type=&#8221;in_container&#8221; full_screen_row_position=&#8221;middle&#8221; column_margin=&#8221;default&#8221; column_direction=&#8221;default&#8221; column_direction_tablet=&#8221;default&#8221; column_direction_phone=&#8221;default&#8221; scene_position=&#8221;center&#8221; text_color=&#8221;dark&#8221; text_align=&#8221;left&#8221; row_border_radius=&#8221;none&#8221; row_border_radius_applies=&#8221;bg&#8221; overlay_strength=&#8221;0.3&#8243; gradient_direction=&#8221;left_to_right&#8221; shape_divider_position=&#8221;bottom&#8221; bg_image_animation=&#8221;none&#8221;][vc_column column_padding=&#8221;no-extra-padding&#8221; column_padding_tablet=&#8221;inherit&#8221; column_padding_phone=&#8221;inherit&#8221; column_padding_position=&#8221;all&#8221; background_color_opacity=&#8221;1&#8243; background_hover_color_opacity=&#8221;1&#8243; column_shadow=&#8221;none&#8221; column_border_radius=&#8221;none&#8221; column_link_target=&#8221;_self&#8221; gradient_direction=&#8221;left_to_right&#8221; overlay_strength=&#8221;0.3&#8243; width=&#8221;1\/1&#8243; tablet_width_inherit=&#8221;default&#8221; tablet_text_alignment=&#8221;default&#8221; phone_text_alignment=&#8221;default&#8221; column_border_width=&#8221;none&#8221; column_border_style=&#8221;solid&#8221; bg_image_animation=&#8221;none&#8221;][vc_column_text]\n<h2>Politica relativa alla privacy<\/h2>\n<h3>La politica riportata di seguito descrive il modo in cui raccogliamo e utilizziamo i dati ottenuti dal nostro sito web, compreso l\u2019utilizzo dei cookie.<\/h3>\n<p><strong>Il nostro impegno nei vostri confronti<br \/>\n<\/strong><br \/>\nION Science si impegna a proteggere la vostra privacy e garantisce che il trattamento dei dati raccolti sia effettuato in modo sicuro, equo e legale. La presente politica sulla privacy descrive gli step compiuti per proteggere i vostri dati personali quando visitate o inviate un formulario al nostro sito web relativo a un prodotto o servizio da noi fornito.<\/p>\n<p>I dati personali sono quelli che identificano un individuo, come nome, indirizzo postale, indirizzo e-mail o recapito telefonico. Ad essi sono associati anche la scelta di ricevere newsletter, gli acquisti di prodotti, le registrazioni di strumenti e le preferenze del consumatore relative ai prodotti.<\/p>\n<p>Utilizzando il nostro sito web o fornendoci i vostri dati quando ci contattate, acconsentite alla raccolta dei dati e all\u2019utilizzo delle procedure descritte nella presente politica sulla privacy.<\/p>\n<p><strong>Raccolta di informazioni<\/strong><\/p>\n<p>Potete visitare il nostro sito web senza rivelare la vostra identit\u00e0 o informazioni personali. Tuttavia, qualora compiliate un formulario sul nostro sito web, riceveremo e utilizzeremo le informazioni raccolte come riportato di seguito.<\/p>\n<p><strong> Possiamo raccogliere le seguenti informazioni:<\/strong><\/p>\n<ul>\n<li>Nome e professione<\/li>\n<li>Nome dell\u2019azienda\/organizzazione<\/li>\n<li>Dati di contatto tra cui indirizzo e-mail, recapito telefonico e indirizzo fisico<\/li>\n<li>Dati demografici come CAP, preferenze e interessi<\/li>\n<li>Settore industriale o applicazione in cui intendete utilizzare i nostri prodotti<\/li>\n<li>Domande e ordini sui nostri prodotti e servizi<\/li>\n<li>Dettagli sullo(sugli) strumento(i) ION Science registrato(i) (in caso di registrazione dello(degli) strumento(i) online)<\/li>\n<li>Preferenze di marketing via e-mail<\/li>\n<li>Come ci avete conosciuto<\/li>\n<li>Altre informazioni relative a indagini sul cliente e\/o offerte<\/li>\n<\/ul>\n<p><strong>Come utilizziamo i dati raccolti<\/strong><\/p>\n<p>We require this information to understand your needs and provide you with a better service, and in particular for the following reasons:<\/p>\n<ul>\n<li>Richiediamo questi dati per conoscere le vostre esigenze e fornire un servizio ottimale, in particolare per le seguenti ragioni:<\/li>\n<li>Possiamo utilizzare i dati per migliorare i nostri prodotti e servizi.<\/li>\n<li>Possiamo inviare periodicamente e-mail promozionali su nuovi prodotti, offerte speciali o altre informazioni che riteniamo potreste ritenere interessanti all\u2019indirizzo e-mail che ci avete fornito. Avrete sempre l\u2019opportunit\u00e0 di annullare la ricezione delle nostre e-mail in qualsiasi momento.<\/li>\n<li>Possiamo inoltre utilizzare periodicamente i vostri dati per contattarvi via e-mail, per telefono o posta a scopo di ricerca di mercato. Possiamo utilizzare le informazioni per personalizzare il sito web in base ai vostri interessi.<\/li>\n<li>Presentando una domanda di lavoro o una richiesta potrete fornirci informazioni, come modulo di domanda\/CV\/lettera di accompagnamento, contenenti il vostro nome, professione, dati per il contatto, foto, attivit\u00e0 svolte, esperienze, capacit\u00e0, qualifiche\/formazione (comprendenti studi, formazione professionale, eventuale patente di guida), nomi e contatti per referenze, ecc., Qualora la domanda non abbia esito positivo, conserveremo i vostri dati personali per un massimo di 6 mesi dalla data in cui comunicheremo la nostra decisione. (N.B.: possiamo conservare i vostri dati personali per oltre 6 mesi qualora ci abbiate chiesto di tenervi presenti per future posizioni vacanti). Per maggiori dettagli, visualizzate la nostra Informativa sulla privacy dei candidati.<\/li>\n<\/ul>\n<p><strong>Cookie <\/strong><\/p>\n<p><strong>La politica di protezione della vostra privacy online<\/strong><\/p>\n<p>Questo sito web utilizza Google Analytics per analizzare l\u2019utilizzo del sito da parte degli utenti. Lo strumento si avvale di \u201ccookie\u201d, cio\u00e8 file di testo posizionati sul vostro computer per raccogliere dati di log Internet standard e informazioni sul comportamento del visitatore in forma anonima. Le informazioni generate dai cookie sull\u2019utilizzo del sito web (incluso l\u2019indirizzo IP) sono trasmesse a Google e quindi utilizzate per valutare l\u2019utilizzo del sito web da parte dei visitatori e compilare report statistici sull\u2019attivit\u00e0 del sito web per ION Science.<\/p>\n<p>Non utilizzeremo lo strumento di analisi statistica per tracciare o raccogliere informazioni d\u2019identificazione personale dei visitatori del nostro sito. Google non assocer\u00e0 l\u2019indirizzo IP ad altri dati in suo possesso. N\u00e9 noi n\u00e9 Google collegheremo o tenteremo di collegare un indirizzo IP all\u2019identit\u00e0 di un nostro utente informatico. Non assoceremo i dati raccolti da questo sito a informazioni d\u2019identificazione personale provenienti da qualsiasi fonte, fatto salvo qualora ci inviate espressamente tali informazioni tramite un formulario compilato sul nostro sito web.<\/p>\n<p><strong>Utilizzo dei cookie<\/strong><\/p>\n<p>Un cookie \u00e8 un piccolo file che chiede il permesso di essere inserito sul disco fisso del vostro computer. Previa accettazione, il file viene aggiunto e il cookie facilita l\u2019analisi del traffico sul web o vi segnala quando visitate un determinato sito. I cookie consentono alle applicazioni web di rispondervi personalmente. L\u2019applicazione web pu\u00f2 personalizzare le proprie operazioni in base alle vostre esigenze, ci\u00f2 che vi piace e non vi piace, raccogliendo e memorizzando informazioni sulle preferenze.<\/p>\n<p>Utilizziamo cookie log del traffico per individuare le pagine utilizzate. Questo facilita l\u2019analisi dei dati sul traffico della pagina web e migliora il nostro sito web in modo da personalizzarlo alle esigenze del cliente. Utilizziamo queste informazioni soltanto a fini di analisi statistica, in seguito i dati sono rimossi dal sistema.<\/p>\n<p>In generale, i cookie ci aiutano a fornirvi un sito web migliore, consentendoci di monitorare le pagine che ritenete utili o meno. Un cookie non ci consente in alcun caso di accedere al vostro computer o a informazioni che vi riguardano, a eccezione dei dati che scegliete di condividere con noi.<\/p>\n<p>Potete decidere se accettare o rifiutare i cookie. La maggior parte dei browser web accetta automaticamente i cookie, tuttavia, se preferite, solitamente potete modificarne le impostazioni in modo da rifiutarli. Ci\u00f2 potrebbe tuttavia impedirvi di usufruire appieno del sito web.<\/p>\n<p>L\u2019Interactive Advertising Bureau (IAB) \u00e8 un organismo del settore che sviluppa standard e linee guida per supportare i processi aziendali online. Ha prodotto una serie di pagine web che spiegano il funzionamento dei cookie e il modo di gestirli.<\/p>\n<p><strong>Divulgazione di informazioni<\/strong><\/p>\n<p><strong>Divulgazione dei vostri dati personali <\/strong><\/p>\n<p>I dati personali che raccogliamo tramite il nostro sito web o che ci fornite contattandoci non saranno condivisi al di fuori di ION Science senza il vostro permesso, fatto salvo nei casi descritti di seguito.<\/p>\n<p><strong>Disclosure to service providers <\/strong><\/p>\n<p>I dati personali che raccogliamo tramite il nostro sito web o che ci fornite contattandoci non saranno condivisi al di fuori di ION Science senza il vostro permesso, fatto salvo nei casi descritti di seguito.<\/p>\n<p><strong>Divulgazione a fornitori di servizi <\/strong><\/p>\n<p>ION Science concede in outsourcing numerose attivit\u00e0 che consentono la fornitura di servizi per nostro conto, come hosting del sito web, esecuzione di sondaggi, svolgimento di analisi per migliorare la qualit\u00e0 della nostra attivit\u00e0, di prodotti o servizi. Le aziende con cui interagiamo ricevono soltanto le informazioni necessarie contenenti i vostri dati personali al fine di offrire tali servizi in modo efficace e hanno il divieto di utilizzare i dati personali per altri scopi.<\/p>\n<p><strong>Divulgazione di informazioni alla nostra rete autorizzata di distributori ION Science<\/strong><\/p>\n<p>ION Science si avvale per la vendita di una serie di distributori a livello mondiale. Per chiedere un chiarimento sui nostri prodotti, direttamente a noi o attraverso un distributore ION Science, pu\u00f2 essere necessario passare l\u2019informazione a un distributore alternativo che possa gestire la domanda del cliente a livello locale. Ci\u00f2 vi consentir\u00e0 di interagire con il distributore pi\u00f9 idoneo per ricevere assistenza e supporto in loco, nonch\u00e9 di acquistare direttamente dal distributore di zona. Ogni distributore ION Science aderisce alla nostra Politica aziendale sulla privacy e i dati dei clienti saranno mantenuti riservati e protetti come riportato in questo documento.<\/p>\n<p>Per visualizzare un elenco completo delle posizioni dei distributori, visitate le Pagine dove comprare sul nostro sito web.<\/p>\n<p><strong>Sicurezza<\/strong><\/p>\n<p>Ci impegniamo a garantire la sicurezza dei vostri dati. Per prevenire accesso non autorizzato o divulgazione, abbiamo attuato procedure fisiche, elettroniche e gestionali atte a salvaguardare e tutelare le informazioni raccolte online.<\/p>\n<p><strong>Collegamenti ai nostri siti web <\/strong><\/p>\n<p>Il nostro sito web pu\u00f2 contenere collegamenti ad altri siti web di interesse. Quando utilizzate questi collegamenti per lasciare il nostro sito, \u00e8 necessario tenere a mente che non abbiamo alcun controllo sugli altri siti web. Non possiamo quindi essere ritenuti responsabili della protezione e della privacy dei dati che fornirete durante la visita di tali siti, che non sono gestiti dalla presente informativa sulla privacy. Dovrete prestare attenzione e cercare l\u2019informativa sulla privacy applicabile al sito web in questione.<\/p>\n<p><strong>Trasferimento dei vostri dati in paesi fuori dall\u2019Europa<\/strong><\/p>\n<p>I dati personali che raccogliamo sui nostri siti o che ci fornite quando ci contattate possono essere inviati a paesi fuori dall\u2019Unione europea (UE) in cui altri uffici e distributori ION Science dispongono di strutture. Nonostante le misure che adottiamo per garantire la tutela della vostra privacy, le leggi relative alla protezione dei dati nei paesi fuori dall\u2019UE possono differire da quelle a cui si attiene ION Science, tuttavia prenderemo provvedimenti per assicuraci che la vostra privacy sia protetta. Utilizzando i nostri siti web o fornendoci i vostri dati tramite contatti, acconsentite al trasferimento dei dati fuori dal vostro paese.<\/p>\n<p><strong>Minorenni<\/strong><br \/>\nIn quanto organizzazione B2B, la tipologia della nostra attivit\u00e0 implica la tendenza a interagire con persone maggiorenni. Qualora un minorenne invii una domanda, per esempio a fini di studio, gli\/le chiederemo di rivolgersi a un maggiorenne che invier\u00e0 la domanda per suo conto. ION Science non \u00e8 orientata n\u00e9 raccoglie consapevolmente informazioni da minorenni.<\/p>\n<p><strong>Controllo dei dati personali<\/strong><br \/>\nPotete scegliere di limitare la raccolta o l\u2019utilizzo dei dati personali come di seguito riportato:<\/p>\n<ul>\n<li>Alla richiesta di compilare un formulario sul sito web, indicate sulla relativa casella di spunta che non desiderate che le informazioni siano utilizzate a fini di marketing<\/li>\n<li>Qualora abbiate concesso in precedenza l\u2019utilizzo dei dati personali a fini di marketing, potete cambiare idee in qualsiasi momento scrivendoci o inviandoci un\u2019e-mail all\u2019indirizzo privacy@ionscience.com<\/li>\n<li>Non venderemo, distribuiremo o concederemo in locazione i vostri dati personali a terzi, fatto salvo laddove autorizzati da voi o obbligati ai sensi di legge. Possiamo utilizzare i vostri dati personali per inviarvi informazioni promozionali su terzi che riteniamo potreste trovare interessanti qualora esprimiate il vostro consenso.<\/li>\n<\/ul>\n<p>Potete richiedere i dettagli dei dati personali che vi riguardano ai sensi del Data Protection Act 1998. Pu\u00f2 essere richiesto il pagamento di un importo minimo. Per ricevere una copia delle informazioni che vi riguardano in nostro possesso, scrivete a ION Science Ltd, The Hive, Butts Lane, Fowlmere, Cambs, SG8 7SL.<\/p>\n<p>Qualora riteniate che le informazioni che deteniamo su di voi siano errate o incomplete, potete scriverci o inviarci un\u2019e-mail quanto prima all\u2019indirizzo sopraindicato. Correggeremo tempestivamente qualsiasi informazione errata.<\/p>\n<p><strong>Contattateci<\/strong><\/p>\n<p>Per eventuali chiarimenti sulla nostra Politica sulla privacy o sulla gestione di dati e informazioni personali, potete contattarci utilizzando i dati riportati di seguito. Ci occuperemo tempestivamente della vostra richiesta e vi contatteremo per rispondere a qualsiasi eventuale incertezza.<\/p>\n<p>Email: <a href=\"mailto:privacy@ionscience.com\">privacy@ionscience.com<\/a><\/p>\n<p>Indirizzo postale:<\/p>\n<p>ION Science Ltd<br \/>\nThe Hive<br \/>\nButts Lane<br \/>\nFowlmere<br \/>\nCambridgeshire<br \/>\nSG8 7SL<br \/>\nUK<\/p>\n<p>Telefono: +44 (0) 1763 208503<\/p>\n<p><strong>Modifiche alla presente informativa sulla privacy<br \/>\n<\/strong><br \/>\nION Science pu\u00f2 aggiornare occasionalmente la presente politica operando sulla presente pagina web. In questo modo, modificheremo la data dell\u2019ultimo aggiornamento che troverete al fondo della presente informativa. Vi consigliamo di controllare la pagina per verificare di essere soddisfatti di eventuali variazioni.<\/p>\n<p>Ultimo aggiornamento: maggio 2018[\/vc_column_text][\/vc_column][\/vc_row]\n","protected":false},"excerpt":{"rendered":"<p>[vc_row type=&#8221;in_container&#8221; full_screen_row_position=&#8221;middle&#8221; column_margin=&#8221;default&#8221; column_direction=&#8221;default&#8221; column_direction_tablet=&#8221;default&#8221; column_direction_phone=&#8221;default&#8221; scene_position=&#8221;center&#8221; text_color=&#8221;dark&#8221; text_align=&#8221;left&#8221; row_border_radius=&#8221;none&#8221; row_border_radius_applies=&#8221;bg&#8221; overlay_strength=&#8221;0.3&#8243; gradient_direction=&#8221;left_to_right&#8221; shape_divider_position=&#8221;bottom&#8221; bg_image_animation=&#8221;none&#8221;][vc_column column_padding=&#8221;no-extra-padding&#8221; column_padding_tablet=&#8221;inherit&#8221; column_padding_phone=&#8221;inherit&#8221; column_padding_position=&#8221;all&#8221; background_color_opacity=&#8221;1&#8243; background_hover_color_opacity=&#8221;1&#8243; column_shadow=&#8221;none&#8221; column_border_radius=&#8221;none&#8221; column_link_target=&#8221;_self&#8221; gradient_direction=&#8221;left_to_right&#8221; overlay_strength=&#8221;0.3&#8243; width=&#8221;1\/1&#8243; tablet_width_inherit=&#8221;default&#8221; tablet_text_alignment=&#8221;default&#8221;&#8230;<\/p>\n","protected":false},"author":6,"featured_media":0,"parent":0,"menu_order":338,"comment_status":"closed","ping_status":"open","template":"","meta":{"_acf_changed":false,"footnotes":""},"class_list":["post-208359","page","type-page","status-publish"],"acf":[],"yoast_head":"<!-- This site is optimized with the Yoast SEO plugin v27.2 - https:\/\/yoast.com\/product\/yoast-seo-wordpress\/ -->\n<title>Politica relativa alla privacy - Ion Science Italy<\/title>\n<meta name=\"robots\" content=\"index, follow, max-snippet:-1, max-image-preview:large, max-video-preview:-1\" \/>\n<link rel=\"canonical\" href=\"https:\/\/ionscience.com\/it\/politica-sulla-riservatezza\/\" \/>\n<meta property=\"og:locale\" content=\"it_IT\" \/>\n<meta property=\"og:type\" content=\"article\" \/>\n<meta property=\"og:title\" content=\"Politica relativa alla privacy - Ion Science Italy\" \/>\n<meta property=\"og:description\" content=\"[vc_row type=&#8221;in_container&#8221; full_screen_row_position=&#8221;middle&#8221; column_margin=&#8221;default&#8221; column_direction=&#8221;default&#8221; column_direction_tablet=&#8221;default&#8221; column_direction_phone=&#8221;default&#8221; scene_position=&#8221;center&#8221; text_color=&#8221;dark&#8221; text_align=&#8221;left&#8221; row_border_radius=&#8221;none&#8221; row_border_radius_applies=&#8221;bg&#8221; overlay_strength=&#8221;0.3&#8243; gradient_direction=&#8221;left_to_right&#8221; shape_divider_position=&#8221;bottom&#8221; bg_image_animation=&#8221;none&#8221;][vc_column column_padding=&#8221;no-extra-padding&#8221; column_padding_tablet=&#8221;inherit&#8221; column_padding_phone=&#8221;inherit&#8221; column_padding_position=&#8221;all&#8221; background_color_opacity=&#8221;1&#8243; background_hover_color_opacity=&#8221;1&#8243; column_shadow=&#8221;none&#8221; column_border_radius=&#8221;none&#8221; column_link_target=&#8221;_self&#8221; gradient_direction=&#8221;left_to_right&#8221; overlay_strength=&#8221;0.3&#8243; width=&#8221;1\/1&#8243; tablet_width_inherit=&#8221;default&#8221; tablet_text_alignment=&#8221;default&#8221;...\" \/>\n<meta property=\"og:url\" content=\"https:\/\/ionscience.com\/it\/politica-sulla-riservatezza\/\" \/>\n<meta property=\"og:site_name\" content=\"Ion Science Italy\" \/>\n<meta property=\"article:modified_time\" content=\"2021-08-02T09:55:13+00:00\" \/>\n<meta name=\"twitter:card\" content=\"summary_large_image\" \/>\n<meta name=\"twitter:label1\" content=\"Est. reading time\" \/>\n\t<meta name=\"twitter:data1\" content=\"10 minutes\" \/>\n<script type=\"application\/ld+json\" class=\"yoast-schema-graph\">{\"@context\":\"https:\/\/schema.org\",\"@graph\":[{\"@type\":\"WebPage\",\"@id\":\"https:\/\/ionscience.com\/it\/politica-sulla-riservatezza\/\",\"url\":\"https:\/\/ionscience.com\/it\/politica-sulla-riservatezza\/\",\"name\":\"Politica relativa alla privacy - Ion Science Italy\",\"isPartOf\":{\"@id\":\"https:\/\/ionscience.com\/en\/#website\"},\"datePublished\":\"2020-06-02T23:00:00+00:00\",\"dateModified\":\"2021-08-02T09:55:13+00:00\",\"breadcrumb\":{\"@id\":\"https:\/\/ionscience.com\/it\/politica-sulla-riservatezza\/#breadcrumb\"},\"inLanguage\":\"it-IT\",\"potentialAction\":[{\"@type\":\"ReadAction\",\"target\":[\"https:\/\/ionscience.com\/it\/politica-sulla-riservatezza\/\"]}]},{\"@type\":\"BreadcrumbList\",\"@id\":\"https:\/\/ionscience.com\/it\/politica-sulla-riservatezza\/#breadcrumb\",\"itemListElement\":[{\"@type\":\"ListItem\",\"position\":1,\"name\":\"Casa\",\"item\":\"https:\/\/ionscience.com\/it\/\"},{\"@type\":\"ListItem\",\"position\":2,\"name\":\"Politica relativa alla privacy\"}]},{\"@type\":\"WebSite\",\"@id\":\"https:\/\/ionscience.com\/en\/#website\",\"url\":\"https:\/\/ionscience.com\/en\/\",\"name\":\"Ion Science Italy\",\"description\":\"Advanced gas detectors, PID\/VOC detectors, SF6 leak detectors, corrosion monitors, mercury vapour detectors\",\"potentialAction\":[{\"@type\":\"SearchAction\",\"target\":{\"@type\":\"EntryPoint\",\"urlTemplate\":\"https:\/\/ionscience.com\/en\/?s={search_term_string}\"},\"query-input\":{\"@type\":\"PropertyValueSpecification\",\"valueRequired\":true,\"valueName\":\"search_term_string\"}}],\"inLanguage\":\"it-IT\"}]}<\/script>\n<!-- \/ Yoast SEO plugin. -->","yoast_head_json":{"title":"Politica relativa alla privacy - Ion Science Italy","robots":{"index":"index","follow":"follow","max-snippet":"max-snippet:-1","max-image-preview":"max-image-preview:large","max-video-preview":"max-video-preview:-1"},"canonical":"https:\/\/ionscience.com\/it\/politica-sulla-riservatezza\/","og_locale":"it_IT","og_type":"article","og_title":"Politica relativa alla privacy - Ion Science Italy","og_description":"[vc_row type=&#8221;in_container&#8221; full_screen_row_position=&#8221;middle&#8221; column_margin=&#8221;default&#8221; column_direction=&#8221;default&#8221; column_direction_tablet=&#8221;default&#8221; column_direction_phone=&#8221;default&#8221; scene_position=&#8221;center&#8221; text_color=&#8221;dark&#8221; text_align=&#8221;left&#8221; row_border_radius=&#8221;none&#8221; row_border_radius_applies=&#8221;bg&#8221; overlay_strength=&#8221;0.3&#8243; gradient_direction=&#8221;left_to_right&#8221; shape_divider_position=&#8221;bottom&#8221; bg_image_animation=&#8221;none&#8221;][vc_column column_padding=&#8221;no-extra-padding&#8221; column_padding_tablet=&#8221;inherit&#8221; column_padding_phone=&#8221;inherit&#8221; column_padding_position=&#8221;all&#8221; background_color_opacity=&#8221;1&#8243; background_hover_color_opacity=&#8221;1&#8243; column_shadow=&#8221;none&#8221; column_border_radius=&#8221;none&#8221; column_link_target=&#8221;_self&#8221; gradient_direction=&#8221;left_to_right&#8221; overlay_strength=&#8221;0.3&#8243; width=&#8221;1\/1&#8243; tablet_width_inherit=&#8221;default&#8221; tablet_text_alignment=&#8221;default&#8221;...","og_url":"https:\/\/ionscience.com\/it\/politica-sulla-riservatezza\/","og_site_name":"Ion Science Italy","article_modified_time":"2021-08-02T09:55:13+00:00","twitter_card":"summary_large_image","twitter_misc":{"Est. reading time":"10 minutes"},"schema":{"@context":"https:\/\/schema.org","@graph":[{"@type":"WebPage","@id":"https:\/\/ionscience.com\/it\/politica-sulla-riservatezza\/","url":"https:\/\/ionscience.com\/it\/politica-sulla-riservatezza\/","name":"Politica relativa alla privacy - Ion Science Italy","isPartOf":{"@id":"https:\/\/ionscience.com\/en\/#website"},"datePublished":"2020-06-02T23:00:00+00:00","dateModified":"2021-08-02T09:55:13+00:00","breadcrumb":{"@id":"https:\/\/ionscience.com\/it\/politica-sulla-riservatezza\/#breadcrumb"},"inLanguage":"it-IT","potentialAction":[{"@type":"ReadAction","target":["https:\/\/ionscience.com\/it\/politica-sulla-riservatezza\/"]}]},{"@type":"BreadcrumbList","@id":"https:\/\/ionscience.com\/it\/politica-sulla-riservatezza\/#breadcrumb","itemListElement":[{"@type":"ListItem","position":1,"name":"Casa","item":"https:\/\/ionscience.com\/it\/"},{"@type":"ListItem","position":2,"name":"Politica relativa alla privacy"}]},{"@type":"WebSite","@id":"https:\/\/ionscience.com\/en\/#website","url":"https:\/\/ionscience.com\/en\/","name":"Ion Science Italy","description":"Advanced gas detectors, PID\/VOC detectors, SF6 leak detectors, corrosion monitors, mercury vapour detectors","potentialAction":[{"@type":"SearchAction","target":{"@type":"EntryPoint","urlTemplate":"https:\/\/ionscience.com\/en\/?s={search_term_string}"},"query-input":{"@type":"PropertyValueSpecification","valueRequired":true,"valueName":"search_term_string"}}],"inLanguage":"it-IT"}]}},"_links":{"self":[{"href":"https:\/\/ionscience.com\/it\/wp-json\/wp\/v2\/pages\/208359","targetHints":{"allow":["GET"]}}],"collection":[{"href":"https:\/\/ionscience.com\/it\/wp-json\/wp\/v2\/pages"}],"about":[{"href":"https:\/\/ionscience.com\/it\/wp-json\/wp\/v2\/types\/page"}],"author":[{"embeddable":true,"href":"https:\/\/ionscience.com\/it\/wp-json\/wp\/v2\/users\/6"}],"replies":[{"embeddable":true,"href":"https:\/\/ionscience.com\/it\/wp-json\/wp\/v2\/comments?post=208359"}],"version-history":[{"count":0,"href":"https:\/\/ionscience.com\/it\/wp-json\/wp\/v2\/pages\/208359\/revisions"}],"wp:attachment":[{"href":"https:\/\/ionscience.com\/it\/wp-json\/wp\/v2\/media?parent=208359"}],"curies":[{"name":"wp","href":"https:\/\/api.w.org\/{rel}","templated":true}]}}