{"id":208376,"date":"2020-08-07T00:00:00","date_gmt":"2020-08-06T23:00:00","guid":{"rendered":"https:\/\/ionscience.com\/rilevatori-di-gas-e-di-fughe\/assistenza-clienti\/tabella-gas-strumenti\/"},"modified":"2021-08-02T10:55:40","modified_gmt":"2021-08-02T09:55:40","slug":"tabella-gas-strumenti","status":"publish","type":"page","link":"https:\/\/ionscience.com\/it\/rilevatori-di-gas-e-di-fughe\/assistenza-clienti\/tabella-gas-strumenti\/","title":{"rendered":"Tabella gas strumenti"},"content":{"rendered":"[vc_row type=&#8221;in_container&#8221; full_screen_row_position=&#8221;middle&#8221; column_margin=&#8221;default&#8221; column_direction=&#8221;default&#8221; column_direction_tablet=&#8221;default&#8221; column_direction_phone=&#8221;default&#8221; scene_position=&#8221;center&#8221; top_padding=&#8221;3%&#8221; text_color=&#8221;dark&#8221; text_align=&#8221;left&#8221; row_border_radius=&#8221;none&#8221; row_border_radius_applies=&#8221;bg&#8221; overlay_strength=&#8221;0.3&#8243; gradient_direction=&#8221;left_to_right&#8221; shape_divider_position=&#8221;bottom&#8221; bg_image_animation=&#8221;none&#8221; shape_type=&#8221;&#8221;][vc_column column_padding=&#8221;no-extra-padding&#8221; column_padding_tablet=&#8221;inherit&#8221; column_padding_phone=&#8221;inherit&#8221; column_padding_position=&#8221;all&#8221; background_color_opacity=&#8221;1&#8243; background_hover_color_opacity=&#8221;1&#8243; column_shadow=&#8221;none&#8221; column_border_radius=&#8221;none&#8221; column_link_target=&#8221;_self&#8221; gradient_direction=&#8221;left_to_right&#8221; overlay_strength=&#8221;0.3&#8243; width=&#8221;2\/3&#8243; tablet_width_inherit=&#8221;default&#8221; tablet_text_alignment=&#8221;default&#8221; phone_text_alignment=&#8221;default&#8221; column_border_width=&#8221;none&#8221; column_border_style=&#8221;solid&#8221; bg_image_animation=&#8221;none&#8221;][vc_column_text]\n<h1>Servizio Clienti<\/h1>\n<h2>Tabella gas strumenti<\/h2>\n<p>ION Science consiglia agli utenti di installare l&#8217;ultima versione di Instrument Gas Table sui propri dispositivi, per assicurarsi di essere sempre aggiornati.<\/p>\n<p>Nota: I file della tabella dei gas .isg di seguito sono forniti per l&#8217;aggiornamento manuale tramite il rispettivo software per PC ION Science, per cui la connessione a Internet non \u00e8 possibile e non pu\u00f2 essere aperta direttamente. Il software Tiger, Tiger Select, Tiger LT e Cub PC visualizzer\u00e0 automaticamente un avviso per avvisare gli utenti quando \u00e8 disponibile una nuova Tabella gas quando un dispositivo \u00e8 connesso al software, a condizione che sia disponibile una connessione Internet sufficiente.[\/vc_column_text][\/vc_column][vc_column column_padding=&#8221;no-extra-padding&#8221; column_padding_tablet=&#8221;inherit&#8221; column_padding_phone=&#8221;inherit&#8221; column_padding_position=&#8221;all&#8221; background_color_opacity=&#8221;1&#8243; background_hover_color_opacity=&#8221;1&#8243; column_shadow=&#8221;none&#8221; column_border_radius=&#8221;none&#8221; column_link_target=&#8221;_self&#8221; gradient_direction=&#8221;left_to_right&#8221; overlay_strength=&#8221;0.3&#8243; width=&#8221;1\/3&#8243; tablet_width_inherit=&#8221;default&#8221; tablet_text_alignment=&#8221;default&#8221; phone_text_alignment=&#8221;default&#8221; column_border_width=&#8221;none&#8221; column_border_style=&#8221;solid&#8221; bg_image_animation=&#8221;none&#8221;][\/vc_column][\/vc_row][vc_row type=&#8221;in_container&#8221; full_screen_row_position=&#8221;middle&#8221; column_margin=&#8221;default&#8221; column_direction=&#8221;default&#8221; column_direction_tablet=&#8221;column_reverse&#8221; column_direction_phone=&#8221;column_reverse&#8221; scene_position=&#8221;center&#8221; bottom_padding=&#8221;3%&#8221; text_color=&#8221;dark&#8221; text_align=&#8221;left&#8221; row_border_radius=&#8221;none&#8221; row_border_radius_applies=&#8221;bg&#8221; overlay_strength=&#8221;0.3&#8243; gradient_direction=&#8221;left_to_right&#8221; shape_divider_position=&#8221;bottom&#8221; bg_image_animation=&#8221;none&#8221; shape_type=&#8221;&#8221;][vc_column column_padding=&#8221;no-extra-padding&#8221; column_padding_tablet=&#8221;inherit&#8221; column_padding_phone=&#8221;inherit&#8221; column_padding_position=&#8221;all&#8221; background_color_opacity=&#8221;1&#8243; background_hover_color_opacity=&#8221;1&#8243; column_shadow=&#8221;none&#8221; column_border_radius=&#8221;none&#8221; column_link_target=&#8221;_self&#8221; gradient_direction=&#8221;left_to_right&#8221; overlay_strength=&#8221;0.3&#8243; width=&#8221;1\/4&#8243; tablet_width_inherit=&#8221;default&#8221; tablet_text_alignment=&#8221;default&#8221; phone_text_alignment=&#8221;default&#8221; column_border_width=&#8221;none&#8221; column_border_style=&#8221;solid&#8221; bg_image_animation=&#8221;none&#8221;][vc_wp_custommenu nav_menu=&#8221;200&#8243;]<div class=\"templatera_shortcode\"><div id=\"fws_69e71addd0fb1\"  data-column-margin=\"default\" data-midnight=\"dark\"  class=\"wpb_row vc_row-fluid vc_row standard_section \"  style=\"padding-top: 0px; padding-bottom: 0px; \"><div class=\"row-bg-wrap\" data-bg-animation=\"none\" data-bg-overlay=\"false\"><div class=\"inner-wrap\"><div class=\"row-bg using-bg-color\"  style=\"background-color: #f0f0f0; \"><\/div><\/div><div class=\"row-bg-overlay\" ><\/div><\/div><div class=\"row_col_wrap_12 col span_12 dark left\">\n\t<div style=\"\" class=\"vc_col-sm-12 wpb_column column_container vc_column_container col centered-text padding-5-percent inherit_tablet inherit_phone \" data-using-bg=\"true\" data-t-w-inherits=\"default\" data-bg-cover=\"\" data-padding-pos=\"all\" data-has-bg-color=\"true\" data-bg-color=\"#f2f2f2\" data-bg-opacity=\"1\" data-hover-bg=\"\" data-hover-bg-opacity=\"1\" data-animation=\"\" data-delay=\"0\" >\n\t\t<div class=\"vc_column-inner\" ><div class=\"column-bg-overlay-wrap\" data-bg-animation=\"none\"><div class=\"column-bg-overlay\" style=\"opacity: 1; background-color: #f2f2f2;\"><\/div><\/div>\n\t\t\t<div class=\"wpb_wrapper\">\n\t\t\t\t\n<div class=\"wpb_text_column wpb_content_element \" >\n\t<div class=\"wpb_wrapper\">\n\t\t<h4>Hai registrato il tuo prodotto?<\/h4>\n<p>Registra ora il tuo strumento per estendere la garanzia fino a cinque anni!<\/p>\n\t<\/div>\n<\/div>\n\n\n\n<a class=\"nectar-button large see-through accent-color\"  style=\"\"  href=\"\/it\/rilevatori-di-gas-e-di-fughe\/assistenza-clienti\/registrate-il-vostro-strumento\/\" data-color-override=\"false\" data-hover-color-override=\"false\" data-hover-text-color-override=\"#fff\"><span>Registrati ora<\/span><\/a>\n\t\t\t<\/div> \n\t\t<\/div>\n\t<\/div> \n<\/div><\/div><\/div>[\/vc_column][vc_column column_padding=&#8221;no-extra-padding&#8221; column_padding_tablet=&#8221;inherit&#8221; column_padding_phone=&#8221;inherit&#8221; column_padding_position=&#8221;all&#8221; background_color_opacity=&#8221;1&#8243; background_hover_color_opacity=&#8221;1&#8243; column_shadow=&#8221;none&#8221; column_border_radius=&#8221;none&#8221; column_link_target=&#8221;_self&#8221; gradient_direction=&#8221;left_to_right&#8221; overlay_strength=&#8221;0.3&#8243; width=&#8221;3\/4&#8243; tablet_width_inherit=&#8221;default&#8221; tablet_text_alignment=&#8221;default&#8221; phone_text_alignment=&#8221;default&#8221; column_border_width=&#8221;none&#8221; column_border_style=&#8221;solid&#8221; bg_image_animation=&#8221;none&#8221;][vc_row_inner column_margin=&#8221;default&#8221; column_direction=&#8221;default&#8221; column_direction_tablet=&#8221;default&#8221; column_direction_phone=&#8221;default&#8221; text_align=&#8221;left&#8221;][vc_column_inner column_padding=&#8221;no-extra-padding&#8221; column_padding_tablet=&#8221;inherit&#8221; column_padding_phone=&#8221;inherit&#8221; column_padding_position=&#8221;all&#8221; background_color_opacity=&#8221;1&#8243; background_hover_color_opacity=&#8221;1&#8243; column_shadow=&#8221;none&#8221; column_border_radius=&#8221;none&#8221; column_link_target=&#8221;_self&#8221; gradient_direction=&#8221;left_to_right&#8221; overlay_strength=&#8221;0.3&#8243; width=&#8221;1\/1&#8243; tablet_width_inherit=&#8221;default&#8221; column_border_width=&#8221;none&#8221; column_border_style=&#8221;solid&#8221; bg_image_animation=&#8221;none&#8221;]\n\n<div class=\"widget-wrapper\">\n\n\t<h3>Tabella gas strumenti<\/h3>\n\n\t<div class=\"single-file\">\n\t\t<a href=\"#\" download\n\t\t\ttitle=\"Tabella gas strumenti Cub (INGLESE)\" target=\"_blank\" class=\"f9caaa8c-5de3-4cac-9457-2f62804b29d3\">\n\t\t\t<span class=\"file-icon\"><img decoding=\"async\" src=\"https:\/\/e7552ege7qf.exactdn.com\/wp-content\/themes\/salient-child\/img\/icons\/zip-icon.jpg?strip=all&w=1080\" alt=\"\"><\/span>\n\t\t\t<span class=\"file-name\">Tabella gas strumenti Cub (INGLESE)<\/span>\n\t\t<\/a>\n\t<\/div>\n\n\t\t<div id=\"f9caaa8c-5de3-4cac-9457-2f62804b29d3\" class=\"email-popup-wrap\">\n\t\t<div id=\"close-popup\"><\/div>\n\t\t<div class=\"email-popup-inner\">\n\t\t\t<script>\n\t\t\t\tjQuery(\".f9caaa8c-5de3-4cac-9457-2f62804b29d3\").one(\"click\", function() {\n\t\t\t\t\thbspt.forms.create({\n\t\t\t\t\t\tportalId: \"3375710\",\n\t\t\t\t\t\tformId: \"f9caaa8c-5de3-4cac-9457-2f62804b29d3\",\n\t\t\t\t\t\t\/\/css: \"\",\n\t\t\t\t\t\t\/\/onFormSubmit: function($form) {\n\t\t\t\t\t\t\/\/\tsetTimeout(function(){window.location.reload();},800);\n\t\t\t\t\t\t\/\/}\n\t\t\t\t\t});\n\t\t\t\t});\n\t\t\t<\/script>\n\t\t\t<div id=\"close\"><a href=\"#\"><span class=\"icon-salient-x\" aria-hidden=\"true\"><\/span><\/a><\/div>\n\t\t<\/div><!-- \/.email-popup-inner -->\n\t<\/div><!-- \/#email-popup-wrap -->\n\t\n\t\n\n\t<div class=\"single-file\">\n\t\t<a href=\"#\" download\n\t\t\ttitle=\"Tabella dei gas per strumenti Tiger XT, Tiger XT Select, Tiger e Tiger Select (INGLESE)\" target=\"_blank\" class=\"c16940d6-57ce-44e5-ada3-3c0affc91ca5\">\n\t\t\t<span class=\"file-icon\"><img decoding=\"async\" src=\"https:\/\/e7552ege7qf.exactdn.com\/wp-content\/themes\/salient-child\/img\/icons\/zip-icon.jpg?strip=all&w=1080\" alt=\"\"><\/span>\n\t\t\t<span class=\"file-name\">Tabella dei gas per strumenti Tiger XT, Tiger XT Select, Tiger e Tiger Select (INGLESE)<\/span>\n\t\t<\/a>\n\t<\/div>\n\n\t\t<div id=\"c16940d6-57ce-44e5-ada3-3c0affc91ca5\" class=\"email-popup-wrap\">\n\t\t<div id=\"close-popup\"><\/div>\n\t\t<div class=\"email-popup-inner\">\n\t\t\t<script>\n\t\t\t\tjQuery(\".c16940d6-57ce-44e5-ada3-3c0affc91ca5\").one(\"click\", function() {\n\t\t\t\t\thbspt.forms.create({\n\t\t\t\t\t\tportalId: \"3375710\",\n\t\t\t\t\t\tformId: \"c16940d6-57ce-44e5-ada3-3c0affc91ca5\",\n\t\t\t\t\t\t\/\/css: \"\",\n\t\t\t\t\t\t\/\/onFormSubmit: function($form) {\n\t\t\t\t\t\t\/\/\tsetTimeout(function(){window.location.reload();},800);\n\t\t\t\t\t\t\/\/}\n\t\t\t\t\t});\n\t\t\t\t});\n\t\t\t<\/script>\n\t\t\t<div id=\"close\"><a href=\"#\"><span class=\"icon-salient-x\" aria-hidden=\"true\"><\/span><\/a><\/div>\n\t\t<\/div><!-- \/.email-popup-inner -->\n\t<\/div><!-- \/#email-popup-wrap -->\n\t\n\t\n<\/div><!-- \/.widget-wrapper -->\n[\/vc_column_inner][\/vc_row_inner][\/vc_column][\/vc_row]\n","protected":false},"excerpt":{"rendered":"","protected":false},"author":6,"featured_media":0,"parent":208317,"menu_order":195,"comment_status":"closed","ping_status":"open","template":"","meta":{"_acf_changed":false,"footnotes":""},"class_list":["post-208376","page","type-page","status-publish"],"acf":[],"yoast_head":"<!-- This site is optimized with the Yoast SEO plugin v27.2 - https:\/\/yoast.com\/product\/yoast-seo-wordpress\/ -->\n<title>Tabella gas strumenti - Rivelatori di gas ION Science<\/title>\n<meta name=\"description\" content=\"Si prega di installare l&#039;ultima versione della tabella dei gas per strumenti per i rilevatori di gas Tiger, Tiger Select e Cub per assicurarsi di essere aggiornati.\" \/>\n<meta name=\"robots\" content=\"index, follow, max-snippet:-1, max-image-preview:large, max-video-preview:-1\" \/>\n<link rel=\"canonical\" href=\"https:\/\/ionscience.com\/it\/rilevatori-di-gas-e-di-fughe\/assistenza-clienti\/tabella-gas-strumenti\/\" \/>\n<meta property=\"og:locale\" content=\"it_IT\" \/>\n<meta property=\"og:type\" content=\"article\" \/>\n<meta property=\"og:title\" content=\"Tabella gas strumenti - Rivelatori di gas ION Science\" \/>\n<meta property=\"og:description\" content=\"Si prega di installare l&#039;ultima versione della tabella dei gas per strumenti per i rilevatori di gas Tiger, Tiger Select e Cub per assicurarsi di essere aggiornati.\" \/>\n<meta property=\"og:url\" content=\"https:\/\/ionscience.com\/it\/rilevatori-di-gas-e-di-fughe\/assistenza-clienti\/tabella-gas-strumenti\/\" \/>\n<meta property=\"og:site_name\" content=\"Ion Science Italy\" \/>\n<meta property=\"article:modified_time\" content=\"2021-08-02T09:55:40+00:00\" \/>\n<meta name=\"twitter:card\" content=\"summary_large_image\" \/>\n<meta name=\"twitter:label1\" content=\"Est. reading time\" \/>\n\t<meta name=\"twitter:data1\" content=\"3 minutes\" \/>\n<script type=\"application\/ld+json\" class=\"yoast-schema-graph\">{\"@context\":\"https:\/\/schema.org\",\"@graph\":[{\"@type\":\"WebPage\",\"@id\":\"https:\/\/ionscience.com\/it\/rilevatori-di-gas-e-di-fughe\/assistenza-clienti\/tabella-gas-strumenti\/\",\"url\":\"https:\/\/ionscience.com\/it\/rilevatori-di-gas-e-di-fughe\/assistenza-clienti\/tabella-gas-strumenti\/\",\"name\":\"Tabella gas strumenti - Rivelatori di gas ION Science\",\"isPartOf\":{\"@id\":\"https:\/\/ionscience.com\/en\/#website\"},\"datePublished\":\"2020-08-06T23:00:00+00:00\",\"dateModified\":\"2021-08-02T09:55:40+00:00\",\"description\":\"Si prega di installare l'ultima versione della tabella dei gas per strumenti per i rilevatori di gas Tiger, Tiger Select e Cub per assicurarsi di essere aggiornati.\",\"breadcrumb\":{\"@id\":\"https:\/\/ionscience.com\/it\/rilevatori-di-gas-e-di-fughe\/assistenza-clienti\/tabella-gas-strumenti\/#breadcrumb\"},\"inLanguage\":\"it-IT\",\"potentialAction\":[{\"@type\":\"ReadAction\",\"target\":[\"https:\/\/ionscience.com\/it\/rilevatori-di-gas-e-di-fughe\/assistenza-clienti\/tabella-gas-strumenti\/\"]}]},{\"@type\":\"BreadcrumbList\",\"@id\":\"https:\/\/ionscience.com\/it\/rilevatori-di-gas-e-di-fughe\/assistenza-clienti\/tabella-gas-strumenti\/#breadcrumb\",\"itemListElement\":[{\"@type\":\"ListItem\",\"position\":1,\"name\":\"Casa\",\"item\":\"https:\/\/ionscience.com\/it\/\"},{\"@type\":\"ListItem\",\"position\":2,\"name\":\"Rilevatori di gas e di fughe\",\"item\":\"https:\/\/ionscience.com\/it\/rilevatori-di-gas-e-di-fughe\/\"},{\"@type\":\"ListItem\",\"position\":3,\"name\":\"Assistenza clienti\",\"item\":\"https:\/\/ionscience.com\/it\/rilevatori-di-gas-e-di-fughe\/assistenza-clienti\/\"},{\"@type\":\"ListItem\",\"position\":4,\"name\":\"Tabella gas strumenti\"}]},{\"@type\":\"WebSite\",\"@id\":\"https:\/\/ionscience.com\/en\/#website\",\"url\":\"https:\/\/ionscience.com\/en\/\",\"name\":\"Ion Science Italy\",\"description\":\"Advanced gas detectors, PID\/VOC detectors, SF6 leak detectors, corrosion monitors, mercury vapour detectors\",\"potentialAction\":[{\"@type\":\"SearchAction\",\"target\":{\"@type\":\"EntryPoint\",\"urlTemplate\":\"https:\/\/ionscience.com\/en\/?s={search_term_string}\"},\"query-input\":{\"@type\":\"PropertyValueSpecification\",\"valueRequired\":true,\"valueName\":\"search_term_string\"}}],\"inLanguage\":\"it-IT\"}]}<\/script>\n<!-- \/ Yoast SEO plugin. -->","yoast_head_json":{"title":"Tabella gas strumenti - Rivelatori di gas ION Science","description":"Si prega di installare l'ultima versione della tabella dei gas per strumenti per i rilevatori di gas Tiger, Tiger Select e Cub per assicurarsi di essere aggiornati.","robots":{"index":"index","follow":"follow","max-snippet":"max-snippet:-1","max-image-preview":"max-image-preview:large","max-video-preview":"max-video-preview:-1"},"canonical":"https:\/\/ionscience.com\/it\/rilevatori-di-gas-e-di-fughe\/assistenza-clienti\/tabella-gas-strumenti\/","og_locale":"it_IT","og_type":"article","og_title":"Tabella gas strumenti - Rivelatori di gas ION Science","og_description":"Si prega di installare l'ultima versione della tabella dei gas per strumenti per i rilevatori di gas Tiger, Tiger Select e Cub per assicurarsi di essere aggiornati.","og_url":"https:\/\/ionscience.com\/it\/rilevatori-di-gas-e-di-fughe\/assistenza-clienti\/tabella-gas-strumenti\/","og_site_name":"Ion Science Italy","article_modified_time":"2021-08-02T09:55:40+00:00","twitter_card":"summary_large_image","twitter_misc":{"Est. reading time":"3 minutes"},"schema":{"@context":"https:\/\/schema.org","@graph":[{"@type":"WebPage","@id":"https:\/\/ionscience.com\/it\/rilevatori-di-gas-e-di-fughe\/assistenza-clienti\/tabella-gas-strumenti\/","url":"https:\/\/ionscience.com\/it\/rilevatori-di-gas-e-di-fughe\/assistenza-clienti\/tabella-gas-strumenti\/","name":"Tabella gas strumenti - Rivelatori di gas ION Science","isPartOf":{"@id":"https:\/\/ionscience.com\/en\/#website"},"datePublished":"2020-08-06T23:00:00+00:00","dateModified":"2021-08-02T09:55:40+00:00","description":"Si prega di installare l'ultima versione della tabella dei gas per strumenti per i rilevatori di gas Tiger, Tiger Select e Cub per assicurarsi di essere aggiornati.","breadcrumb":{"@id":"https:\/\/ionscience.com\/it\/rilevatori-di-gas-e-di-fughe\/assistenza-clienti\/tabella-gas-strumenti\/#breadcrumb"},"inLanguage":"it-IT","potentialAction":[{"@type":"ReadAction","target":["https:\/\/ionscience.com\/it\/rilevatori-di-gas-e-di-fughe\/assistenza-clienti\/tabella-gas-strumenti\/"]}]},{"@type":"BreadcrumbList","@id":"https:\/\/ionscience.com\/it\/rilevatori-di-gas-e-di-fughe\/assistenza-clienti\/tabella-gas-strumenti\/#breadcrumb","itemListElement":[{"@type":"ListItem","position":1,"name":"Casa","item":"https:\/\/ionscience.com\/it\/"},{"@type":"ListItem","position":2,"name":"Rilevatori di gas e di fughe","item":"https:\/\/ionscience.com\/it\/rilevatori-di-gas-e-di-fughe\/"},{"@type":"ListItem","position":3,"name":"Assistenza clienti","item":"https:\/\/ionscience.com\/it\/rilevatori-di-gas-e-di-fughe\/assistenza-clienti\/"},{"@type":"ListItem","position":4,"name":"Tabella gas strumenti"}]},{"@type":"WebSite","@id":"https:\/\/ionscience.com\/en\/#website","url":"https:\/\/ionscience.com\/en\/","name":"Ion Science Italy","description":"Advanced gas detectors, PID\/VOC detectors, SF6 leak detectors, corrosion monitors, mercury vapour detectors","potentialAction":[{"@type":"SearchAction","target":{"@type":"EntryPoint","urlTemplate":"https:\/\/ionscience.com\/en\/?s={search_term_string}"},"query-input":{"@type":"PropertyValueSpecification","valueRequired":true,"valueName":"search_term_string"}}],"inLanguage":"it-IT"}]}},"_links":{"self":[{"href":"https:\/\/ionscience.com\/it\/wp-json\/wp\/v2\/pages\/208376","targetHints":{"allow":["GET"]}}],"collection":[{"href":"https:\/\/ionscience.com\/it\/wp-json\/wp\/v2\/pages"}],"about":[{"href":"https:\/\/ionscience.com\/it\/wp-json\/wp\/v2\/types\/page"}],"author":[{"embeddable":true,"href":"https:\/\/ionscience.com\/it\/wp-json\/wp\/v2\/users\/6"}],"replies":[{"embeddable":true,"href":"https:\/\/ionscience.com\/it\/wp-json\/wp\/v2\/comments?post=208376"}],"version-history":[{"count":0,"href":"https:\/\/ionscience.com\/it\/wp-json\/wp\/v2\/pages\/208376\/revisions"}],"up":[{"embeddable":true,"href":"https:\/\/ionscience.com\/it\/wp-json\/wp\/v2\/pages\/208317"}],"wp:attachment":[{"href":"https:\/\/ionscience.com\/it\/wp-json\/wp\/v2\/media?parent=208376"}],"curies":[{"name":"wp","href":"https:\/\/api.w.org\/{rel}","templated":true}]}}