{"id":208381,"date":"2020-09-02T00:00:00","date_gmt":"2020-09-01T23:00:00","guid":{"rendered":"https:\/\/ionscience.com\/rilevatori-di-gas-e-di-fughe\/assistenza-clienti\/assistenza-e-calibrazione\/"},"modified":"2021-08-02T10:55:43","modified_gmt":"2021-08-02T09:55:43","slug":"assistenza-e-calibrazione","status":"publish","type":"page","link":"https:\/\/ionscience.com\/it\/rilevatori-di-gas-e-di-fughe\/assistenza-clienti\/assistenza-e-calibrazione\/","title":{"rendered":"Assistenza e calibrazione"},"content":{"rendered":"[vc_row type=&#8221;full_width_background&#8221; full_screen_row_position=&#8221;middle&#8221; column_margin=&#8221;default&#8221; column_direction=&#8221;default&#8221; column_direction_tablet=&#8221;default&#8221; column_direction_phone=&#8221;default&#8221; bg_color=&#8221;#fbfbfb&#8221; bg_image=&#8221;179501&#8243; background_image_mobile_hidden=&#8221;true&#8221; bg_position=&#8221;right center&#8221; bg_repeat=&#8221;no-repeat&#8221; scene_position=&#8221;center&#8221; top_padding=&#8221;7%&#8221; bottom_padding=&#8221;7%&#8221; text_color=&#8221;dark&#8221; text_align=&#8221;left&#8221; row_border_radius=&#8221;none&#8221; row_border_radius_applies=&#8221;bg&#8221; class=&#8221;bg-contain&#8221; overlay_strength=&#8221;0.3&#8243; gradient_direction=&#8221;left_to_right&#8221; shape_divider_position=&#8221;bottom&#8221; bg_image_animation=&#8221;none&#8221; shape_type=&#8221;&#8221;][vc_column column_padding=&#8221;padding-9-percent&#8221; column_padding_tablet=&#8221;inherit&#8221; column_padding_phone=&#8221;inherit&#8221; column_padding_position=&#8221;right&#8221; background_color_opacity=&#8221;1&#8243; background_hover_color_opacity=&#8221;1&#8243; column_shadow=&#8221;none&#8221; column_border_radius=&#8221;none&#8221; column_link_target=&#8221;_self&#8221; gradient_direction=&#8221;left_to_right&#8221; overlay_strength=&#8221;0.3&#8243; width=&#8221;2\/3&#8243; tablet_width_inherit=&#8221;default&#8221; tablet_text_alignment=&#8221;default&#8221; phone_text_alignment=&#8221;default&#8221; column_border_width=&#8221;none&#8221; column_border_style=&#8221;solid&#8221; bg_image_animation=&#8221;none&#8221;][vc_column_text]\n<h1>Assistenza e calibrazione<\/h1>\n<p>Si consiglia di restituire il vostro strumento ogni anno per manutenzione e calibrazione. I nostri tecnici qualificati sono a vostra disposizione per garantire la riparazione, la manutenzione e la calibrazione del vostro strumento, con tempistiche rapide.[\/vc_column_text][nectar_btn size=&#8221;jumbo&#8221; button_style=&#8221;see-through&#8221; button_color_2=&#8221;Accent-Color&#8221; icon_family=&#8221;none&#8221; text=&#8221;Restituire uno strumento per l&#8217;assistenza e la calibrazione&#8221; url=&#8221;#form&#8221;][\/vc_column][\/vc_row][vc_row type=&#8221;in_container&#8221; full_screen_row_position=&#8221;middle&#8221; column_margin=&#8221;default&#8221; column_direction=&#8221;default&#8221; column_direction_tablet=&#8221;default&#8221; column_direction_phone=&#8221;default&#8221; scene_position=&#8221;center&#8221; top_padding=&#8221;3%&#8221; bottom_padding=&#8221;3%&#8221; text_color=&#8221;dark&#8221; text_align=&#8221;left&#8221; row_border_radius=&#8221;none&#8221; row_border_radius_applies=&#8221;bg&#8221; overlay_strength=&#8221;0.3&#8243; gradient_direction=&#8221;left_to_right&#8221; shape_divider_position=&#8221;bottom&#8221; bg_image_animation=&#8221;none&#8221; shape_type=&#8221;&#8221;][vc_column column_padding=&#8221;no-extra-padding&#8221; column_padding_tablet=&#8221;inherit&#8221; column_padding_phone=&#8221;inherit&#8221; column_padding_position=&#8221;all&#8221; background_color_opacity=&#8221;1&#8243; background_hover_color_opacity=&#8221;1&#8243; column_shadow=&#8221;none&#8221; column_border_radius=&#8221;none&#8221; column_link_target=&#8221;_self&#8221; gradient_direction=&#8221;left_to_right&#8221; overlay_strength=&#8221;0.3&#8243; width=&#8221;2\/3&#8243; tablet_width_inherit=&#8221;default&#8221; tablet_text_alignment=&#8221;default&#8221; phone_text_alignment=&#8221;default&#8221; column_border_width=&#8221;none&#8221; column_border_style=&#8221;solid&#8221; bg_image_animation=&#8221;none&#8221;][vc_column_text]\n<h3>Manutenzione e calibrazione annuale del vostro rilevatore di gas<\/h3>\n<p>\u00c8 importante che i <a href=\"\/it\/rilevatori-di-gas-e-di-fughe\/\">vostri strumenti siano<\/a> ricalibrati su base annuale per garantire che continuino a fornirvi risultati accurati e affidabili e che mantengano <a href=\"\/it\/rilevatori-di-gas-e-di-fughe\/assistenza-clienti\/registrate-il-vostro-strumento\/\">la loro garanzia estesa<\/a>. I nostri tecnici esamineranno accuratamente il vostro strumento per assicurarsi che sia calibrato con lo stesso standard di quando ha lasciato la fabbrica.<\/p>\n<h3>Tempi di intervento rapidi<\/h3>\n<p>I nostri tecnici specializzati sono formati secondo gli standard migliori e si assicureranno che il vostro rilevatore di gas sia di nuovo perfettamente e che vi venga restituito il pi\u00f9 rapidamente possibile.<\/p>\n<h3>I nostri ingegneri sono qualificati per fornire<\/h3>\n<ul>\n<li>Ricalibrazione di fabbrica<\/li>\n<li>Riparazioni (in garanzia e fuori garanzia)<\/li>\n<li>Estensione garanzia<\/li>\n<li>Riprogrammazione completa<\/li>\n<li>Stock di pezzi di ricambio<\/li>\n<li>Conoscenze tecniche avanzate<\/li>\n<\/ul>\n<h3>Reso di uno rilevatore gas<\/h3>\n<p>Oltre alla manutenzione degli strumenti nella sede principale di ION Science, in UK, abbiamo una rete di Centri di Assistenza Autorizzati dislocati in tutto il mondo, formati e qualificati secondo i pi\u00f9 alti standard. Ci assicuriamo che tutti i nostri Centri di Assistenza siano allineati, garantendo la massima professionalit\u00e0 in materia di<br \/>\n<a href=\"https:\/\/www.hse.gov.uk\/comah\/sragtech\/techmeasareaclas.htm\">manutenzioni e calibrazioni.<\/a><\/p>\n<p>Per l&#8217;assistenza e la calibrazione del vostro rilevatore di gas, il vostro strumento pu\u00f2 essere restituito ad un centro di assistenza autorizzato ION Science della vostra zona. Se vicino a voi non c&#8217;\u00e8 un Centro Assistenza, il vostro strumento pu\u00f2 essere restituito alla sede centrale di ION Science.[\/vc_column_text][vc_column_text][\/vc_column_text][\/vc_column][vc_column column_padding=&#8221;no-extra-padding&#8221; column_padding_tablet=&#8221;inherit&#8221; column_padding_phone=&#8221;inherit&#8221; column_padding_position=&#8221;all&#8221; background_color_opacity=&#8221;1&#8243; background_hover_color_opacity=&#8221;1&#8243; column_shadow=&#8221;none&#8221; column_border_radius=&#8221;none&#8221; column_link_target=&#8221;_self&#8221; gradient_direction=&#8221;left_to_right&#8221; overlay_strength=&#8221;0.3&#8243; width=&#8221;1\/3&#8243; tablet_width_inherit=&#8221;default&#8221; tablet_text_alignment=&#8221;default&#8221; phone_text_alignment=&#8221;default&#8221; column_border_width=&#8221;none&#8221; column_border_style=&#8221;solid&#8221; bg_image_animation=&#8221;none&#8221;][vc_row_inner column_margin=&#8221;default&#8221; column_direction=&#8221;default&#8221; column_direction_tablet=&#8221;default&#8221; column_direction_phone=&#8221;default&#8221; text_align=&#8221;left&#8221;][vc_column_inner column_padding=&#8221;padding-5-percent&#8221; column_padding_tablet=&#8221;inherit&#8221; column_padding_phone=&#8221;inherit&#8221; column_padding_position=&#8221;all&#8221; background_color=&#8221;#f2f2f2&#8243; background_color_opacity=&#8221;1&#8243; background_hover_color_opacity=&#8221;1&#8243; column_shadow=&#8221;none&#8221; column_border_radius=&#8221;none&#8221; column_link_target=&#8221;_self&#8221; gradient_direction=&#8221;left_to_right&#8221; overlay_strength=&#8221;0.3&#8243; width=&#8221;1\/1&#8243; tablet_width_inherit=&#8221;default&#8221; column_border_width=&#8221;none&#8221; column_border_style=&#8221;solid&#8221; bg_image_animation=&#8221;none&#8221;][vc_column_text]\n<h4>Restituite il vostro strumento per manutenzione e calibrazione<\/h4>\n<p>Sar\u00e0 sufficiente compilare il modulo per richiedere la restituzione del vostro strumento ION Science per Manutenzione e Calibrazione.[\/vc_column_text][nectar_btn size=&#8221;jumbo&#8221; button_style=&#8221;regular&#8221; button_color_2=&#8221;Accent-Color&#8221; icon_family=&#8221;none&#8221; text=&#8221;Restituite il vostro strumento per manutenzione e calibrazione&#8221; url=&#8221;https:\/\/ionscience.com\/it\/rilevatori-di-gas-e-di-fughe\/&#8221;][\/vc_column_inner][\/vc_row_inner][vc_row_inner column_margin=&#8221;default&#8221; column_direction=&#8221;default&#8221; column_direction_tablet=&#8221;default&#8221; column_direction_phone=&#8221;default&#8221; text_align=&#8221;left&#8221;][vc_column_inner column_padding=&#8221;padding-5-percent&#8221; column_padding_tablet=&#8221;inherit&#8221; column_padding_phone=&#8221;inherit&#8221; column_padding_position=&#8221;all&#8221; background_color=&#8221;#f2f2f2&#8243; background_color_opacity=&#8221;1&#8243; background_hover_color_opacity=&#8221;1&#8243; column_shadow=&#8221;none&#8221; column_border_radius=&#8221;none&#8221; column_link_target=&#8221;_self&#8221; gradient_direction=&#8221;left_to_right&#8221; overlay_strength=&#8221;0.3&#8243; width=&#8221;1\/1&#8243; tablet_width_inherit=&#8221;default&#8221; column_border_width=&#8221;none&#8221; column_border_style=&#8221;solid&#8221; bg_image_animation=&#8221;none&#8221;][vc_column_text]\n<h4>Registrate il vostro strumento<\/h4>\n<p>Registrate il vostro strumento e ricevete un&#8217;estensione gratuita della garanzia fino a 5 anni![\/vc_column_text][nectar_btn size=&#8221;jumbo&#8221; button_style=&#8221;regular&#8221; button_color_2=&#8221;Accent-Color&#8221; icon_family=&#8221;none&#8221; text=&#8221;Registrate il vostro strumento&#8221; url=&#8221;https:\/\/ionscience.com\/it\/rilevatori-di-gas-e-di-fughe\/assistenza-clienti\/registrate-il-vostro-strumento\/&#8221;][\/vc_column_inner][\/vc_row_inner][\/vc_column][\/vc_row][vc_row type=&#8221;in_container&#8221; full_screen_row_position=&#8221;middle&#8221; column_margin=&#8221;default&#8221; column_direction=&#8221;default&#8221; column_direction_tablet=&#8221;default&#8221; column_direction_phone=&#8221;default&#8221; scene_position=&#8221;center&#8221; text_color=&#8221;dark&#8221; text_align=&#8221;left&#8221; row_border_radius=&#8221;none&#8221; row_border_radius_applies=&#8221;bg&#8221; id=&#8221;form&#8221; overlay_strength=&#8221;0.3&#8243; gradient_direction=&#8221;left_to_right&#8221; shape_divider_position=&#8221;bottom&#8221; bg_image_animation=&#8221;none&#8221; shape_type=&#8221;&#8221;][vc_column column_padding=&#8221;no-extra-padding&#8221; column_padding_tablet=&#8221;inherit&#8221; column_padding_phone=&#8221;inherit&#8221; column_padding_position=&#8221;all&#8221; background_color_opacity=&#8221;1&#8243; background_hover_color_opacity=&#8221;1&#8243; column_shadow=&#8221;none&#8221; column_border_radius=&#8221;none&#8221; column_link_target=&#8221;_self&#8221; gradient_direction=&#8221;left_to_right&#8221; overlay_strength=&#8221;0.3&#8243; width=&#8221;1\/1&#8243; tablet_width_inherit=&#8221;default&#8221; tablet_text_alignment=&#8221;default&#8221; phone_text_alignment=&#8221;default&#8221; column_border_width=&#8221;none&#8221; column_border_style=&#8221;solid&#8221; bg_image_animation=&#8221;none&#8221;][vc_row_inner column_margin=&#8221;default&#8221; column_direction=&#8221;default&#8221; column_direction_tablet=&#8221;default&#8221; column_direction_phone=&#8221;default&#8221; bottom_padding=&#8221;5%&#8221; text_align=&#8221;left&#8221; type=&#8221;full_width_background&#8221; full_screen_row_position=&#8221;middle&#8221; vertically_center_columns=&#8221;&#8221; bg_color=&#8221;&#8221; bg_image=&#8221;&#8221; background_image_mobile_hidden=&#8221;&#8221; bg_position=&#8221;left top&#8221; bg_repeat=&#8221;no-repeat&#8221; full_height=&#8221;&#8221; columns_placement=&#8221;middle&#8221; video_bg=&#8221;&#8221; enable_video_color_overlay=&#8221;&#8221; video_overlay_color=&#8221;&#8221; video_external=&#8221;&#8221; video_webm=&#8221;&#8221; video_mp4=&#8221;&#8221; video_ogv=&#8221;&#8221; video_image=&#8221;&#8221; mouse_based_parallax_bg=&#8221;&#8221; scene_position=&#8221;center&#8221; mouse_sensitivity=&#8221;&#8221; layer_one_image=&#8221;&#8221; layer_one_strength=&#8221;&#8221; layer_two_image=&#8221;&#8221; layer_two_strength=&#8221;&#8221; layer_three_image=&#8221;&#8221; layer_three_strength=&#8221;&#8221; layer_four_image=&#8221;&#8221; layer_four_strength=&#8221;&#8221; layer_five_image=&#8221;&#8221; layer_five_strength=&#8221;&#8221; text_color=&#8221;dark&#8221; custom_text_color=&#8221;&#8221; group_header_4=&#8221;&#8221; row_border_radius=&#8221;none&#8221; row_border_radius_applies=&#8221;bg&#8221; group_header_5=&#8221;&#8221; zindex=&#8221;&#8221; id=&#8221;enquiry&#8221; row_name=&#8221;&#8221; disable_ken_burns=&#8221;&#8221; enable_gradient=&#8221;&#8221; color_overlay=&#8221;&#8221; color_overlay_2=&#8221;&#8221; overlay_strength=&#8221;0.3&#8243; gradient_direction=&#8221;left_to_right&#8221; enable_shape_divider=&#8221;&#8221; shape_divider_color=&#8221;&#8221; shape_divider_position=&#8221;bottom&#8221; shape_divider_height=&#8221;&#8221; shape_divider_bring_to_front=&#8221;&#8221; bg_image_animation=&#8221;none&#8221; parallax_bg=&#8221;&#8221; parallax_bg_speed=&#8221;slow&#8221; shape_type=&#8221;&#8221;][vc_column_inner column_padding=&#8221;no-extra-padding&#8221; column_padding_tablet=&#8221;inherit&#8221; column_padding_phone=&#8221;inherit&#8221; column_padding_position=&#8221;all&#8221; background_color_opacity=&#8221;1&#8243; background_hover_color_opacity=&#8221;1&#8243; column_shadow=&#8221;none&#8221; column_border_radius=&#8221;none&#8221; column_link_target=&#8221;_self&#8221; gradient_direction=&#8221;left_to_right&#8221; overlay_strength=&#8221;0.3&#8243; width=&#8221;1\/1&#8243; tablet_width_inherit=&#8221;default&#8221; column_border_width=&#8221;none&#8221; column_border_style=&#8221;solid&#8221; bg_image_animation=&#8221;none&#8221; video_bg=&#8221;&#8221; video_webm=&#8221;&#8221; video_mp4=&#8221;&#8221; video_ogv=&#8221;&#8221; video_image=&#8221;&#8221; max_width_desktop=&#8221;&#8221; max_width_tablet=&#8221;&#8221; max_width_phone=&#8221;&#8221; tablet_text_alignment=&#8221;default&#8221; phone_text_alignment=&#8221;default&#8221;][vc_column_text]\n<h3><span style=\"color: #041e42;\">Return your instrument for Service and Calibration<\/span><\/h3>\n<p>Simply complete the form to request the return of your ION Science Instrument for Service and Calibration.[\/vc_column_text][vc_raw_js]JTNDJTIxLS0lNUJpZiUyMGx0ZSUyMElFJTIwOCU1RCUzRSUwQSUzQ3NjcmlwdCUyMGNoYXJzZXQlM0QlMjJ1dGYtOCUyMiUyMHR5cGUlM0QlMjJ0ZXh0JTJGamF2YXNjcmlwdCUyMiUyMHNyYyUzRCUyMiUyRiUyRmpzLmhzZm9ybXMubmV0JTJGZm9ybXMlMkZ2Mi1sZWdhY3kuanMlMjIlM0UlM0MlMkZzY3JpcHQlM0UlMEElM0MlMjElNUJlbmRpZiU1RC0tJTNFJTBBJTNDc2NyaXB0JTIwY2hhcnNldCUzRCUyMnV0Zi04JTIyJTIwdHlwZSUzRCUyMnRleHQlMkZqYXZhc2NyaXB0JTIyJTIwc3JjJTNEJTIyJTJGJTJGanMuaHNmb3Jtcy5uZXQlMkZmb3JtcyUyRnYyLmpzJTIyJTNFJTNDJTJGc2NyaXB0JTNFJTBBJTNDc2NyaXB0JTNFJTBBJTIwJTIwaGJzcHQuZm9ybXMuY3JlYXRlJTI4JTdCJTBBJTIwJTIwJTIwJTIwJTIwJTIwJTIwJTIwcG9ydGFsSWQlM0ElMjAlMjIzMzc1NzEwJTIyJTJDJTBBJTIwJTIwJTIwJTIwJTIwJTIwJTIwJTIwZm9ybUlkJTNBJTIwJTIyYzhjZjZhNzMtMjEyMC00MGFmLTg3MDgtY2NlNWNlY2JhYzU4JTIyJTBBJTdEJTI5JTNCJTBBJTNDJTJGc2NyaXB0JTNF[\/vc_raw_js][\/vc_column_inner][\/vc_row_inner][\/vc_column][\/vc_row]\n","protected":false},"excerpt":{"rendered":"<p>By registering your ION Science instrument, you increase the standard warranty of your product, giving you peace of mind that it is covered by us for as long as possible.<\/p>\n","protected":false},"author":6,"featured_media":226023,"parent":208317,"menu_order":124,"comment_status":"closed","ping_status":"open","template":"","meta":{"_acf_changed":false,"footnotes":""},"class_list":["post-208381","page","type-page","status-publish","has-post-thumbnail"],"acf":[],"yoast_head":"<!-- This site is optimized with the Yoast SEO plugin v27.2 - https:\/\/yoast.com\/product\/yoast-seo-wordpress\/ -->\n<title>Service and calibration of your gas detector<\/title>\n<meta name=\"description\" content=\"We recommend service and calibration of your gas detector on an annual basis to ensure it continues to provide you with accurate, reliable results.\" \/>\n<meta name=\"robots\" content=\"index, follow, max-snippet:-1, max-image-preview:large, max-video-preview:-1\" \/>\n<link rel=\"canonical\" href=\"https:\/\/ionscience.com\/it\/rilevatori-di-gas-e-di-fughe\/assistenza-clienti\/assistenza-e-calibrazione\/\" \/>\n<meta property=\"og:locale\" content=\"it_IT\" \/>\n<meta property=\"og:type\" content=\"article\" \/>\n<meta property=\"og:title\" content=\"Service and calibration of your gas detector\" \/>\n<meta property=\"og:description\" content=\"We recommend service and calibration of your gas detector on an annual basis to ensure it continues to provide you with accurate, reliable results.\" \/>\n<meta property=\"og:url\" content=\"https:\/\/ionscience.com\/it\/rilevatori-di-gas-e-di-fughe\/assistenza-clienti\/assistenza-e-calibrazione\/\" \/>\n<meta property=\"og:site_name\" content=\"Ion Science Italy\" \/>\n<meta property=\"article:modified_time\" content=\"2021-08-02T09:55:43+00:00\" \/>\n<meta property=\"og:image\" content=\"https:\/\/ionscience.com\/wp-content\/uploads\/2021\/07\/service-and-calibration-header.png\" \/>\n\t<meta property=\"og:image:width\" content=\"916\" \/>\n\t<meta property=\"og:image:height\" content=\"552\" \/>\n\t<meta property=\"og:image:type\" content=\"image\/png\" \/>\n<meta name=\"twitter:card\" content=\"summary_large_image\" \/>\n<meta name=\"twitter:label1\" content=\"Est. reading time\" \/>\n\t<meta name=\"twitter:data1\" content=\"7 minutes\" \/>\n<script type=\"application\/ld+json\" class=\"yoast-schema-graph\">{\"@context\":\"https:\/\/schema.org\",\"@graph\":[{\"@type\":\"WebPage\",\"@id\":\"https:\/\/ionscience.com\/it\/rilevatori-di-gas-e-di-fughe\/assistenza-clienti\/assistenza-e-calibrazione\/\",\"url\":\"https:\/\/ionscience.com\/it\/rilevatori-di-gas-e-di-fughe\/assistenza-clienti\/assistenza-e-calibrazione\/\",\"name\":\"Service and calibration of your gas detector\",\"isPartOf\":{\"@id\":\"https:\/\/ionscience.com\/en\/#website\"},\"primaryImageOfPage\":{\"@id\":\"https:\/\/ionscience.com\/it\/rilevatori-di-gas-e-di-fughe\/assistenza-clienti\/assistenza-e-calibrazione\/#primaryimage\"},\"image\":{\"@id\":\"https:\/\/ionscience.com\/it\/rilevatori-di-gas-e-di-fughe\/assistenza-clienti\/assistenza-e-calibrazione\/#primaryimage\"},\"thumbnailUrl\":\"https:\/\/e7552ege7qf.exactdn.com\/wp-content\/uploads\/2021\/07\/service-and-calibration-header.png?strip=all\",\"datePublished\":\"2020-09-01T23:00:00+00:00\",\"dateModified\":\"2021-08-02T09:55:43+00:00\",\"description\":\"We recommend service and calibration of your gas detector on an annual basis to ensure it continues to provide you with accurate, reliable results.\",\"breadcrumb\":{\"@id\":\"https:\/\/ionscience.com\/it\/rilevatori-di-gas-e-di-fughe\/assistenza-clienti\/assistenza-e-calibrazione\/#breadcrumb\"},\"inLanguage\":\"it-IT\",\"potentialAction\":[{\"@type\":\"ReadAction\",\"target\":[\"https:\/\/ionscience.com\/it\/rilevatori-di-gas-e-di-fughe\/assistenza-clienti\/assistenza-e-calibrazione\/\"]}]},{\"@type\":\"ImageObject\",\"inLanguage\":\"it-IT\",\"@id\":\"https:\/\/ionscience.com\/it\/rilevatori-di-gas-e-di-fughe\/assistenza-clienti\/assistenza-e-calibrazione\/#primaryimage\",\"url\":\"https:\/\/e7552ege7qf.exactdn.com\/wp-content\/uploads\/2021\/07\/service-and-calibration-header.png?strip=all\",\"contentUrl\":\"https:\/\/e7552ege7qf.exactdn.com\/wp-content\/uploads\/2021\/07\/service-and-calibration-header.png?strip=all\",\"width\":916,\"height\":552,\"caption\":\"service-and-calibration-header\"},{\"@type\":\"BreadcrumbList\",\"@id\":\"https:\/\/ionscience.com\/it\/rilevatori-di-gas-e-di-fughe\/assistenza-clienti\/assistenza-e-calibrazione\/#breadcrumb\",\"itemListElement\":[{\"@type\":\"ListItem\",\"position\":1,\"name\":\"Casa\",\"item\":\"https:\/\/ionscience.com\/it\/\"},{\"@type\":\"ListItem\",\"position\":2,\"name\":\"Rilevatori di gas e di fughe\",\"item\":\"https:\/\/ionscience.com\/it\/rilevatori-di-gas-e-di-fughe\/\"},{\"@type\":\"ListItem\",\"position\":3,\"name\":\"Assistenza clienti\",\"item\":\"https:\/\/ionscience.com\/it\/rilevatori-di-gas-e-di-fughe\/assistenza-clienti\/\"},{\"@type\":\"ListItem\",\"position\":4,\"name\":\"Assistenza e calibrazione\"}]},{\"@type\":\"WebSite\",\"@id\":\"https:\/\/ionscience.com\/en\/#website\",\"url\":\"https:\/\/ionscience.com\/en\/\",\"name\":\"Ion Science Italy\",\"description\":\"Advanced gas detectors, PID\/VOC detectors, SF6 leak detectors, corrosion monitors, mercury vapour detectors\",\"potentialAction\":[{\"@type\":\"SearchAction\",\"target\":{\"@type\":\"EntryPoint\",\"urlTemplate\":\"https:\/\/ionscience.com\/en\/?s={search_term_string}\"},\"query-input\":{\"@type\":\"PropertyValueSpecification\",\"valueRequired\":true,\"valueName\":\"search_term_string\"}}],\"inLanguage\":\"it-IT\"}]}<\/script>\n<!-- \/ Yoast SEO plugin. -->","yoast_head_json":{"title":"Service and calibration of your gas detector","description":"We recommend service and calibration of your gas detector on an annual basis to ensure it continues to provide you with accurate, reliable results.","robots":{"index":"index","follow":"follow","max-snippet":"max-snippet:-1","max-image-preview":"max-image-preview:large","max-video-preview":"max-video-preview:-1"},"canonical":"https:\/\/ionscience.com\/it\/rilevatori-di-gas-e-di-fughe\/assistenza-clienti\/assistenza-e-calibrazione\/","og_locale":"it_IT","og_type":"article","og_title":"Service and calibration of your gas detector","og_description":"We recommend service and calibration of your gas detector on an annual basis to ensure it continues to provide you with accurate, reliable results.","og_url":"https:\/\/ionscience.com\/it\/rilevatori-di-gas-e-di-fughe\/assistenza-clienti\/assistenza-e-calibrazione\/","og_site_name":"Ion Science Italy","article_modified_time":"2021-08-02T09:55:43+00:00","og_image":[{"width":916,"height":552,"url":"https:\/\/ionscience.com\/wp-content\/uploads\/2021\/07\/service-and-calibration-header.png","type":"image\/png"}],"twitter_card":"summary_large_image","twitter_misc":{"Est. reading time":"7 minutes"},"schema":{"@context":"https:\/\/schema.org","@graph":[{"@type":"WebPage","@id":"https:\/\/ionscience.com\/it\/rilevatori-di-gas-e-di-fughe\/assistenza-clienti\/assistenza-e-calibrazione\/","url":"https:\/\/ionscience.com\/it\/rilevatori-di-gas-e-di-fughe\/assistenza-clienti\/assistenza-e-calibrazione\/","name":"Service and calibration of your gas detector","isPartOf":{"@id":"https:\/\/ionscience.com\/en\/#website"},"primaryImageOfPage":{"@id":"https:\/\/ionscience.com\/it\/rilevatori-di-gas-e-di-fughe\/assistenza-clienti\/assistenza-e-calibrazione\/#primaryimage"},"image":{"@id":"https:\/\/ionscience.com\/it\/rilevatori-di-gas-e-di-fughe\/assistenza-clienti\/assistenza-e-calibrazione\/#primaryimage"},"thumbnailUrl":"https:\/\/e7552ege7qf.exactdn.com\/wp-content\/uploads\/2021\/07\/service-and-calibration-header.png?strip=all","datePublished":"2020-09-01T23:00:00+00:00","dateModified":"2021-08-02T09:55:43+00:00","description":"We recommend service and calibration of your gas detector on an annual basis to ensure it continues to provide you with accurate, reliable results.","breadcrumb":{"@id":"https:\/\/ionscience.com\/it\/rilevatori-di-gas-e-di-fughe\/assistenza-clienti\/assistenza-e-calibrazione\/#breadcrumb"},"inLanguage":"it-IT","potentialAction":[{"@type":"ReadAction","target":["https:\/\/ionscience.com\/it\/rilevatori-di-gas-e-di-fughe\/assistenza-clienti\/assistenza-e-calibrazione\/"]}]},{"@type":"ImageObject","inLanguage":"it-IT","@id":"https:\/\/ionscience.com\/it\/rilevatori-di-gas-e-di-fughe\/assistenza-clienti\/assistenza-e-calibrazione\/#primaryimage","url":"https:\/\/e7552ege7qf.exactdn.com\/wp-content\/uploads\/2021\/07\/service-and-calibration-header.png?strip=all","contentUrl":"https:\/\/e7552ege7qf.exactdn.com\/wp-content\/uploads\/2021\/07\/service-and-calibration-header.png?strip=all","width":916,"height":552,"caption":"service-and-calibration-header"},{"@type":"BreadcrumbList","@id":"https:\/\/ionscience.com\/it\/rilevatori-di-gas-e-di-fughe\/assistenza-clienti\/assistenza-e-calibrazione\/#breadcrumb","itemListElement":[{"@type":"ListItem","position":1,"name":"Casa","item":"https:\/\/ionscience.com\/it\/"},{"@type":"ListItem","position":2,"name":"Rilevatori di gas e di fughe","item":"https:\/\/ionscience.com\/it\/rilevatori-di-gas-e-di-fughe\/"},{"@type":"ListItem","position":3,"name":"Assistenza clienti","item":"https:\/\/ionscience.com\/it\/rilevatori-di-gas-e-di-fughe\/assistenza-clienti\/"},{"@type":"ListItem","position":4,"name":"Assistenza e calibrazione"}]},{"@type":"WebSite","@id":"https:\/\/ionscience.com\/en\/#website","url":"https:\/\/ionscience.com\/en\/","name":"Ion Science Italy","description":"Advanced gas detectors, PID\/VOC detectors, SF6 leak detectors, corrosion monitors, mercury vapour detectors","potentialAction":[{"@type":"SearchAction","target":{"@type":"EntryPoint","urlTemplate":"https:\/\/ionscience.com\/en\/?s={search_term_string}"},"query-input":{"@type":"PropertyValueSpecification","valueRequired":true,"valueName":"search_term_string"}}],"inLanguage":"it-IT"}]}},"_links":{"self":[{"href":"https:\/\/ionscience.com\/it\/wp-json\/wp\/v2\/pages\/208381","targetHints":{"allow":["GET"]}}],"collection":[{"href":"https:\/\/ionscience.com\/it\/wp-json\/wp\/v2\/pages"}],"about":[{"href":"https:\/\/ionscience.com\/it\/wp-json\/wp\/v2\/types\/page"}],"author":[{"embeddable":true,"href":"https:\/\/ionscience.com\/it\/wp-json\/wp\/v2\/users\/6"}],"replies":[{"embeddable":true,"href":"https:\/\/ionscience.com\/it\/wp-json\/wp\/v2\/comments?post=208381"}],"version-history":[{"count":0,"href":"https:\/\/ionscience.com\/it\/wp-json\/wp\/v2\/pages\/208381\/revisions"}],"up":[{"embeddable":true,"href":"https:\/\/ionscience.com\/it\/wp-json\/wp\/v2\/pages\/208317"}],"wp:featuredmedia":[{"embeddable":true,"href":"https:\/\/ionscience.com\/it\/wp-json\/wp\/v2\/media\/226023"}],"wp:attachment":[{"href":"https:\/\/ionscience.com\/it\/wp-json\/wp\/v2\/media?parent=208381"}],"curies":[{"name":"wp","href":"https:\/\/api.w.org\/{rel}","templated":true}]}}